{"id":746316,"date":"2025-03-03T20:48:05","date_gmt":"2025-03-03T19:48:05","guid":{"rendered":"https:\/\/stoic-curie.212-227-153-4.plesk.page\/producto\/carrinho-de-escota-de-genoa-antal-26x4\/"},"modified":"2026-02-25T00:27:38","modified_gmt":"2026-02-25T00:27:38","slug":"carrinho-de-escota-de-genoa-antal-26x4","status":"publish","type":"product","link":"https:\/\/stoic-curie.212-227-153-4.plesk.page\/pt\/product\/carrinho-de-escota-de-genoa-antal-26x4\/","title":{"rendered":"Carrinho de escota de Genoa Antal 26X4"},"content":{"rendered":"<p>Carrinho de escota de Genoa Antal 26X4 &#8211; <\/p>\n<p>Carro de alum\u00ednio preto polido com pino de parada de a\u00e7o inoxid\u00e1vel 316 e inser\u00e7\u00f5es deslizantes de nylon. Base girat\u00f3ria (\u00c2\u00b150\u00c2\u00b0) de a\u00e7o inoxid\u00e1vel 316 com polia.<\/p>\n","protected":false},"excerpt":{"rendered":"<p>Carrinho de escota de Genoa Antal 26X4 &#8211; Carro de alum\u00ednio preto polido com pino de parada de a\u00e7o inoxid\u00e1vel<\/p>\n","protected":false},"featured_media":5936784,"comment_status":"open","ping_status":"closed","template":"","meta":[],"product_brand":[2787],"product_cat":[2046],"product_tag":[],"class_list":{"0":"post-746316","1":"product","2":"type-product","3":"status-publish","4":"has-post-thumbnail","6":"product_brand-antal-pt","7":"product_cat-sistema-de-carrinho-para-genoa","9":"first","10":"instock","11":"shipping-taxable","12":"purchasable","13":"product-type-simple"},"_links":{"self":[{"href":"https:\/\/stoic-curie.212-227-153-4.plesk.page\/pt\/wp-json\/wp\/v2\/product\/746316","targetHints":{"allow":["GET"]}}],"collection":[{"href":"https:\/\/stoic-curie.212-227-153-4.plesk.page\/pt\/wp-json\/wp\/v2\/product"}],"about":[{"href":"https:\/\/stoic-curie.212-227-153-4.plesk.page\/pt\/wp-json\/wp\/v2\/types\/product"}],"replies":[{"embeddable":true,"href":"https:\/\/stoic-curie.212-227-153-4.plesk.page\/pt\/wp-json\/wp\/v2\/comments?post=746316"}],"version-history":[{"count":0,"href":"https:\/\/stoic-curie.212-227-153-4.plesk.page\/pt\/wp-json\/wp\/v2\/product\/746316\/revisions"}],"wp:featuredmedia":[{"embeddable":true,"href":"https:\/\/stoic-curie.212-227-153-4.plesk.page\/pt\/wp-json\/wp\/v2\/media\/5936784"}],"wp:attachment":[{"href":"https:\/\/stoic-curie.212-227-153-4.plesk.page\/pt\/wp-json\/wp\/v2\/media?parent=746316"}],"wp:term":[{"taxonomy":"product_brand","embeddable":true,"href":"https:\/\/stoic-curie.212-227-153-4.plesk.page\/pt\/wp-json\/wp\/v2\/product_brand?post=746316"},{"taxonomy":"product_cat","embeddable":true,"href":"https:\/\/stoic-curie.212-227-153-4.plesk.page\/pt\/wp-json\/wp\/v2\/product_cat?post=746316"},{"taxonomy":"product_tag","embeddable":true,"href":"https:\/\/stoic-curie.212-227-153-4.plesk.page\/pt\/wp-json\/wp\/v2\/product_tag?post=746316"}],"curies":[{"name":"wp","href":"https:\/\/api.w.org\/{rel}","templated":true}]}}