{"id":746317,"date":"2025-03-03T20:48:06","date_gmt":"2025-03-03T19:48:06","guid":{"rendered":"https:\/\/stoic-curie.212-227-153-4.plesk.page\/producto\/carrinho-de-escota-de-genoa-antal-32x6\/"},"modified":"2026-02-25T00:27:38","modified_gmt":"2026-02-25T00:27:38","slug":"carrinho-de-escota-de-genoa-antal-32x6","status":"publish","type":"product","link":"https:\/\/stoic-curie.212-227-153-4.plesk.page\/pt\/product\/carrinho-de-escota-de-genoa-antal-32x6\/","title":{"rendered":"Carrinho de escota de Genoa Antal 32X6"},"content":{"rendered":"<p>Carrinho de escota de Genoa Antal 32X6 &#8211; <\/p>\n<p>Carrinho de alum\u00ednio preto polido com inserts deslizantes de nylon de baixa fric\u00e7\u00e3o. Base girat\u00f3ria (\u00c2\u00b150\u00c2\u00b0) de polia de a\u00e7o inoxid\u00e1vel 316. Polia de resina com 2 rolamentos de esferas laterais (autocapturantes), se\u00e7\u00e3o larga para duas cordas. Pino de a\u00e7o inoxid\u00e1vel 316 com posi\u00e7\u00e3o de travamento. Becket frontal. Carga de trabalho (SWL) de 2800 kg. Trilho em T com furos espa\u00e7ados a 100 mm. Alum\u00ednio anodizado de alta resist\u00eancia. Montagem com parafusos de 6 mm.<\/p>\n","protected":false},"excerpt":{"rendered":"<p>Carrinho de escota de Genoa Antal 32X6 &#8211; Carrinho de alum\u00ednio preto polido com inserts deslizantes de nylon de baixa<\/p>\n","protected":false},"featured_media":5936784,"comment_status":"open","ping_status":"closed","template":"","meta":[],"product_brand":[2787],"product_cat":[2046],"product_tag":[],"class_list":{"0":"post-746317","1":"product","2":"type-product","3":"status-publish","4":"has-post-thumbnail","6":"product_brand-antal-pt","7":"product_cat-sistema-de-carrinho-para-genoa","9":"first","10":"instock","11":"shipping-taxable","12":"purchasable","13":"product-type-simple"},"_links":{"self":[{"href":"https:\/\/stoic-curie.212-227-153-4.plesk.page\/pt\/wp-json\/wp\/v2\/product\/746317","targetHints":{"allow":["GET"]}}],"collection":[{"href":"https:\/\/stoic-curie.212-227-153-4.plesk.page\/pt\/wp-json\/wp\/v2\/product"}],"about":[{"href":"https:\/\/stoic-curie.212-227-153-4.plesk.page\/pt\/wp-json\/wp\/v2\/types\/product"}],"replies":[{"embeddable":true,"href":"https:\/\/stoic-curie.212-227-153-4.plesk.page\/pt\/wp-json\/wp\/v2\/comments?post=746317"}],"version-history":[{"count":0,"href":"https:\/\/stoic-curie.212-227-153-4.plesk.page\/pt\/wp-json\/wp\/v2\/product\/746317\/revisions"}],"wp:featuredmedia":[{"embeddable":true,"href":"https:\/\/stoic-curie.212-227-153-4.plesk.page\/pt\/wp-json\/wp\/v2\/media\/5936784"}],"wp:attachment":[{"href":"https:\/\/stoic-curie.212-227-153-4.plesk.page\/pt\/wp-json\/wp\/v2\/media?parent=746317"}],"wp:term":[{"taxonomy":"product_brand","embeddable":true,"href":"https:\/\/stoic-curie.212-227-153-4.plesk.page\/pt\/wp-json\/wp\/v2\/product_brand?post=746317"},{"taxonomy":"product_cat","embeddable":true,"href":"https:\/\/stoic-curie.212-227-153-4.plesk.page\/pt\/wp-json\/wp\/v2\/product_cat?post=746317"},{"taxonomy":"product_tag","embeddable":true,"href":"https:\/\/stoic-curie.212-227-153-4.plesk.page\/pt\/wp-json\/wp\/v2\/product_tag?post=746317"}],"curies":[{"name":"wp","href":"https:\/\/api.w.org\/{rel}","templated":true}]}}