{"id":746321,"date":"2025-03-03T20:48:07","date_gmt":"2025-03-03T19:48:07","guid":{"rendered":"https:\/\/stoic-curie.212-227-153-4.plesk.page\/producto\/moitao-com-abertura-antal-40mm-for-12mm-lines\/"},"modified":"2026-02-25T00:27:38","modified_gmt":"2026-02-25T00:27:38","slug":"moitao-com-abertura-antal-40mm-for-12mm-lines","status":"publish","type":"product","link":"https:\/\/stoic-curie.212-227-153-4.plesk.page\/pt\/product\/moitao-com-abertura-antal-40mm-for-12mm-lines\/","title":{"rendered":"Moit\u00e3o com abertura Antal 40mm for 12mm lines"},"content":{"rendered":"<p>Moit\u00e3o com abertura Antal 40mm for 12mm lines &#8211; <\/p>\n<p>A placa lateral gira em torno do eixo da polia, permitindo que o bloco se abra; uma bola de seguran\u00e7a impede que o bloco se abra e um parafuso ajust\u00e1vel permite fixar a bola na posi\u00e7\u00e3o bloqueada. Existe um becket para a &#8220;linha pendente&#8221;. Material: polia com rolamento principal de fibra composta e rolamento de bolas duplo. Placas laterais de alum\u00ednio anodizado duro e revestidas de teflon com prote\u00e7\u00f5es em borracha laterais (borracha amarela na placa lateral girat\u00f3ria).<\/p>\n","protected":false},"excerpt":{"rendered":"<p>Moit\u00e3o com abertura Antal 40mm for 12mm lines &#8211; A placa lateral gira em torno do eixo da polia, permitindo<\/p>\n","protected":false},"featured_media":5936791,"comment_status":"open","ping_status":"closed","template":"","meta":[],"product_brand":[2787],"product_cat":[2049],"product_tag":[],"class_list":{"0":"post-746321","1":"product","2":"type-product","3":"status-publish","4":"has-post-thumbnail","6":"product_brand-antal-pt","7":"product_cat-moitoes-antal","9":"first","10":"instock","11":"shipping-taxable","12":"purchasable","13":"product-type-simple"},"_links":{"self":[{"href":"https:\/\/stoic-curie.212-227-153-4.plesk.page\/pt\/wp-json\/wp\/v2\/product\/746321","targetHints":{"allow":["GET"]}}],"collection":[{"href":"https:\/\/stoic-curie.212-227-153-4.plesk.page\/pt\/wp-json\/wp\/v2\/product"}],"about":[{"href":"https:\/\/stoic-curie.212-227-153-4.plesk.page\/pt\/wp-json\/wp\/v2\/types\/product"}],"replies":[{"embeddable":true,"href":"https:\/\/stoic-curie.212-227-153-4.plesk.page\/pt\/wp-json\/wp\/v2\/comments?post=746321"}],"version-history":[{"count":0,"href":"https:\/\/stoic-curie.212-227-153-4.plesk.page\/pt\/wp-json\/wp\/v2\/product\/746321\/revisions"}],"wp:featuredmedia":[{"embeddable":true,"href":"https:\/\/stoic-curie.212-227-153-4.plesk.page\/pt\/wp-json\/wp\/v2\/media\/5936791"}],"wp:attachment":[{"href":"https:\/\/stoic-curie.212-227-153-4.plesk.page\/pt\/wp-json\/wp\/v2\/media?parent=746321"}],"wp:term":[{"taxonomy":"product_brand","embeddable":true,"href":"https:\/\/stoic-curie.212-227-153-4.plesk.page\/pt\/wp-json\/wp\/v2\/product_brand?post=746321"},{"taxonomy":"product_cat","embeddable":true,"href":"https:\/\/stoic-curie.212-227-153-4.plesk.page\/pt\/wp-json\/wp\/v2\/product_cat?post=746321"},{"taxonomy":"product_tag","embeddable":true,"href":"https:\/\/stoic-curie.212-227-153-4.plesk.page\/pt\/wp-json\/wp\/v2\/product_tag?post=746321"}],"curies":[{"name":"wp","href":"https:\/\/api.w.org\/{rel}","templated":true}]}}