{"id":746323,"date":"2025-03-03T20:48:08","date_gmt":"2025-03-03T19:48:08","guid":{"rendered":"https:\/\/stoic-curie.212-227-153-4.plesk.page\/producto\/mordedor-em-v-simples-antal-814-10mm\/"},"modified":"2026-02-25T00:27:38","modified_gmt":"2026-02-25T00:27:38","slug":"mordedor-em-v-simples-antal-814-10mm","status":"publish","type":"product","link":"https:\/\/stoic-curie.212-227-153-4.plesk.page\/pt\/product\/mordedor-em-v-simples-antal-814-10mm\/","title":{"rendered":"Mordedor em V simples Antal 814 10mm"},"content":{"rendered":"<p>Mordedor em V simples Antal 814 10mm &#8211; <\/p>\n<p>O bloqueador Antal V-CAM 814 oferece maior poder de reten\u00e7\u00e3o e n\u00e3o causa danos na cobertura da linha. Perfeito para linhas compostas como Kevlar, Vectran e Spectra. Excelente para poli\u00e9ster. Estojo de resina refor\u00e7ada com a\u00e7o, resistente a UV, base de alum\u00ednio, V-CAM de a\u00e7o e bucha de alinhamento. Pode ser totalmente desmontado para manuten\u00e7\u00e3o e repara\u00e7\u00e3o simples. A recupera\u00e7\u00e3o da linha pode ser feita com a alavanca fechada e pode ser bloqueada automaticamente na nova posi\u00e7\u00e3o.<\/p>\n","protected":false},"excerpt":{"rendered":"<p>Mordedor em V simples Antal 814 10mm &#8211; O bloqueador Antal V-CAM 814 oferece maior poder de reten\u00e7\u00e3o e n\u00e3o<\/p>\n","protected":false},"featured_media":5936794,"comment_status":"open","ping_status":"closed","template":"","meta":[],"product_brand":[2787],"product_cat":[2059],"product_tag":[],"class_list":{"0":"post-746323","1":"product","2":"type-product","3":"status-publish","4":"has-post-thumbnail","6":"product_brand-antal-pt","7":"product_cat-mordedores","9":"first","10":"instock","11":"shipping-taxable","12":"purchasable","13":"product-type-simple"},"_links":{"self":[{"href":"https:\/\/stoic-curie.212-227-153-4.plesk.page\/pt\/wp-json\/wp\/v2\/product\/746323","targetHints":{"allow":["GET"]}}],"collection":[{"href":"https:\/\/stoic-curie.212-227-153-4.plesk.page\/pt\/wp-json\/wp\/v2\/product"}],"about":[{"href":"https:\/\/stoic-curie.212-227-153-4.plesk.page\/pt\/wp-json\/wp\/v2\/types\/product"}],"replies":[{"embeddable":true,"href":"https:\/\/stoic-curie.212-227-153-4.plesk.page\/pt\/wp-json\/wp\/v2\/comments?post=746323"}],"version-history":[{"count":0,"href":"https:\/\/stoic-curie.212-227-153-4.plesk.page\/pt\/wp-json\/wp\/v2\/product\/746323\/revisions"}],"wp:featuredmedia":[{"embeddable":true,"href":"https:\/\/stoic-curie.212-227-153-4.plesk.page\/pt\/wp-json\/wp\/v2\/media\/5936794"}],"wp:attachment":[{"href":"https:\/\/stoic-curie.212-227-153-4.plesk.page\/pt\/wp-json\/wp\/v2\/media?parent=746323"}],"wp:term":[{"taxonomy":"product_brand","embeddable":true,"href":"https:\/\/stoic-curie.212-227-153-4.plesk.page\/pt\/wp-json\/wp\/v2\/product_brand?post=746323"},{"taxonomy":"product_cat","embeddable":true,"href":"https:\/\/stoic-curie.212-227-153-4.plesk.page\/pt\/wp-json\/wp\/v2\/product_cat?post=746323"},{"taxonomy":"product_tag","embeddable":true,"href":"https:\/\/stoic-curie.212-227-153-4.plesk.page\/pt\/wp-json\/wp\/v2\/product_tag?post=746323"}],"curies":[{"name":"wp","href":"https:\/\/api.w.org\/{rel}","templated":true}]}}