{"id":746332,"date":"2025-03-03T20:48:12","date_gmt":"2025-03-03T19:48:12","guid":{"rendered":"https:\/\/stoic-curie.212-227-153-4.plesk.page\/producto\/projetor-led-encastre-de-aco-inoxidavel-quick-miriam-12-24v-77mm-luz-do-dia-4000-kgraus\/"},"modified":"2026-02-25T00:27:38","modified_gmt":"2026-02-25T00:27:38","slug":"projetor-led-encastre-de-aco-inoxidavel-quick-miriam-12-24v-77mm-luz-do-dia-4000-kgraus","status":"publish","type":"product","link":"https:\/\/stoic-curie.212-227-153-4.plesk.page\/pt\/product\/projetor-led-encastre-de-aco-inoxidavel-quick-miriam-12-24v-77mm-luz-do-dia-4000-kgraus\/","title":{"rendered":"Projetor LED encastre de a\u00e7o inoxid\u00e1vel Quick Miriam 12-24v 77mm ( Luz do dia 4000 Kgraus)"},"content":{"rendered":"<p>Projetor LED encastre de a\u00e7o inoxid\u00e1vel Quick Miriam 12-24v 77mm ( Luz do dia 4000 Kgraus) &#8211; <\/p>\n<p>Spot LED de 2W IP40 para interiores com aro de a\u00e7o inoxid\u00e1vel 316. Montagem embutida com molas. Tens\u00e3o universal de 9-32V com LED dimm\u00e1vel protegido contra picos e invers\u00f5es.<\/p>\n","protected":false},"excerpt":{"rendered":"<p>Projetor LED encastre de a\u00e7o inoxid\u00e1vel Quick Miriam 12-24v 77mm ( Luz do dia 4000 Kgraus) &#8211; Spot LED de<\/p>\n","protected":false},"featured_media":5936804,"comment_status":"open","ping_status":"closed","template":"","meta":[],"product_brand":[2200,3282],"product_cat":[2026],"product_tag":[],"class_list":{"0":"post-746332","1":"product","2":"type-product","3":"status-publish","4":"has-post-thumbnail","6":"product_brand-quick","7":"product_brand-quick-pt","8":"product_cat-iluminacao","10":"first","11":"instock","12":"shipping-taxable","13":"purchasable","14":"product-type-simple"},"_links":{"self":[{"href":"https:\/\/stoic-curie.212-227-153-4.plesk.page\/pt\/wp-json\/wp\/v2\/product\/746332","targetHints":{"allow":["GET"]}}],"collection":[{"href":"https:\/\/stoic-curie.212-227-153-4.plesk.page\/pt\/wp-json\/wp\/v2\/product"}],"about":[{"href":"https:\/\/stoic-curie.212-227-153-4.plesk.page\/pt\/wp-json\/wp\/v2\/types\/product"}],"replies":[{"embeddable":true,"href":"https:\/\/stoic-curie.212-227-153-4.plesk.page\/pt\/wp-json\/wp\/v2\/comments?post=746332"}],"version-history":[{"count":0,"href":"https:\/\/stoic-curie.212-227-153-4.plesk.page\/pt\/wp-json\/wp\/v2\/product\/746332\/revisions"}],"wp:featuredmedia":[{"embeddable":true,"href":"https:\/\/stoic-curie.212-227-153-4.plesk.page\/pt\/wp-json\/wp\/v2\/media\/5936804"}],"wp:attachment":[{"href":"https:\/\/stoic-curie.212-227-153-4.plesk.page\/pt\/wp-json\/wp\/v2\/media?parent=746332"}],"wp:term":[{"taxonomy":"product_brand","embeddable":true,"href":"https:\/\/stoic-curie.212-227-153-4.plesk.page\/pt\/wp-json\/wp\/v2\/product_brand?post=746332"},{"taxonomy":"product_cat","embeddable":true,"href":"https:\/\/stoic-curie.212-227-153-4.plesk.page\/pt\/wp-json\/wp\/v2\/product_cat?post=746332"},{"taxonomy":"product_tag","embeddable":true,"href":"https:\/\/stoic-curie.212-227-153-4.plesk.page\/pt\/wp-json\/wp\/v2\/product_tag?post=746332"}],"curies":[{"name":"wp","href":"https:\/\/api.w.org\/{rel}","templated":true}]}}