{"id":746336,"date":"2025-03-03T20:48:13","date_gmt":"2025-03-03T19:48:13","guid":{"rendered":"https:\/\/stoic-curie.212-227-153-4.plesk.page\/producto\/eixo-da-helice-de-aco-inoxidavel-25mm-x-180cm\/"},"modified":"2026-02-25T00:27:38","modified_gmt":"2026-02-25T00:27:38","slug":"eixo-da-helice-de-aco-inoxidavel-25mm-x-180cm","status":"publish","type":"product","link":"https:\/\/stoic-curie.212-227-153-4.plesk.page\/pt\/product\/eixo-da-helice-de-aco-inoxidavel-25mm-x-180cm\/","title":{"rendered":"Eixo de a\u00e7o inoxid\u00e1vel 25mm x 180cm"},"content":{"rendered":"<p>Eixo de a\u00e7o inoxid\u00e1vel 25mm x 180cm &#8211; <\/p>\n<p>Os Eixos de H\u00e9lice Exalto s\u00e3o fabricados em a\u00e7o inoxid\u00e1vel duplex premium 1.4462, proporcionando durabilidade e resist\u00eancia \u00e0 corros\u00e3o, tornando-se uma excelente op\u00e7\u00e3o para sistemas de propuls\u00e3o marinha. Cada eixo \u00e9 precisamente usinado e vem com todos os componentes essenciais, incluindo uma chave, arruela de bloqueio e uma porca de ajuste que inclui um \u00e2nodo embutido para melhor prote\u00e7\u00e3o. O cone 1:10 est\u00e1 em conformidade com os padr\u00f5es ISO 4566, garantindo desempenho confi\u00e1vel mesmo em condi\u00e7\u00f5es desafiadoras.<\/p>\n<p>Este eixo de h\u00e9lice est\u00e1 dispon\u00edvel em v\u00e1rios di\u00e2metros e comprimentos, como 25mm, 30mm, 35mm e 40mm, com comprimentos variando de 1200mm a 2000mm. Essa variedade permite que voc\u00ea escolha a op\u00e7\u00e3o ideal para o seu barco. Al\u00e9m disso, se voc\u00ea precisar de uma solu\u00e7\u00e3o personalizada, podemos produzir eixos com diferentes cones ou extremidades duplas especificamente projetadas para atender suas necessidades.<\/p>\n<p>Com seu design robusto e f\u00e1cil instala\u00e7\u00e3o, o eixo de h\u00e9lice Exalto \u00e9 uma excelente op\u00e7\u00e3o para propuls\u00e3o marinha. \u00c9 especialmente adequado para propriet\u00e1rios de iates que buscam um componente confi\u00e1vel e de alta qualidade para o sistema de propuls\u00e3o de seus barcos.<\/p>\n<p><strong>Caracter\u00edsticas Principais:<\/strong><\/p>\n<ul>\n<li><strong>Material:<\/strong> Fabricado em a\u00e7o inoxid\u00e1vel duplex 1.4462 para resist\u00eancia \u00e0 corros\u00e3o e resist\u00eancia excepcionais.<\/li>\n<li><strong>Usinagem de Precis\u00e3o:<\/strong> Totalmente usinado com toler\u00e2ncias de alta qualidade para garantir desempenho ideal e longevidade.<\/li>\n<li><strong>Cone ISO 4566:<\/strong> Cone 1:10 que atende aos padr\u00f5es internacionais para maior confiabilidade.<\/li>\n<li><strong>Pacote Completo:<\/strong> Vem com uma chave, arruela de bloqueio e porca de ajuste com um \u00e2nodo integrado para f\u00e1cil instala\u00e7\u00e3o e prote\u00e7\u00e3o extra.<\/li>\n<li><strong>Durabilidade:<\/strong> Projetado para uso prolongado, tornando-se uma escolha excelente para embarca\u00e7\u00f5es recreativas e comerciais.<\/li>\n<\/ul>\n","protected":false},"excerpt":{"rendered":"<p>Eixo de a\u00e7o inoxid\u00e1vel 25mm x 180cm &#8211; Os Eixos de H\u00e9lice Exalto s\u00e3o fabricados em a\u00e7o inoxid\u00e1vel duplex premium<\/p>\n","protected":false},"featured_media":5936807,"comment_status":"open","ping_status":"closed","template":"","meta":[],"product_brand":[2932],"product_cat":[2073],"product_tag":[],"class_list":{"0":"post-746336","1":"product","2":"type-product","3":"status-publish","4":"has-post-thumbnail","6":"product_brand-exalto-marine-pt","7":"product_cat-veios-de-helice","9":"first","10":"instock","11":"shipping-taxable","12":"purchasable","13":"product-type-simple"},"_links":{"self":[{"href":"https:\/\/stoic-curie.212-227-153-4.plesk.page\/pt\/wp-json\/wp\/v2\/product\/746336","targetHints":{"allow":["GET"]}}],"collection":[{"href":"https:\/\/stoic-curie.212-227-153-4.plesk.page\/pt\/wp-json\/wp\/v2\/product"}],"about":[{"href":"https:\/\/stoic-curie.212-227-153-4.plesk.page\/pt\/wp-json\/wp\/v2\/types\/product"}],"replies":[{"embeddable":true,"href":"https:\/\/stoic-curie.212-227-153-4.plesk.page\/pt\/wp-json\/wp\/v2\/comments?post=746336"}],"version-history":[{"count":0,"href":"https:\/\/stoic-curie.212-227-153-4.plesk.page\/pt\/wp-json\/wp\/v2\/product\/746336\/revisions"}],"wp:featuredmedia":[{"embeddable":true,"href":"https:\/\/stoic-curie.212-227-153-4.plesk.page\/pt\/wp-json\/wp\/v2\/media\/5936807"}],"wp:attachment":[{"href":"https:\/\/stoic-curie.212-227-153-4.plesk.page\/pt\/wp-json\/wp\/v2\/media?parent=746336"}],"wp:term":[{"taxonomy":"product_brand","embeddable":true,"href":"https:\/\/stoic-curie.212-227-153-4.plesk.page\/pt\/wp-json\/wp\/v2\/product_brand?post=746336"},{"taxonomy":"product_cat","embeddable":true,"href":"https:\/\/stoic-curie.212-227-153-4.plesk.page\/pt\/wp-json\/wp\/v2\/product_cat?post=746336"},{"taxonomy":"product_tag","embeddable":true,"href":"https:\/\/stoic-curie.212-227-153-4.plesk.page\/pt\/wp-json\/wp\/v2\/product_tag?post=746336"}],"curies":[{"name":"wp","href":"https:\/\/api.w.org\/{rel}","templated":true}]}}