{"id":746344,"date":"2025-03-03T20:48:16","date_gmt":"2025-03-03T19:48:16","guid":{"rendered":"https:\/\/stoic-curie.212-227-153-4.plesk.page\/producto\/eixo-da-helice-de-aco-inoxidavel-30mm-x-200cm\/"},"modified":"2026-02-25T00:27:38","modified_gmt":"2026-02-25T00:27:38","slug":"eixo-da-helice-de-aco-inoxidavel-30mm-x-200cm","status":"publish","type":"product","link":"https:\/\/stoic-curie.212-227-153-4.plesk.page\/pt\/product\/eixo-da-helice-de-aco-inoxidavel-30mm-x-200cm\/","title":{"rendered":"Eixo de a\u00e7o inoxid\u00e1vel 30mm x 200cm"},"content":{"rendered":"<p>Eixo de a\u00e7o inoxid\u00e1vel 30mm x 200cm &#8211; <\/p>\n<p>Ol\u00e1! Se voc\u00ea est\u00e1 procurando um eixo de h\u00e9lice que realmente se destaque, confira nossas op\u00e7\u00f5es em A\u00e7o Inoxid\u00e1vel Duplex. Eles s\u00e3o super fortes e resistem \u00e0 corros\u00e3o muito mais do que o AISI 316-A4 padr\u00e3o. Cada eixo passa por um cuidadoso processo de desenho e moagem, e eles v\u00eam com usinagem c\u00f4nica e um rasgo. Uma extremidade tem uma inclina\u00e7\u00e3o de 1:10, al\u00e9m de um rasgo, tornando-o muito pr\u00e1tico. Utilizamos A\u00e7o Inoxid\u00e1vel Duplex F51, que \u00e9 mais forte que o A\u00e7o Inoxid\u00e1vel 316, permitindo que voc\u00ea use um tamanho de eixo menor e um equipamento de popa.<\/p>\n<p>O Eixo de H\u00e9lice Exalto \u00e9 feito de a\u00e7o inoxid\u00e1vel duplex 1.4462 de alta qualidade, o que significa que \u00e9 resistente e n\u00e3o enferruja facilmente \u2014 perfeito para sistemas de propuls\u00e3o marinha. Cada eixo \u00e9 usinado com precis\u00e3o e vem com todas as pe\u00e7as necess\u00e1rias, como um chave, arruela de bloqueio e porca de cobertura com um \u00e2nodo integrado para prote\u00e7\u00e3o extra. A inclina\u00e7\u00e3o de 1:10 atende aos padr\u00f5es ISO 4566, garantindo que seja confi\u00e1vel e tenha um bom desempenho, mesmo em condi\u00e7\u00f5es severas.<\/p>\n<p>Voc\u00ea pode obter este eixo de h\u00e9lice em diferentes di\u00e2metros e comprimentos, como 25mm, 30mm, 35mm e 40mm, com comprimentos de 1200mm a 2000mm. Dessa forma, voc\u00ea pode encontrar o ajuste perfeito para o seu barco. Al\u00e9m disso, se precisar de algo especial, podemos fabricar eixos personalizados com diferentes inclina\u00e7\u00f5es ou extremidades duplas apenas para voc\u00ea.<\/p>\n<p>Com sua constru\u00e7\u00e3o s\u00f3lida e instala\u00e7\u00e3o f\u00e1cil, o eixo de h\u00e9lice Exalto \u00e9 uma excelente escolha para a propuls\u00e3o marinha. \u00c9 perfeito para propriet\u00e1rios de iates que desejam uma pe\u00e7a confi\u00e1vel e de alta qualidade para o sistema de propuls\u00e3o de seus barcos.<\/p>\n<p><strong>Destaques:<\/strong><\/p>\n<ul>\n<li><strong>Material:<\/strong> Feito de a\u00e7o inoxid\u00e1vel duplex 1.4462 para uma resist\u00eancia \u00e0 corros\u00e3o e for\u00e7a incr\u00edveis.<\/li>\n<li><strong>Usinagem de Precis\u00e3o:<\/strong> Totalmente usinado com toler\u00e2ncias de alta qualidade para desempenho e durabilidade superiores.<\/li>\n<li><strong>Inclina\u00e7\u00e3o ISO 4566:<\/strong> Inclina\u00e7\u00e3o de 1:10 que atende aos padr\u00f5es internacionais para maior confiabilidade.<\/li>\n<li><strong>Pacote Completo:<\/strong> Vem com uma chave, arruela de bloqueio e porca de cobertura com \u00e2nodo integrado para f\u00e1cil instala\u00e7\u00e3o e prote\u00e7\u00e3o adicional.<\/li>\n<li><strong>Durabilidade:<\/strong> Constru\u00eddo para durar, tornando-o uma \u00f3tima escolha para embarca\u00e7\u00f5es recreativas e comerciais.<\/li>\n<\/ul>\n","protected":false},"excerpt":{"rendered":"<p>Eixo de a\u00e7o inoxid\u00e1vel 30mm x 200cm &#8211; Ol\u00e1! Se voc\u00ea est\u00e1 procurando um eixo de h\u00e9lice que realmente se<\/p>\n","protected":false},"featured_media":5936807,"comment_status":"open","ping_status":"closed","template":"","meta":[],"product_brand":[2932],"product_cat":[2073],"product_tag":[],"class_list":{"0":"post-746344","1":"product","2":"type-product","3":"status-publish","4":"has-post-thumbnail","6":"product_brand-exalto-marine-pt","7":"product_cat-veios-de-helice","9":"first","10":"instock","11":"shipping-taxable","12":"purchasable","13":"product-type-simple"},"_links":{"self":[{"href":"https:\/\/stoic-curie.212-227-153-4.plesk.page\/pt\/wp-json\/wp\/v2\/product\/746344","targetHints":{"allow":["GET"]}}],"collection":[{"href":"https:\/\/stoic-curie.212-227-153-4.plesk.page\/pt\/wp-json\/wp\/v2\/product"}],"about":[{"href":"https:\/\/stoic-curie.212-227-153-4.plesk.page\/pt\/wp-json\/wp\/v2\/types\/product"}],"replies":[{"embeddable":true,"href":"https:\/\/stoic-curie.212-227-153-4.plesk.page\/pt\/wp-json\/wp\/v2\/comments?post=746344"}],"version-history":[{"count":0,"href":"https:\/\/stoic-curie.212-227-153-4.plesk.page\/pt\/wp-json\/wp\/v2\/product\/746344\/revisions"}],"wp:featuredmedia":[{"embeddable":true,"href":"https:\/\/stoic-curie.212-227-153-4.plesk.page\/pt\/wp-json\/wp\/v2\/media\/5936807"}],"wp:attachment":[{"href":"https:\/\/stoic-curie.212-227-153-4.plesk.page\/pt\/wp-json\/wp\/v2\/media?parent=746344"}],"wp:term":[{"taxonomy":"product_brand","embeddable":true,"href":"https:\/\/stoic-curie.212-227-153-4.plesk.page\/pt\/wp-json\/wp\/v2\/product_brand?post=746344"},{"taxonomy":"product_cat","embeddable":true,"href":"https:\/\/stoic-curie.212-227-153-4.plesk.page\/pt\/wp-json\/wp\/v2\/product_cat?post=746344"},{"taxonomy":"product_tag","embeddable":true,"href":"https:\/\/stoic-curie.212-227-153-4.plesk.page\/pt\/wp-json\/wp\/v2\/product_tag?post=746344"}],"curies":[{"name":"wp","href":"https:\/\/api.w.org\/{rel}","templated":true}]}}