{"id":746361,"date":"2025-03-03T20:48:21","date_gmt":"2025-03-03T19:48:21","guid":{"rendered":"https:\/\/stoic-curie.212-227-153-4.plesk.page\/producto\/cunho-aco-inoxidavel-silver-200mm\/"},"modified":"2026-02-25T00:27:39","modified_gmt":"2026-02-25T00:27:39","slug":"cunho-aco-inoxidavel-silver-200mm","status":"publish","type":"product","link":"https:\/\/stoic-curie.212-227-153-4.plesk.page\/pt\/product\/cunho-aco-inoxidavel-silver-200mm\/","title":{"rendered":"Cunho a\u00e7o inoxid\u00e1vel &#8221; Silver&#8221; 200mm"},"content":{"rendered":"<p>Cunho a\u00e7o inoxid\u00e1vel &#8221; Silver&#8221; 200mm &#8211; <\/p>\n<p>Cleat em forma de port\u00e3o, polido em espelho em a\u00e7o inoxid\u00e1vel 316. 2 orif\u00edcios de parafuso m\u00e9tricos ocultos e base oca.<\/p>\n","protected":false},"excerpt":{"rendered":"<p>Cunho a\u00e7o inoxid\u00e1vel &#8221; Silver&#8221; 200mm &#8211; Cleat em forma de port\u00e3o, polido em espelho em a\u00e7o inoxid\u00e1vel 316. 2<\/p>\n","protected":false},"featured_media":5936828,"comment_status":"open","ping_status":"closed","template":"","meta":[],"product_brand":[3122],"product_cat":[1991],"product_tag":[],"class_list":{"0":"post-746361","1":"product","2":"type-product","3":"status-publish","4":"has-post-thumbnail","6":"product_brand-marinetech-pt","7":"product_cat-cunhos","9":"first","10":"instock","11":"shipping-taxable","12":"purchasable","13":"product-type-simple"},"_links":{"self":[{"href":"https:\/\/stoic-curie.212-227-153-4.plesk.page\/pt\/wp-json\/wp\/v2\/product\/746361","targetHints":{"allow":["GET"]}}],"collection":[{"href":"https:\/\/stoic-curie.212-227-153-4.plesk.page\/pt\/wp-json\/wp\/v2\/product"}],"about":[{"href":"https:\/\/stoic-curie.212-227-153-4.plesk.page\/pt\/wp-json\/wp\/v2\/types\/product"}],"replies":[{"embeddable":true,"href":"https:\/\/stoic-curie.212-227-153-4.plesk.page\/pt\/wp-json\/wp\/v2\/comments?post=746361"}],"version-history":[{"count":0,"href":"https:\/\/stoic-curie.212-227-153-4.plesk.page\/pt\/wp-json\/wp\/v2\/product\/746361\/revisions"}],"wp:featuredmedia":[{"embeddable":true,"href":"https:\/\/stoic-curie.212-227-153-4.plesk.page\/pt\/wp-json\/wp\/v2\/media\/5936828"}],"wp:attachment":[{"href":"https:\/\/stoic-curie.212-227-153-4.plesk.page\/pt\/wp-json\/wp\/v2\/media?parent=746361"}],"wp:term":[{"taxonomy":"product_brand","embeddable":true,"href":"https:\/\/stoic-curie.212-227-153-4.plesk.page\/pt\/wp-json\/wp\/v2\/product_brand?post=746361"},{"taxonomy":"product_cat","embeddable":true,"href":"https:\/\/stoic-curie.212-227-153-4.plesk.page\/pt\/wp-json\/wp\/v2\/product_cat?post=746361"},{"taxonomy":"product_tag","embeddable":true,"href":"https:\/\/stoic-curie.212-227-153-4.plesk.page\/pt\/wp-json\/wp\/v2\/product_tag?post=746361"}],"curies":[{"name":"wp","href":"https:\/\/api.w.org\/{rel}","templated":true}]}}