{"id":746365,"date":"2025-03-03T20:48:22","date_gmt":"2025-03-03T19:48:22","guid":{"rendered":"https:\/\/stoic-curie.212-227-153-4.plesk.page\/producto\/limpadores-de-para-brisas-mtm-w40hd-12-v\/"},"modified":"2026-02-25T00:27:39","modified_gmt":"2026-02-25T00:27:39","slug":"limpadores-de-para-brisas-mtm-w40hd-12-v","status":"publish","type":"product","link":"https:\/\/stoic-curie.212-227-153-4.plesk.page\/pt\/product\/limpadores-de-para-brisas-mtm-w40hd-12-v\/","title":{"rendered":"Limpadores de para-brisas MTM W40hd 12 v"},"content":{"rendered":"<p>Limpadores de para-brisas MTM W40hd 12 v &#8211; <\/p>\n<p>Limpa p\u00e1ra-brisas W40 HD para barcos de m\u00e9dio a grande porte. Motor estanque de 35 Nm com 2 velocidades (lento 30 varreduras\/minuto e r\u00e1pido 45 varreduras\/minuto), \u00e2ngulo de varredura de 70\u00b0 e estacionamento autom\u00e1tico esquerdo. Mecanismo n\u00e3o embalado para f\u00e1cil lubrifica\u00e7\u00e3o. Comprimento efetivo do eixo roscado de 60 mm com conex\u00e3o c\u00f4nica estriada de 9-7 mm de di\u00e2metro. Para ser completado com bra\u00e7o do limpador pant\u00f3grafo e l\u00e2mina de a\u00e7o inoxid\u00e1vel.<\/p>\n","protected":false},"excerpt":{"rendered":"<p>Limpadores de para-brisas MTM W40hd 12 v &#8211; Limpa p\u00e1ra-brisas W40 HD para barcos de m\u00e9dio a grande porte. Motor<\/p>\n","protected":false},"featured_media":5936831,"comment_status":"open","ping_status":"closed","template":"","meta":[],"product_brand":[3237],"product_cat":[2022],"product_tag":[],"class_list":{"0":"post-746365","1":"product","2":"type-product","3":"status-publish","4":"has-post-thumbnail","6":"product_brand-osculati-pt","7":"product_cat-limpa-para-brisas","9":"first","10":"instock","11":"shipping-taxable","12":"purchasable","13":"product-type-simple"},"_links":{"self":[{"href":"https:\/\/stoic-curie.212-227-153-4.plesk.page\/pt\/wp-json\/wp\/v2\/product\/746365","targetHints":{"allow":["GET"]}}],"collection":[{"href":"https:\/\/stoic-curie.212-227-153-4.plesk.page\/pt\/wp-json\/wp\/v2\/product"}],"about":[{"href":"https:\/\/stoic-curie.212-227-153-4.plesk.page\/pt\/wp-json\/wp\/v2\/types\/product"}],"replies":[{"embeddable":true,"href":"https:\/\/stoic-curie.212-227-153-4.plesk.page\/pt\/wp-json\/wp\/v2\/comments?post=746365"}],"version-history":[{"count":0,"href":"https:\/\/stoic-curie.212-227-153-4.plesk.page\/pt\/wp-json\/wp\/v2\/product\/746365\/revisions"}],"wp:featuredmedia":[{"embeddable":true,"href":"https:\/\/stoic-curie.212-227-153-4.plesk.page\/pt\/wp-json\/wp\/v2\/media\/5936831"}],"wp:attachment":[{"href":"https:\/\/stoic-curie.212-227-153-4.plesk.page\/pt\/wp-json\/wp\/v2\/media?parent=746365"}],"wp:term":[{"taxonomy":"product_brand","embeddable":true,"href":"https:\/\/stoic-curie.212-227-153-4.plesk.page\/pt\/wp-json\/wp\/v2\/product_brand?post=746365"},{"taxonomy":"product_cat","embeddable":true,"href":"https:\/\/stoic-curie.212-227-153-4.plesk.page\/pt\/wp-json\/wp\/v2\/product_cat?post=746365"},{"taxonomy":"product_tag","embeddable":true,"href":"https:\/\/stoic-curie.212-227-153-4.plesk.page\/pt\/wp-json\/wp\/v2\/product_tag?post=746365"}],"curies":[{"name":"wp","href":"https:\/\/api.w.org\/{rel}","templated":true}]}}