{"id":746370,"date":"2025-03-03T20:48:24","date_gmt":"2025-03-03T19:48:24","guid":{"rendered":"https:\/\/stoic-curie.212-227-153-4.plesk.page\/producto\/motor-wiper-mtm-w70hd-24-v\/"},"modified":"2026-02-25T00:27:39","modified_gmt":"2026-02-25T00:27:39","slug":"motor-wiper-mtm-w70hd-24-v","status":"publish","type":"product","link":"https:\/\/stoic-curie.212-227-153-4.plesk.page\/pt\/product\/motor-wiper-mtm-w70hd-24-v\/","title":{"rendered":"Motor Wiper MTM W70HD 24 v"},"content":{"rendered":"<p>Motor Wiper MTM W70HD 24 v &#8211; <\/p>\n<p>Limpador W70 HD para grandes barcos. Motor \u00e0 prova d&#8217;\u00e1gua com torque de at\u00e9 35 Nm. \u00c2ngulo de varredura de 70\u00b0. Estacionamento autom\u00e1tico \u00e0 esquerda. 2 velocidades: Lenta 30 varreduras\/minuto e R\u00e1pida 45 varreduras\/minuto. Mecanismo fechado para f\u00e1cil lubrifica\u00e7\u00e3o. Comprimento efetivo do eixo roscado de 60 mm. Dist\u00e2ncia entre eixos de 60 mm. A ser completado com bra\u00e7o de limpador pantogr\u00e1fico e l\u00e2mina de a\u00e7o inoxid\u00e1vel.<\/p>\n","protected":false},"excerpt":{"rendered":"<p>Motor Wiper MTM W70HD 24 v &#8211; Limpador W70 HD para grandes barcos. Motor \u00e0 prova d&#8217;\u00e1gua com torque de<\/p>\n","protected":false},"featured_media":5936839,"comment_status":"open","ping_status":"closed","template":"","meta":[],"product_brand":[3237],"product_cat":[2022],"product_tag":[],"class_list":{"0":"post-746370","1":"product","2":"type-product","3":"status-publish","4":"has-post-thumbnail","6":"product_brand-osculati-pt","7":"product_cat-limpa-para-brisas","9":"first","10":"instock","11":"shipping-taxable","12":"purchasable","13":"product-type-simple"},"_links":{"self":[{"href":"https:\/\/stoic-curie.212-227-153-4.plesk.page\/pt\/wp-json\/wp\/v2\/product\/746370","targetHints":{"allow":["GET"]}}],"collection":[{"href":"https:\/\/stoic-curie.212-227-153-4.plesk.page\/pt\/wp-json\/wp\/v2\/product"}],"about":[{"href":"https:\/\/stoic-curie.212-227-153-4.plesk.page\/pt\/wp-json\/wp\/v2\/types\/product"}],"replies":[{"embeddable":true,"href":"https:\/\/stoic-curie.212-227-153-4.plesk.page\/pt\/wp-json\/wp\/v2\/comments?post=746370"}],"version-history":[{"count":0,"href":"https:\/\/stoic-curie.212-227-153-4.plesk.page\/pt\/wp-json\/wp\/v2\/product\/746370\/revisions"}],"wp:featuredmedia":[{"embeddable":true,"href":"https:\/\/stoic-curie.212-227-153-4.plesk.page\/pt\/wp-json\/wp\/v2\/media\/5936839"}],"wp:attachment":[{"href":"https:\/\/stoic-curie.212-227-153-4.plesk.page\/pt\/wp-json\/wp\/v2\/media?parent=746370"}],"wp:term":[{"taxonomy":"product_brand","embeddable":true,"href":"https:\/\/stoic-curie.212-227-153-4.plesk.page\/pt\/wp-json\/wp\/v2\/product_brand?post=746370"},{"taxonomy":"product_cat","embeddable":true,"href":"https:\/\/stoic-curie.212-227-153-4.plesk.page\/pt\/wp-json\/wp\/v2\/product_cat?post=746370"},{"taxonomy":"product_tag","embeddable":true,"href":"https:\/\/stoic-curie.212-227-153-4.plesk.page\/pt\/wp-json\/wp\/v2\/product_tag?post=746370"}],"curies":[{"name":"wp","href":"https:\/\/api.w.org\/{rel}","templated":true}]}}