{"id":746372,"date":"2025-03-03T20:48:25","date_gmt":"2025-03-03T19:48:25","guid":{"rendered":"https:\/\/stoic-curie.212-227-153-4.plesk.page\/producto\/helices-de-veleiro-universais-com-duas-pas-16x11\/"},"modified":"2026-02-25T00:27:39","modified_gmt":"2026-02-25T00:27:39","slug":"helices-de-veleiro-universais-com-duas-pas-16x11","status":"publish","type":"product","link":"https:\/\/stoic-curie.212-227-153-4.plesk.page\/pt\/product\/helices-de-veleiro-universais-com-duas-pas-16x11\/","title":{"rendered":"h\u00e9lices de veleiro universais com duas p\u00e1s 16X11"},"content":{"rendered":"<p>h\u00e9lices de veleiro universais com duas p\u00e1s 16X11 &#8211; <\/p>\n<p>H\u00e9lices de 2 l\u00e2minas de liga de alum\u00ednio do tipo Sail Drive. Equilibradas dinamicamente, resistentes \u00e0 corros\u00e3o e impactos. Soquete estriado com 17 ranhuras. Importante: as h\u00e9lices saildrive devem ser montadas de acordo com as instru\u00e7\u00f5es do fabricante, como Volvo &#8211; Yanmar &#8211; Bukh &#8211; Nanni etc., utilizando acess\u00f3rios originais.<\/p>\n","protected":false},"excerpt":{"rendered":"<p>h\u00e9lices de veleiro universais com duas p\u00e1s 16X11 &#8211; H\u00e9lices de 2 l\u00e2minas de liga de alum\u00ednio do tipo Sail<\/p>\n","protected":false},"featured_media":5936857,"comment_status":"open","ping_status":"closed","template":"","meta":[],"product_brand":[2917],"product_cat":[2100,2116,2103],"product_tag":[],"class_list":{"0":"post-746372","1":"product","2":"type-product","3":"status-publish","4":"has-post-thumbnail","6":"product_brand-eliche-radice-pt","7":"product_cat-helices-para-montagem-vertical","8":"product_cat-pecas-para-motores-volvo-penta","9":"product_cat-pecas-para-motores-yanmar","11":"first","12":"instock","13":"shipping-taxable","14":"purchasable","15":"product-type-simple"},"_links":{"self":[{"href":"https:\/\/stoic-curie.212-227-153-4.plesk.page\/pt\/wp-json\/wp\/v2\/product\/746372","targetHints":{"allow":["GET"]}}],"collection":[{"href":"https:\/\/stoic-curie.212-227-153-4.plesk.page\/pt\/wp-json\/wp\/v2\/product"}],"about":[{"href":"https:\/\/stoic-curie.212-227-153-4.plesk.page\/pt\/wp-json\/wp\/v2\/types\/product"}],"replies":[{"embeddable":true,"href":"https:\/\/stoic-curie.212-227-153-4.plesk.page\/pt\/wp-json\/wp\/v2\/comments?post=746372"}],"version-history":[{"count":0,"href":"https:\/\/stoic-curie.212-227-153-4.plesk.page\/pt\/wp-json\/wp\/v2\/product\/746372\/revisions"}],"wp:featuredmedia":[{"embeddable":true,"href":"https:\/\/stoic-curie.212-227-153-4.plesk.page\/pt\/wp-json\/wp\/v2\/media\/5936857"}],"wp:attachment":[{"href":"https:\/\/stoic-curie.212-227-153-4.plesk.page\/pt\/wp-json\/wp\/v2\/media?parent=746372"}],"wp:term":[{"taxonomy":"product_brand","embeddable":true,"href":"https:\/\/stoic-curie.212-227-153-4.plesk.page\/pt\/wp-json\/wp\/v2\/product_brand?post=746372"},{"taxonomy":"product_cat","embeddable":true,"href":"https:\/\/stoic-curie.212-227-153-4.plesk.page\/pt\/wp-json\/wp\/v2\/product_cat?post=746372"},{"taxonomy":"product_tag","embeddable":true,"href":"https:\/\/stoic-curie.212-227-153-4.plesk.page\/pt\/wp-json\/wp\/v2\/product_tag?post=746372"}],"curies":[{"name":"wp","href":"https:\/\/api.w.org\/{rel}","templated":true}]}}