{"id":746380,"date":"2025-03-03T20:48:28","date_gmt":"2025-03-03T19:48:28","guid":{"rendered":"https:\/\/stoic-curie.212-227-153-4.plesk.page\/producto\/buzina-de-ar-marco-500mm-12v\/"},"modified":"2026-02-25T00:27:39","modified_gmt":"2026-02-25T00:27:39","slug":"buzina-de-ar-marco-500mm-12v","status":"publish","type":"product","link":"https:\/\/stoic-curie.212-227-153-4.plesk.page\/pt\/product\/buzina-de-ar-marco-500mm-12v\/","title":{"rendered":"Buzina de ar Marco 500mm 12v"},"content":{"rendered":"<p>Buzina de ar Marco 500mm 12v &#8211; <\/p>\n<p>Cascos de lat\u00e3o cromado e comp\u00f3sito para buzina el\u00e9trica de compressor de ar. Trompete de lat\u00e3o cromado. Compressor, tubos de ar, conex\u00f5es e hardware inclu\u00eddos.<\/p>\n","protected":false},"excerpt":{"rendered":"<p>Buzina de ar Marco 500mm 12v &#8211; Cascos de lat\u00e3o cromado e comp\u00f3sito para buzina el\u00e9trica de compressor de ar.<\/p>\n","protected":false},"featured_media":5936859,"comment_status":"open","ping_status":"closed","template":"","meta":[],"product_brand":[3097],"product_cat":[2034],"product_tag":[],"class_list":{"0":"post-746380","1":"product","2":"type-product","3":"status-publish","4":"has-post-thumbnail","6":"product_brand-marco-pt","7":"product_cat-buzinas","9":"first","10":"instock","11":"shipping-taxable","12":"purchasable","13":"product-type-simple"},"_links":{"self":[{"href":"https:\/\/stoic-curie.212-227-153-4.plesk.page\/pt\/wp-json\/wp\/v2\/product\/746380","targetHints":{"allow":["GET"]}}],"collection":[{"href":"https:\/\/stoic-curie.212-227-153-4.plesk.page\/pt\/wp-json\/wp\/v2\/product"}],"about":[{"href":"https:\/\/stoic-curie.212-227-153-4.plesk.page\/pt\/wp-json\/wp\/v2\/types\/product"}],"replies":[{"embeddable":true,"href":"https:\/\/stoic-curie.212-227-153-4.plesk.page\/pt\/wp-json\/wp\/v2\/comments?post=746380"}],"version-history":[{"count":0,"href":"https:\/\/stoic-curie.212-227-153-4.plesk.page\/pt\/wp-json\/wp\/v2\/product\/746380\/revisions"}],"wp:featuredmedia":[{"embeddable":true,"href":"https:\/\/stoic-curie.212-227-153-4.plesk.page\/pt\/wp-json\/wp\/v2\/media\/5936859"}],"wp:attachment":[{"href":"https:\/\/stoic-curie.212-227-153-4.plesk.page\/pt\/wp-json\/wp\/v2\/media?parent=746380"}],"wp:term":[{"taxonomy":"product_brand","embeddable":true,"href":"https:\/\/stoic-curie.212-227-153-4.plesk.page\/pt\/wp-json\/wp\/v2\/product_brand?post=746380"},{"taxonomy":"product_cat","embeddable":true,"href":"https:\/\/stoic-curie.212-227-153-4.plesk.page\/pt\/wp-json\/wp\/v2\/product_cat?post=746380"},{"taxonomy":"product_tag","embeddable":true,"href":"https:\/\/stoic-curie.212-227-153-4.plesk.page\/pt\/wp-json\/wp\/v2\/product_tag?post=746380"}],"curies":[{"name":"wp","href":"https:\/\/api.w.org\/{rel}","templated":true}]}}