{"id":746390,"date":"2025-03-03T20:48:32","date_gmt":"2025-03-03T19:48:32","guid":{"rendered":"https:\/\/stoic-curie.212-227-153-4.plesk.page\/producto\/capas-para-barcos-cinza-ajustaveis-de-427-a-488-cm-229cm\/"},"modified":"2026-02-25T00:27:39","modified_gmt":"2026-02-25T00:27:39","slug":"capas-para-barcos-cinza-ajustaveis-de-427-a-488-cm-229cm","status":"publish","type":"product","link":"https:\/\/stoic-curie.212-227-153-4.plesk.page\/pt\/product\/capas-para-barcos-cinza-ajustaveis-de-427-a-488-cm-229cm\/","title":{"rendered":"Capas para barcos cinza ajust\u00e1veis de 427 a 488 cm ( 229cm)"},"content":{"rendered":"<p>Capas para barcos cinza ajust\u00e1veis de 427 a 488 cm ( 229cm) &#8211; <\/p>\n<p>Capas de barco de qualidade premium feitas de tecidos revestidos de PVC 100% \u00e0 prova d&#8217;\u00e1gua. Resistentes aos UV, refletem a luz solar gra\u00e7as \u00e0 cor prateada (exceto tamanhos XL-XXL-XXXL de cor azul). Equipadas com um cinto el\u00e1stico interno para se encaixar perfeitamente na forma do barco e com costura dupla para a melhor durabilidade. Os an\u00e9is D resistentes a arranh\u00f5es e a corda garantem um encaixe seguro.<\/p>\n","protected":false},"excerpt":{"rendered":"<p>Capas para barcos cinza ajust\u00e1veis de 427 a 488 cm ( 229cm) &#8211; Capas de barco de qualidade premium feitas<\/p>\n","protected":false},"featured_media":5936863,"comment_status":"open","ping_status":"closed","template":"","meta":[],"product_brand":[3237],"product_cat":[1970],"product_tag":[],"class_list":{"0":"post-746390","1":"product","2":"type-product","3":"status-publish","4":"has-post-thumbnail","6":"product_brand-osculati-pt","7":"product_cat-capas-e-protecoes","9":"first","10":"instock","11":"shipping-taxable","12":"purchasable","13":"product-type-simple"},"_links":{"self":[{"href":"https:\/\/stoic-curie.212-227-153-4.plesk.page\/pt\/wp-json\/wp\/v2\/product\/746390","targetHints":{"allow":["GET"]}}],"collection":[{"href":"https:\/\/stoic-curie.212-227-153-4.plesk.page\/pt\/wp-json\/wp\/v2\/product"}],"about":[{"href":"https:\/\/stoic-curie.212-227-153-4.plesk.page\/pt\/wp-json\/wp\/v2\/types\/product"}],"replies":[{"embeddable":true,"href":"https:\/\/stoic-curie.212-227-153-4.plesk.page\/pt\/wp-json\/wp\/v2\/comments?post=746390"}],"version-history":[{"count":0,"href":"https:\/\/stoic-curie.212-227-153-4.plesk.page\/pt\/wp-json\/wp\/v2\/product\/746390\/revisions"}],"wp:featuredmedia":[{"embeddable":true,"href":"https:\/\/stoic-curie.212-227-153-4.plesk.page\/pt\/wp-json\/wp\/v2\/media\/5936863"}],"wp:attachment":[{"href":"https:\/\/stoic-curie.212-227-153-4.plesk.page\/pt\/wp-json\/wp\/v2\/media?parent=746390"}],"wp:term":[{"taxonomy":"product_brand","embeddable":true,"href":"https:\/\/stoic-curie.212-227-153-4.plesk.page\/pt\/wp-json\/wp\/v2\/product_brand?post=746390"},{"taxonomy":"product_cat","embeddable":true,"href":"https:\/\/stoic-curie.212-227-153-4.plesk.page\/pt\/wp-json\/wp\/v2\/product_cat?post=746390"},{"taxonomy":"product_tag","embeddable":true,"href":"https:\/\/stoic-curie.212-227-153-4.plesk.page\/pt\/wp-json\/wp\/v2\/product_tag?post=746390"}],"curies":[{"name":"wp","href":"https:\/\/api.w.org\/{rel}","templated":true}]}}