{"id":746417,"date":"2025-03-03T20:48:41","date_gmt":"2025-03-03T19:48:41","guid":{"rendered":"https:\/\/stoic-curie.212-227-153-4.plesk.page\/producto\/capas-fendress-para-motores-fora-de-borda-azul-royal-60-x-35-x-35cm\/"},"modified":"2026-02-25T00:27:39","modified_gmt":"2026-02-25T00:27:39","slug":"capas-fendress-para-motores-fora-de-borda-azul-royal-60-x-35-x-35cm","status":"publish","type":"product","link":"https:\/\/stoic-curie.212-227-153-4.plesk.page\/pt\/product\/capas-fendress-para-motores-fora-de-borda-azul-royal-60-x-35-x-35cm\/","title":{"rendered":"Capas Fendress para motores fora de borda Azul Royal 60 x 35 x 35cm"},"content":{"rendered":"<p>Capas Fendress para motores fora de borda Azul Royal 60 x 35 x 35cm &#8211; <\/p>\n<p>Capas de motor fora de borda de qualidade premium, feitas do mesmo tecido usado para as capas de fender Fendress, suaves e resistentes. Protegem contra desgaste, intemp\u00e9ries, impactos, arranh\u00f5es, raios UV e podem at\u00e9 ser deixadas no motor fora de borda durante a navega\u00e7\u00e3o. As capas Fenboard s\u00e3o feitas de tecido respir\u00e1vel (n\u00e3o criam condensa\u00e7\u00e3o) e n\u00e3o desbotam. Lav\u00e1veis \u00e0 m\u00e1quina e de secagem r\u00e1pida. Com a capa Fendboard, seu motor fora de borda permanecer\u00e1 como novo por mais tempo.<\/p>\n","protected":false},"excerpt":{"rendered":"<p>Capas Fendress para motores fora de borda Azul Royal 60 x 35 x 35cm &#8211; Capas de motor fora de<\/p>\n","protected":false},"featured_media":5936878,"comment_status":"open","ping_status":"closed","template":"","meta":[],"product_brand":[2937],"product_cat":[2114,1970],"product_tag":[],"class_list":{"0":"post-746417","1":"product","2":"type-product","3":"status-publish","4":"has-post-thumbnail","6":"product_brand-fendress-pt","7":"product_cat-acessorios-para-motores-fora-de-bordo","8":"product_cat-capas-e-protecoes","10":"first","11":"instock","12":"shipping-taxable","13":"purchasable","14":"product-type-simple"},"_links":{"self":[{"href":"https:\/\/stoic-curie.212-227-153-4.plesk.page\/pt\/wp-json\/wp\/v2\/product\/746417","targetHints":{"allow":["GET"]}}],"collection":[{"href":"https:\/\/stoic-curie.212-227-153-4.plesk.page\/pt\/wp-json\/wp\/v2\/product"}],"about":[{"href":"https:\/\/stoic-curie.212-227-153-4.plesk.page\/pt\/wp-json\/wp\/v2\/types\/product"}],"replies":[{"embeddable":true,"href":"https:\/\/stoic-curie.212-227-153-4.plesk.page\/pt\/wp-json\/wp\/v2\/comments?post=746417"}],"version-history":[{"count":0,"href":"https:\/\/stoic-curie.212-227-153-4.plesk.page\/pt\/wp-json\/wp\/v2\/product\/746417\/revisions"}],"wp:featuredmedia":[{"embeddable":true,"href":"https:\/\/stoic-curie.212-227-153-4.plesk.page\/pt\/wp-json\/wp\/v2\/media\/5936878"}],"wp:attachment":[{"href":"https:\/\/stoic-curie.212-227-153-4.plesk.page\/pt\/wp-json\/wp\/v2\/media?parent=746417"}],"wp:term":[{"taxonomy":"product_brand","embeddable":true,"href":"https:\/\/stoic-curie.212-227-153-4.plesk.page\/pt\/wp-json\/wp\/v2\/product_brand?post=746417"},{"taxonomy":"product_cat","embeddable":true,"href":"https:\/\/stoic-curie.212-227-153-4.plesk.page\/pt\/wp-json\/wp\/v2\/product_cat?post=746417"},{"taxonomy":"product_tag","embeddable":true,"href":"https:\/\/stoic-curie.212-227-153-4.plesk.page\/pt\/wp-json\/wp\/v2\/product_tag?post=746417"}],"curies":[{"name":"wp","href":"https:\/\/api.w.org\/{rel}","templated":true}]}}