{"id":747184,"date":"2025-03-03T20:56:18","date_gmt":"2025-03-03T19:56:18","guid":{"rendered":"https:\/\/stoic-curie.212-227-153-4.plesk.page\/producto\/bomba-de-pressao-de-agua-johnson-bomba-de-agua-wps-5-2-24v-20lt-min\/"},"modified":"2026-02-25T00:27:50","modified_gmt":"2026-02-25T00:27:50","slug":"bomba-de-pressao-de-agua-johnson-bomba-de-agua-wps-5-2-24v-20lt-min","status":"publish","type":"product","link":"https:\/\/stoic-curie.212-227-153-4.plesk.page\/pt\/product\/bomba-de-pressao-de-agua-johnson-bomba-de-agua-wps-5-2-24v-20lt-min\/","title":{"rendered":"Bomba de Press\u00e3o de \u00c1gua Johnson Bomba de \u00e1gua WPS 5.2 24V 20lt\/min"},"content":{"rendered":"<p>Bomba de Press\u00e3o de \u00c1gua Johnson Bomba de \u00e1gua WPS 5.2 24V 20lt\/min &#8211; <\/p>\n<p>Bombas de press\u00e3o de \u00e1gua doce Johnson Aqua Jet para pias e chuveiros, de 2 a 4 utilidades. Silenciosas e confi\u00e1veis, garantem anos de servi\u00e7o.<\/p>\n","protected":false},"excerpt":{"rendered":"<p>Bomba de Press\u00e3o de \u00c1gua Johnson Bomba de \u00e1gua WPS 5.2 24V 20lt\/min &#8211; Bombas de press\u00e3o de \u00e1gua doce<\/p>\n","protected":false},"featured_media":5939057,"comment_status":"open","ping_status":"closed","template":"","meta":[],"product_brand":[3047],"product_cat":[1947],"product_tag":[],"class_list":{"0":"post-747184","1":"product","2":"type-product","3":"status-publish","4":"has-post-thumbnail","6":"product_brand-johnson-marine-pt","7":"product_cat-bombas-de-pressao-de-agua","9":"first","10":"instock","11":"shipping-taxable","12":"purchasable","13":"product-type-simple"},"_links":{"self":[{"href":"https:\/\/stoic-curie.212-227-153-4.plesk.page\/pt\/wp-json\/wp\/v2\/product\/747184","targetHints":{"allow":["GET"]}}],"collection":[{"href":"https:\/\/stoic-curie.212-227-153-4.plesk.page\/pt\/wp-json\/wp\/v2\/product"}],"about":[{"href":"https:\/\/stoic-curie.212-227-153-4.plesk.page\/pt\/wp-json\/wp\/v2\/types\/product"}],"replies":[{"embeddable":true,"href":"https:\/\/stoic-curie.212-227-153-4.plesk.page\/pt\/wp-json\/wp\/v2\/comments?post=747184"}],"version-history":[{"count":0,"href":"https:\/\/stoic-curie.212-227-153-4.plesk.page\/pt\/wp-json\/wp\/v2\/product\/747184\/revisions"}],"wp:featuredmedia":[{"embeddable":true,"href":"https:\/\/stoic-curie.212-227-153-4.plesk.page\/pt\/wp-json\/wp\/v2\/media\/5939057"}],"wp:attachment":[{"href":"https:\/\/stoic-curie.212-227-153-4.plesk.page\/pt\/wp-json\/wp\/v2\/media?parent=747184"}],"wp:term":[{"taxonomy":"product_brand","embeddable":true,"href":"https:\/\/stoic-curie.212-227-153-4.plesk.page\/pt\/wp-json\/wp\/v2\/product_brand?post=747184"},{"taxonomy":"product_cat","embeddable":true,"href":"https:\/\/stoic-curie.212-227-153-4.plesk.page\/pt\/wp-json\/wp\/v2\/product_cat?post=747184"},{"taxonomy":"product_tag","embeddable":true,"href":"https:\/\/stoic-curie.212-227-153-4.plesk.page\/pt\/wp-json\/wp\/v2\/product_tag?post=747184"}],"curies":[{"name":"wp","href":"https:\/\/api.w.org\/{rel}","templated":true}]}}