{"id":747185,"date":"2025-03-03T20:56:18","date_gmt":"2025-03-03T19:56:18","guid":{"rendered":"https:\/\/stoic-curie.212-227-153-4.plesk.page\/producto\/bomba-de-pressao-de-agua-johnson-bomba-de-agua-flow-master-jet-5-0-12v\/"},"modified":"2026-02-25T00:27:50","modified_gmt":"2026-02-25T00:27:50","slug":"bomba-de-pressao-de-agua-johnson-bomba-de-agua-flow-master-jet-5-0-12v","status":"publish","type":"product","link":"https:\/\/stoic-curie.212-227-153-4.plesk.page\/pt\/product\/bomba-de-pressao-de-agua-johnson-bomba-de-agua-flow-master-jet-5-0-12v\/","title":{"rendered":"Bomba de Press\u00e3o de \u00c1gua Johnson Bomba de \u00e1gua Flow Master Jet 5.0 12V"},"content":{"rendered":"<p>Bomba de Press\u00e3o de \u00c1gua Johnson Bomba de \u00e1gua Flow Master Jet 5.0 12V &#8211; <\/p>\n<p>As bombas de press\u00e3o de \u00e1gua doce Johnson Aqua Jet Flow Master para pias e chuveiros s\u00e3o adequadas para 2 a 4 pontos de uso. Equipadas com controle eletr\u00f4nico de fluxo vari\u00e1vel, garantem uma press\u00e3o de \u00e1gua constante mesmo sem tanque acumulador. Silenciosas e confi\u00e1veis, asseguram anos de servi\u00e7o.<\/p>\n","protected":false},"excerpt":{"rendered":"<p>Bomba de Press\u00e3o de \u00c1gua Johnson Bomba de \u00e1gua Flow Master Jet 5.0 12V &#8211; As bombas de press\u00e3o de<\/p>\n","protected":false},"featured_media":5939062,"comment_status":"open","ping_status":"closed","template":"","meta":[],"product_brand":[3047],"product_cat":[1947],"product_tag":[],"class_list":{"0":"post-747185","1":"product","2":"type-product","3":"status-publish","4":"has-post-thumbnail","6":"product_brand-johnson-marine-pt","7":"product_cat-bombas-de-pressao-de-agua","9":"first","10":"instock","11":"shipping-taxable","12":"purchasable","13":"product-type-simple"},"_links":{"self":[{"href":"https:\/\/stoic-curie.212-227-153-4.plesk.page\/pt\/wp-json\/wp\/v2\/product\/747185","targetHints":{"allow":["GET"]}}],"collection":[{"href":"https:\/\/stoic-curie.212-227-153-4.plesk.page\/pt\/wp-json\/wp\/v2\/product"}],"about":[{"href":"https:\/\/stoic-curie.212-227-153-4.plesk.page\/pt\/wp-json\/wp\/v2\/types\/product"}],"replies":[{"embeddable":true,"href":"https:\/\/stoic-curie.212-227-153-4.plesk.page\/pt\/wp-json\/wp\/v2\/comments?post=747185"}],"version-history":[{"count":0,"href":"https:\/\/stoic-curie.212-227-153-4.plesk.page\/pt\/wp-json\/wp\/v2\/product\/747185\/revisions"}],"wp:featuredmedia":[{"embeddable":true,"href":"https:\/\/stoic-curie.212-227-153-4.plesk.page\/pt\/wp-json\/wp\/v2\/media\/5939062"}],"wp:attachment":[{"href":"https:\/\/stoic-curie.212-227-153-4.plesk.page\/pt\/wp-json\/wp\/v2\/media?parent=747185"}],"wp:term":[{"taxonomy":"product_brand","embeddable":true,"href":"https:\/\/stoic-curie.212-227-153-4.plesk.page\/pt\/wp-json\/wp\/v2\/product_brand?post=747185"},{"taxonomy":"product_cat","embeddable":true,"href":"https:\/\/stoic-curie.212-227-153-4.plesk.page\/pt\/wp-json\/wp\/v2\/product_cat?post=747185"},{"taxonomy":"product_tag","embeddable":true,"href":"https:\/\/stoic-curie.212-227-153-4.plesk.page\/pt\/wp-json\/wp\/v2\/product_tag?post=747185"}],"curies":[{"name":"wp","href":"https:\/\/api.w.org\/{rel}","templated":true}]}}