{"id":747188,"date":"2025-03-03T20:56:19","date_gmt":"2025-03-03T19:56:19","guid":{"rendered":"https:\/\/stoic-curie.212-227-153-4.plesk.page\/producto\/sistema-de-pressurizacao-de-agua-marinha-bomba-de-agua-uno-wps-5-2-24v\/"},"modified":"2026-02-25T00:27:50","modified_gmt":"2026-02-25T00:27:50","slug":"sistema-de-pressurizacao-de-agua-marinha-bomba-de-agua-uno-wps-5-2-24v","status":"publish","type":"product","link":"https:\/\/stoic-curie.212-227-153-4.plesk.page\/pt\/product\/sistema-de-pressurizacao-de-agua-marinha-bomba-de-agua-uno-wps-5-2-24v\/","title":{"rendered":"Sistema de Press\u00e3o de \u00c1gua Johnson Aqua Jet Uno WPS 5.2 &#8211; 24V"},"content":{"rendered":"<p>Sistema de Press\u00e3o de \u00c1gua Johnson Aqua Jet Uno WPS 5.2 &#8211; 24V &#8211; <\/p>\n<p style=\"color: rgb(34, 34, 34); font-family: Arial, Helvetica, sans-serif; font-size: small;\">O sistema de press\u00e3o de \u00e1gua doce Johnson Aqua Jet Uno \u00e9 projetado para pias e chuveiros em barcos com comprimento entre 10 e 16 metros, acomodando de 2 a 4 pontos de uso.<\/p>\n<p style=\"color: rgb(34, 34, 34); font-family: Arial, Helvetica, sans-serif; font-size: small;\">Este sistema opera de maneira silenciosa e confi\u00e1vel, garantindo anos de servi\u00e7o dur\u00e1vel. Possui uma unidade de demanda m\u00e9dia com um \u00fanico Aqua Jet WPS que tem uma capacidade de 11 ou 13 litros por minuto. A bomba \u00e9 montada em um painel de madeira para instala\u00e7\u00e3o f\u00e1cil e eficiente. O pacote inclui um filtro de entrada PUMProtector e um tanque acumulador pr\u00e9-pressurizado com capacidade de 2 litros. O sistema de press\u00e3o de \u00e1gua Johnson de 5,2 GPM tem um tamanho de entrada e sa\u00edda de 3\/4 polegada, com uma press\u00e3o m\u00e1xima de 40 PSI e uma m\u00e1xima altura de suc\u00e7\u00e3o de 8,2 p\u00e9s.<\/p>\n<p style=\"color: rgb(34, 34, 34); font-family: Arial, Helvetica, sans-serif; font-size: small;\">A bomba Aqua Jet UNO \u00e9 um sistema de bomba de diafragma de deslocamento positivo de cinco c\u00e2maras que funciona bem em sistemas fechados, como os encontrados em barcos ou ve\u00edculos recreativos. Ela gera efetivamente a press\u00e3o necess\u00e1ria para um fornecimento de \u00e1gua pressurizada.<\/p>\n<p style=\"color: rgb(34, 34, 34); font-family: Arial, Helvetica, sans-serif; font-size: small;\"><strong>Principais Caracter\u00edsticas:<\/strong><\/p>\n<ul style=\"color: rgb(34, 34, 34); font-family: Arial, Helvetica, sans-serif; font-size: small;\">\n<li>Opera\u00e7\u00e3o silenciosa<\/li>\n<li>Fluxo suave<\/li>\n<li>Auto-aspirante<\/li>\n<li>Chaves de press\u00e3o integradas que ligam e desligam automaticamente a bomba quando a torneira \u00e9 aberta ou fechada<\/li>\n<li>Seguro para funcionamento \u00e0 seco sem danos<\/li>\n<li>Baixo consumo de energia<\/li>\n<li>Conex\u00f5es de desconex\u00e3o r\u00e1pida<\/li>\n<\/ul>\n<p style=\"color: rgb(34, 34, 34); font-family: Arial, Helvetica, sans-serif; font-size: small;\">O sistema de press\u00e3o de \u00e1gua Johnson Pump 10-13408-04 Aqua Jet UNO 5.2 \u00e9 uma escolha confi\u00e1vel e eficiente para manter a press\u00e3o da \u00e1gua em barcos ou pequenas embarca\u00e7\u00f5es. Ele apresenta um corpo da bomba e uma carca\u00e7a de v\u00e1lvula dur\u00e1veis de polipropileno, um tamanho de porta de mangueira de 1\/2 polegada e uma taxa de fluxo de 5,1 GPM (19,4 L\/min). Com uma faixa de press\u00e3o de 25 PSI (1,7 bar) a 40 PSI (2,8 bar), garante desempenho consistente. O sistema inclui v\u00e1lvulas e diafragma de Santoprene, um tanque acumulador de 2 litros com uma bexiga interna, e um motor de 24V com prote\u00e7\u00e3o t\u00e9rmica embutida. Funciona com um ciclo de trabalho m\u00e1ximo de 20 minutos e fornece 150 watts de pot\u00eancia.<\/p>\n<p style=\"color: rgb(34, 34, 34); font-family: Arial, Helvetica, sans-serif; font-size: small;\"><strong>Especifica\u00e7\u00f5es:<\/strong><\/p>\n<ul style=\"color: rgb(34, 34, 34); font-family: Arial, Helvetica, sans-serif; font-size: small;\">\n<li><strong>Corpo da bomba:<\/strong>\u00a0Polipropileno<\/li>\n<li><strong>Carca\u00e7a da v\u00e1lvula:<\/strong>\u00a0Polipropileno<\/li>\n<li><strong>Tamanho da porta:<\/strong>\u00a0Mangueira de 1\/2 polegada (\u00f8 18 mm)<\/li>\n<li><strong>Taxas de fluxo:<\/strong>\n<ul>\n<li>3.1 GPM (11.8 L\/min) para Aqua Jet UNO 3.5<\/li>\n<li>5.1 GPM (19.4 L\/min) para Aqua Jet UNO 5.2<\/li>\n<\/ul>\n<\/li>\n<li><strong>Press\u00e3o:<\/strong>\n<ul>\n<li>Cut-In: 25 PSI (1.7 bar)<\/li>\n<li>Cut-Out: 40 PSI (2.8 bar)<\/li>\n<\/ul>\n<\/li>\n<li><strong>V\u00e1lvulas:<\/strong>\u00a0Santoprene<\/li>\n<li><strong>Diafragma:<\/strong>\u00a0Santoprene<\/li>\n<li><strong>Tanque acumulador:<\/strong>\u00a02 litros com bexiga interna<\/li>\n<li><strong>Motor:<\/strong>\u00a012 ou 24 VDC com prote\u00e7\u00e3o t\u00e9rmica embutida. Ciclo de trabalho: Intermitente, m\u00e1ximo 20 minutos. O motor \u00e9 protegido contra igni\u00e7\u00e3o de acordo com a norma ISO 8846 (Embarca\u00e7\u00f5es pequenas \u2013 Dispositivos el\u00e9tricos \u2013 Prote\u00e7\u00e3o contra igni\u00e7\u00e3o de gases inflam\u00e1veis ao redor). Pot\u00eancia: 100 watts para UNO 3.5, 150 watts para UNO 5.2.<\/li>\n<\/ul>\n","protected":false},"excerpt":{"rendered":"<p>Sistema de Press\u00e3o de \u00c1gua Johnson Aqua Jet Uno WPS 5.2 &#8211; 24V &#8211; O sistema de press\u00e3o de \u00e1gua<\/p>\n","protected":false},"featured_media":5939065,"comment_status":"open","ping_status":"closed","template":"","meta":[],"product_brand":[3047],"product_cat":[1947],"product_tag":[],"class_list":{"0":"post-747188","1":"product","2":"type-product","3":"status-publish","4":"has-post-thumbnail","6":"product_brand-johnson-marine-pt","7":"product_cat-bombas-de-pressao-de-agua","9":"first","10":"instock","11":"shipping-taxable","12":"purchasable","13":"product-type-simple"},"_links":{"self":[{"href":"https:\/\/stoic-curie.212-227-153-4.plesk.page\/pt\/wp-json\/wp\/v2\/product\/747188","targetHints":{"allow":["GET"]}}],"collection":[{"href":"https:\/\/stoic-curie.212-227-153-4.plesk.page\/pt\/wp-json\/wp\/v2\/product"}],"about":[{"href":"https:\/\/stoic-curie.212-227-153-4.plesk.page\/pt\/wp-json\/wp\/v2\/types\/product"}],"replies":[{"embeddable":true,"href":"https:\/\/stoic-curie.212-227-153-4.plesk.page\/pt\/wp-json\/wp\/v2\/comments?post=747188"}],"version-history":[{"count":0,"href":"https:\/\/stoic-curie.212-227-153-4.plesk.page\/pt\/wp-json\/wp\/v2\/product\/747188\/revisions"}],"wp:featuredmedia":[{"embeddable":true,"href":"https:\/\/stoic-curie.212-227-153-4.plesk.page\/pt\/wp-json\/wp\/v2\/media\/5939065"}],"wp:attachment":[{"href":"https:\/\/stoic-curie.212-227-153-4.plesk.page\/pt\/wp-json\/wp\/v2\/media?parent=747188"}],"wp:term":[{"taxonomy":"product_brand","embeddable":true,"href":"https:\/\/stoic-curie.212-227-153-4.plesk.page\/pt\/wp-json\/wp\/v2\/product_brand?post=747188"},{"taxonomy":"product_cat","embeddable":true,"href":"https:\/\/stoic-curie.212-227-153-4.plesk.page\/pt\/wp-json\/wp\/v2\/product_cat?post=747188"},{"taxonomy":"product_tag","embeddable":true,"href":"https:\/\/stoic-curie.212-227-153-4.plesk.page\/pt\/wp-json\/wp\/v2\/product_tag?post=747188"}],"curies":[{"name":"wp","href":"https:\/\/api.w.org\/{rel}","templated":true}]}}