{"id":747189,"date":"2025-03-03T20:56:20","date_gmt":"2025-03-03T19:56:20","guid":{"rendered":"https:\/\/stoic-curie.212-227-153-4.plesk.page\/producto\/sistema-de-pressurizacao-de-agua-johnson-acqua-jet-duo-wps-10-4-12v\/"},"modified":"2026-02-25T00:27:50","modified_gmt":"2026-02-25T00:27:50","slug":"sistema-de-pressurizacao-de-agua-johnson-acqua-jet-duo-wps-10-4-12v","status":"publish","type":"product","link":"https:\/\/stoic-curie.212-227-153-4.plesk.page\/pt\/product\/sistema-de-pressurizacao-de-agua-johnson-acqua-jet-duo-wps-10-4-12v\/","title":{"rendered":"Sistema de Pressuriza\u00e7\u00e3o de \u00c1gua Johnson Acqua Jet Duo WPS 10.4 12V"},"content":{"rendered":"<p>Sistema de Pressuriza\u00e7\u00e3o de \u00c1gua Johnson Acqua Jet Duo WPS 10.4 12V &#8211; <\/p>\n<p>Estamos muito satisfeitos em apresentar o sistema de press\u00e3o de \u00e1gua doce Johnson Aqua Jet Duo, uma solu\u00e7\u00e3o not\u00e1vel especificamente projetada para pias e chuveiros em barcos que variam de 12 a 19 metros de comprimento. Este sistema vers\u00e1til \u00e9 projetado para acomodar de 3 a 6 utilidades diferentes, tornando-se uma excelente escolha para uma variedade de necessidades de navega\u00e7\u00e3o.<\/p>\n<p>Uma das caracter\u00edsticas de destaque deste sistema \u00e9 sua opera\u00e7\u00e3o silenciosa e confi\u00e1vel, que garante que voc\u00ea possa desfrutar de muitos anos de servi\u00e7o confi\u00e1vel sem se preocupar com ru\u00eddos disruptivos ou problemas de desempenho. O Aqua Jet Duo inclui uma unidade de alta capacidade que possui duas bombas Aqua Jet WPS conectadas em paralelo. Este design inovador oferece uma impressionante taxa de fluxo de 40 litros por minuto, garantindo que voc\u00ea tenha press\u00e3o de \u00e1gua suficiente para todas as suas necessidades enquanto est\u00e1 na \u00e1gua. O sistema est\u00e1 firmemente montado em uma base robusta, que aumenta sua estabilidade e durabilidade. Al\u00e9m disso, vem equipado com filtros de entrada PUM Protector que ajudam a manter o sistema livre de detritos, juntamente com um tanque acumulador pr\u00e9-pressurizado de 2 litros que melhora o desempenho.<\/p>\n<p>A bomba de diafragma de cinco c\u00e2maras do Aqua Jet foi projetada para funcionar de forma suave e silenciosa, mesmo em baixas velocidades. Isso a torna uma excelente escolha para atender \u00e0s necessidades de press\u00e3o da \u00e1gua em embarca\u00e7\u00f5es de recreio e comerciais de pequeno e m\u00e9dio porte. Seja lavando as m\u00e3os, tomando um banho ou utilizando a cozinha, o Aqua Jet Duo garante um fluxo de \u00e1gua constante e agrad\u00e1vel.<\/p>\n<p>As bombas Aqua Jet s\u00e3o n\u00e3o apenas eficientes, mas tamb\u00e9m compactas, tornando-as ideais para situa\u00e7\u00f5es em que baixo consumo de energia e m\u00ednimo ru\u00eddo s\u00e3o cruciais. Isso \u00e9 particularmente importante em \u00e1reas como chuveiros e cozinhas, onde um ambiente tranquilo \u00e9 desejado. As bombas s\u00e3o capazes de operar em \u00e1gua doce e salgada, e s\u00e3o auto-primeiras, o que acrescenta \u00e0 sua conveni\u00eancia e usabilidade. As unidades Aqua Jet s\u00e3o constru\u00eddas com um corpo de PP\/PPA, v\u00e1lvulas de EPDM e um diafragma de Santoprene, garantindo durabilidade e longevidade em ambientes marinhos.<\/p>\n<p>Em termos de especifica\u00e7\u00f5es, o Aqua Jet Duo tem uma capacidade de 10,4 gal\u00f5es por minuto, um corte de press\u00e3o de 41 psi, um tamanho de fus\u00edvel de 25 amperes e um tamanho de conex\u00e3o de mangueira de 3\/4 polegadas. Essas especifica\u00e7\u00f5es destacam a capacidade do sistema de fornecer desempenho confi\u00e1vel em v\u00e1rias condi\u00e7\u00f5es, tornando-o uma escolha confi\u00e1vel para navegadores.<\/p>\n<p><strong>Caracter\u00edsticas principais:<\/strong><\/p>\n<ul>\n<li>Duas bombas Aqua Jet WPS conectadas em paralelo, que est\u00e3o firmemente montadas em uma base s\u00f3lida. Esta configura\u00e7\u00e3o inclui filtros de entrada PUM Protector e um tanque acumulador pr\u00e9-pressurizado de 2 litros, garantindo desempenho e prote\u00e7\u00e3o ideais.<\/li>\n<li>As bombas Aqua Jet WPS de cinco c\u00e2maras fornecem um n\u00facleo confi\u00e1vel para sistemas de press\u00e3o de \u00e1gua, tornando-as adequadas tanto para pequenos barcos quanto para ve\u00edculos recreativos.<\/li>\n<li>O sistema foi projetado para reduzir o ru\u00eddo e minimizar a pulsa\u00e7\u00e3o da \u00e1gua, criando uma experi\u00eancia mais agrad\u00e1vel para os usu\u00e1rios.<\/li>\n<li>Com uma capacidade de 10,4 gal\u00f5es por minuto, o Aqua Jet Duo est\u00e1 bem equipado para lidar com as demandas de v\u00e1rios cen\u00e1rios de uso de \u00e1gua em sua embarca\u00e7\u00e3o.<\/li>\n<\/ul>\n<p>Em conclus\u00e3o, o sistema de press\u00e3o de \u00e1gua doce Johnson Aqua Jet Duo \u00e9 uma escolha excepcional para propriet\u00e1rios de barcos que procuram uma solu\u00e7\u00e3o de press\u00e3o de \u00e1gua confi\u00e1vel, eficiente e silenciosa. Seu design cuidadoso e recursos robustos o tornam um valioso complemento para qualquer experi\u00eancia de navega\u00e7\u00e3o, garantindo que voc\u00ea possa desfrutar de seu tempo na \u00e1gua com confian\u00e7a e conforto.<\/p>\n","protected":false},"excerpt":{"rendered":"<p>Sistema de Pressuriza\u00e7\u00e3o de \u00c1gua Johnson Acqua Jet Duo WPS 10.4 12V &#8211; Estamos muito satisfeitos em apresentar o sistema<\/p>\n","protected":false},"featured_media":5939066,"comment_status":"open","ping_status":"closed","template":"","meta":[],"product_brand":[3047],"product_cat":[1947],"product_tag":[],"class_list":{"0":"post-747189","1":"product","2":"type-product","3":"status-publish","4":"has-post-thumbnail","6":"product_brand-johnson-marine-pt","7":"product_cat-bombas-de-pressao-de-agua","9":"first","10":"instock","11":"shipping-taxable","12":"purchasable","13":"product-type-simple"},"_links":{"self":[{"href":"https:\/\/stoic-curie.212-227-153-4.plesk.page\/pt\/wp-json\/wp\/v2\/product\/747189","targetHints":{"allow":["GET"]}}],"collection":[{"href":"https:\/\/stoic-curie.212-227-153-4.plesk.page\/pt\/wp-json\/wp\/v2\/product"}],"about":[{"href":"https:\/\/stoic-curie.212-227-153-4.plesk.page\/pt\/wp-json\/wp\/v2\/types\/product"}],"replies":[{"embeddable":true,"href":"https:\/\/stoic-curie.212-227-153-4.plesk.page\/pt\/wp-json\/wp\/v2\/comments?post=747189"}],"version-history":[{"count":0,"href":"https:\/\/stoic-curie.212-227-153-4.plesk.page\/pt\/wp-json\/wp\/v2\/product\/747189\/revisions"}],"wp:featuredmedia":[{"embeddable":true,"href":"https:\/\/stoic-curie.212-227-153-4.plesk.page\/pt\/wp-json\/wp\/v2\/media\/5939066"}],"wp:attachment":[{"href":"https:\/\/stoic-curie.212-227-153-4.plesk.page\/pt\/wp-json\/wp\/v2\/media?parent=747189"}],"wp:term":[{"taxonomy":"product_brand","embeddable":true,"href":"https:\/\/stoic-curie.212-227-153-4.plesk.page\/pt\/wp-json\/wp\/v2\/product_brand?post=747189"},{"taxonomy":"product_cat","embeddable":true,"href":"https:\/\/stoic-curie.212-227-153-4.plesk.page\/pt\/wp-json\/wp\/v2\/product_cat?post=747189"},{"taxonomy":"product_tag","embeddable":true,"href":"https:\/\/stoic-curie.212-227-153-4.plesk.page\/pt\/wp-json\/wp\/v2\/product_tag?post=747189"}],"curies":[{"name":"wp","href":"https:\/\/api.w.org\/{rel}","templated":true}]}}