{"id":747191,"date":"2025-03-03T20:56:20","date_gmt":"2025-03-03T19:56:20","guid":{"rendered":"https:\/\/stoic-curie.212-227-153-4.plesk.page\/producto\/interruptor-de-pressao-sobressalente-para-bomba-de-agua-3-5\/"},"modified":"2026-02-25T00:27:50","modified_gmt":"2026-02-25T00:27:50","slug":"interruptor-de-pressao-sobressalente-para-bomba-de-agua-3-5","status":"publish","type":"product","link":"https:\/\/stoic-curie.212-227-153-4.plesk.page\/pt\/product\/interruptor-de-pressao-sobressalente-para-bomba-de-agua-3-5\/","title":{"rendered":"Interruptor de Press\u00e3o Sobressalente para Bomba de \u00e1gua 3.5"},"content":{"rendered":"<p>Interruptor de Press\u00e3o Sobressalente para Bomba de \u00e1gua 3.5 &#8211; <\/p>\n<p>As bombas de press\u00e3o de \u00e1gua doce Johnson Aqua Jet para pias e chuveiros, adequadas para 2 a 4 utilidades. Silenciosas e confi\u00e1veis, garantem anos de servi\u00e7o.<\/p>\n","protected":false},"excerpt":{"rendered":"<p>Interruptor de Press\u00e3o Sobressalente para Bomba de \u00e1gua 3.5 &#8211; As bombas de press\u00e3o de \u00e1gua doce Johnson Aqua Jet<\/p>\n","protected":false},"featured_media":5939067,"comment_status":"open","ping_status":"closed","template":"","meta":[],"product_brand":[2206,3047],"product_cat":[1947],"product_tag":[],"class_list":{"0":"post-747191","1":"product","2":"type-product","3":"status-publish","4":"has-post-thumbnail","6":"product_brand-johnson-marine","7":"product_brand-johnson-marine-pt","8":"product_cat-bombas-de-pressao-de-agua","10":"first","11":"instock","12":"shipping-taxable","13":"purchasable","14":"product-type-simple"},"_links":{"self":[{"href":"https:\/\/stoic-curie.212-227-153-4.plesk.page\/pt\/wp-json\/wp\/v2\/product\/747191","targetHints":{"allow":["GET"]}}],"collection":[{"href":"https:\/\/stoic-curie.212-227-153-4.plesk.page\/pt\/wp-json\/wp\/v2\/product"}],"about":[{"href":"https:\/\/stoic-curie.212-227-153-4.plesk.page\/pt\/wp-json\/wp\/v2\/types\/product"}],"replies":[{"embeddable":true,"href":"https:\/\/stoic-curie.212-227-153-4.plesk.page\/pt\/wp-json\/wp\/v2\/comments?post=747191"}],"version-history":[{"count":0,"href":"https:\/\/stoic-curie.212-227-153-4.plesk.page\/pt\/wp-json\/wp\/v2\/product\/747191\/revisions"}],"wp:featuredmedia":[{"embeddable":true,"href":"https:\/\/stoic-curie.212-227-153-4.plesk.page\/pt\/wp-json\/wp\/v2\/media\/5939067"}],"wp:attachment":[{"href":"https:\/\/stoic-curie.212-227-153-4.plesk.page\/pt\/wp-json\/wp\/v2\/media?parent=747191"}],"wp:term":[{"taxonomy":"product_brand","embeddable":true,"href":"https:\/\/stoic-curie.212-227-153-4.plesk.page\/pt\/wp-json\/wp\/v2\/product_brand?post=747191"},{"taxonomy":"product_cat","embeddable":true,"href":"https:\/\/stoic-curie.212-227-153-4.plesk.page\/pt\/wp-json\/wp\/v2\/product_cat?post=747191"},{"taxonomy":"product_tag","embeddable":true,"href":"https:\/\/stoic-curie.212-227-153-4.plesk.page\/pt\/wp-json\/wp\/v2\/product_tag?post=747191"}],"curies":[{"name":"wp","href":"https:\/\/api.w.org\/{rel}","templated":true}]}}