{"id":747197,"date":"2025-03-03T20:56:22","date_gmt":"2025-03-03T19:56:22","guid":{"rendered":"https:\/\/stoic-curie.212-227-153-4.plesk.page\/producto\/sistema-de-pressurizacao-de-agua-doce-cem-j-inox-8x-12v-50lt-min\/"},"modified":"2026-02-25T00:27:50","modified_gmt":"2026-02-25T00:27:50","slug":"sistema-de-pressurizacao-de-agua-doce-cem-j-inox-8x-12v-50lt-min","status":"publish","type":"product","link":"https:\/\/stoic-curie.212-227-153-4.plesk.page\/pt\/product\/sistema-de-pressurizacao-de-agua-doce-cem-j-inox-8x-12v-50lt-min\/","title":{"rendered":"Sistema de Pressuriza\u00e7\u00e3o de \u00c1gua Doce CEM J-INOX\/8X 12V 50lt\/min"},"content":{"rendered":"<p>Sistema de Pressuriza\u00e7\u00e3o de \u00c1gua Doce CEM J-INOX\/8X 12V 50lt\/min &#8211; <\/p>\n<p>Sistema de press\u00e3o de \u00e1gua doce com tanque acumulador de a\u00e7o inoxid\u00e1vel para embarca\u00e7\u00f5es de 14 a 25 metros<\/p>\n<p><strong>Vis\u00e3o Geral e Usos<\/strong><br \/>Nossos sistemas de press\u00e3o, muitas vezes chamados de autoclaves, desempenham um papel vital no setor n\u00e1utico. Eles garantem uma press\u00e3o de \u00e1gua constante para v\u00e1rias comodidades a bordo, incluindo chuveiros, cozinhas, pias e banheiros.<\/p>\n<p>Para alcan\u00e7ar o melhor desempenho, sugerimos as seguintes diretrizes:<\/p>\n<ul>\n<li>Instale uma v\u00e1lvula de reten\u00e7\u00e3o na linha de suc\u00e7\u00e3o para evitar refluxo.<\/li>\n<li>Se a autoclave n\u00e3o foi utilizada por um longo per\u00edodo, verifique se a press\u00e3o interna do tanque \u00e9 igual ou 0,2 bar inferior \u00e0 press\u00e3o m\u00ednima de calibra\u00e7\u00e3o do interruptor de press\u00e3o.<\/li>\n<\/ul>\n<p><strong>Caracter\u00edsticas de Constru\u00e7\u00e3o<\/strong><br \/>Nossos sistemas de press\u00e3o geralmente v\u00eam equipados com:<\/p>\n<ul>\n<li>Uma bomba el\u00e9trica dos tipos J-mini, J-INOX, JBR ou PB (detalhes sobre a voltagem e desempenho podem ser encontrados na tabela de especifica\u00e7\u00f5es).<\/li>\n<li>Um tanque cil\u00edndrico de 2 litros feito de a\u00e7o inoxid\u00e1vel (2X), um tanque de 2 litros constru\u00eddo de a\u00e7o pintado com uma flancha de a\u00e7o inoxid\u00e1vel (2L), um tanque de 8 litros de a\u00e7o inoxid\u00e1vel (8X) ou um tanque de 8 litros feito de chapa de a\u00e7o pintado com uma flancha de a\u00e7o inoxid\u00e1vel (8L). Todos os tanques incluem uma membrana interna feita de borracha but\u00edlica de grau aliment\u00edcio.<\/li>\n<li>Um interruptor de press\u00e3o com calibra\u00e7\u00e3o padr\u00e3o que pode ser ajustado entre 1.4 e 2.8 bar, conforme indicado na tabela de especifica\u00e7\u00f5es.<\/li>\n<li>Um man\u00f4metro para monitoramento.<\/li>\n<li>Uma conex\u00e3o de lat\u00e3o de 5 vias para f\u00e1cil instala\u00e7\u00e3o.<\/li>\n<\/ul>\n<p><strong>Restri\u00e7\u00f5es de Uso<\/strong><\/p>\n<ul>\n<li>O l\u00edquido deve estar livre de contaminantes s\u00f3lidos.<\/li>\n<li>Faixa de temperatura aceit\u00e1vel para o l\u00edquido: +0 a +50\u00b0C (at\u00e9 +70\u00b0C para as s\u00e9ries PB e JBR).<\/li>\n<li>Press\u00e3o est\u00e1tica m\u00e1xima no corpo da bomba: 6 bar.<\/li>\n<\/ul>\n","protected":false},"excerpt":{"rendered":"<p>Sistema de Pressuriza\u00e7\u00e3o de \u00c1gua Doce CEM J-INOX\/8X 12V 50lt\/min &#8211; Sistema de press\u00e3o de \u00e1gua doce com tanque acumulador<\/p>\n","protected":false},"featured_media":5939075,"comment_status":"open","ping_status":"closed","template":"","meta":[],"product_brand":[2977],"product_cat":[1947],"product_tag":[],"class_list":{"0":"post-747197","1":"product","2":"type-product","3":"status-publish","4":"has-post-thumbnail","6":"product_brand-gianneschi-pt","7":"product_cat-bombas-de-pressao-de-agua","9":"first","10":"instock","11":"shipping-taxable","12":"purchasable","13":"product-type-simple"},"_links":{"self":[{"href":"https:\/\/stoic-curie.212-227-153-4.plesk.page\/pt\/wp-json\/wp\/v2\/product\/747197","targetHints":{"allow":["GET"]}}],"collection":[{"href":"https:\/\/stoic-curie.212-227-153-4.plesk.page\/pt\/wp-json\/wp\/v2\/product"}],"about":[{"href":"https:\/\/stoic-curie.212-227-153-4.plesk.page\/pt\/wp-json\/wp\/v2\/types\/product"}],"replies":[{"embeddable":true,"href":"https:\/\/stoic-curie.212-227-153-4.plesk.page\/pt\/wp-json\/wp\/v2\/comments?post=747197"}],"version-history":[{"count":0,"href":"https:\/\/stoic-curie.212-227-153-4.plesk.page\/pt\/wp-json\/wp\/v2\/product\/747197\/revisions"}],"wp:featuredmedia":[{"embeddable":true,"href":"https:\/\/stoic-curie.212-227-153-4.plesk.page\/pt\/wp-json\/wp\/v2\/media\/5939075"}],"wp:attachment":[{"href":"https:\/\/stoic-curie.212-227-153-4.plesk.page\/pt\/wp-json\/wp\/v2\/media?parent=747197"}],"wp:term":[{"taxonomy":"product_brand","embeddable":true,"href":"https:\/\/stoic-curie.212-227-153-4.plesk.page\/pt\/wp-json\/wp\/v2\/product_brand?post=747197"},{"taxonomy":"product_cat","embeddable":true,"href":"https:\/\/stoic-curie.212-227-153-4.plesk.page\/pt\/wp-json\/wp\/v2\/product_cat?post=747197"},{"taxonomy":"product_tag","embeddable":true,"href":"https:\/\/stoic-curie.212-227-153-4.plesk.page\/pt\/wp-json\/wp\/v2\/product_tag?post=747197"}],"curies":[{"name":"wp","href":"https:\/\/api.w.org\/{rel}","templated":true}]}}