{"id":747198,"date":"2025-03-03T20:56:22","date_gmt":"2025-03-03T19:56:22","guid":{"rendered":"https:\/\/stoic-curie.212-227-153-4.plesk.page\/producto\/sistema-de-pressurizacao-de-agua-doce-cem-12v-50lt-min\/"},"modified":"2026-02-25T00:27:50","modified_gmt":"2026-02-25T00:27:50","slug":"sistema-de-pressurizacao-de-agua-doce-cem-12v-50lt-min","status":"publish","type":"product","link":"https:\/\/stoic-curie.212-227-153-4.plesk.page\/pt\/product\/sistema-de-pressurizacao-de-agua-doce-cem-12v-50lt-min\/","title":{"rendered":"Sistema de Press\u00e3o de \u00c1gua Doce CEM J-INOX\/20X 12v"},"content":{"rendered":"<p>Sistema de Press\u00e3o de \u00c1gua Doce CEM J-INOX\/20X 12v &#8211; <\/p>\n<p style=\"color: rgb(34, 34, 34); font-family: Arial, Helvetica, sans-serif; font-size: small;\">Bomba Autoescorvante de \u00c1gua Doce CEM com Tanque de 20L<\/p>\n<p style=\"color: rgb(34, 34, 34); font-family: Arial, Helvetica, sans-serif; font-size: small;\">A Bomba Autoescorvante de \u00c1gua Doce CEM com tanque de 20 litros \u00e9 projetada especificamente para aplica\u00e7\u00f5es de \u00e1gua doce que exigem uma press\u00e3o constante de \u00e1gua para diversos aparelhos a bordo. Esta bomba fornece eficientemente \u00e1gua pressurizada para instala\u00e7\u00f5es essenciais, como chuveiros, cozinhas, pias e vasos sanit\u00e1rios. Al\u00e9m disso, as Bombas de \u00c1gua Doce da CEM s\u00e3o adequadas para unidades de ar-condicionado, sistemas de combate a inc\u00eandio e limpeza de conv\u00e9s e correntes, entre outros usos.<\/p>\n<p style=\"color: rgb(34, 34, 34); font-family: Arial, Helvetica, sans-serif; font-size: small;\"><strong>Caracter\u00edsticas<\/strong><\/p>\n<ul style=\"color: rgb(34, 34, 34); font-family: Arial, Helvetica, sans-serif; font-size: small;\">\n<li>S\u00e9rie de bombas el\u00e9tricas: J-mini, J-INOX, MG-INOX ou JBR (as especifica\u00e7\u00f5es de tens\u00e3o e desempenho est\u00e3o fornecidas na tabela anexa).<\/li>\n<li>Um tanque cil\u00edndrico de 20 litros feito de a\u00e7o inoxid\u00e1vel (20X) ou a\u00e7o pintado com um flange de a\u00e7o inoxid\u00e1vel (20L), equipado com um diafragma de butilo de qualidade alimentar.<\/li>\n<li>Interruptor de press\u00e3o ajust\u00e1vel (configura\u00e7\u00e3o de f\u00e1brica de 1,4 &#8211; 2,8 bar, personaliz\u00e1vel de acordo com a tabela).<\/li>\n<li>Man\u00f4metro inclu\u00eddo.<\/li>\n<li>Conex\u00e3o de tubo de 5 vias de lat\u00e3o.<\/li>\n<li>Mangueira flex\u00edvel medindo 500 mm.<\/li>\n<\/ul>\n<p style=\"color: rgb(34, 34, 34); font-family: Arial, Helvetica, sans-serif; font-size: small;\"><strong>Constru\u00e7\u00e3o<\/strong><\/p>\n<ul style=\"color: rgb(34, 34, 34); font-family: Arial, Helvetica, sans-serif; font-size: small;\">\n<li>Projetada para l\u00edquidos livres de impurezas s\u00f3lidas.<\/li>\n<li>Faixa de temperatura do l\u00edquido: 0 a 50 \u00b0C.<\/li>\n<li>Press\u00e3o est\u00e1tica m\u00e1xima dentro do corpo da bomba: 6 bar.<\/li>\n<\/ul>\n<p style=\"color: rgb(34, 34, 34); font-family: Arial, Helvetica, sans-serif; font-size: small;\"><strong>Acess\u00f3rios<\/strong><\/p>\n<ul style=\"color: rgb(34, 34, 34); font-family: Arial, Helvetica, sans-serif; font-size: small;\">\n<li>Op\u00e7\u00f5es de v\u00e1lvula de reten\u00e7\u00e3o: 1\u201d ou 1\u201d1\/2.<\/li>\n<li>Interruptor de press\u00e3o de reinicializa\u00e7\u00e3o manual de seguran\u00e7a \u201cSQUARE D\u201d: Este sistema interrompe a press\u00e3o da \u00e1gua quando n\u00e3o h\u00e1 \u00e1gua dispon\u00edvel, evitando que a bomba funcione a seco.<\/li>\n<\/ul>\n<p style=\"color: rgb(34, 34, 34); font-family: Arial, Helvetica, sans-serif; font-size: small;\"><strong>Sobre as Bombas e Ventiladores da CEM<\/strong><\/p>\n<p style=\"color: rgb(34, 34, 34); font-family: Arial, Helvetica, sans-serif; font-size: small;\">Fundada em 1970, a C.E.M. Elettromeccanica S.r.l. se estabeleceu como um fabricante l\u00edder de bombas el\u00e9tricas e motores DC, principalmente para a ind\u00fastria mar\u00edtima. Nas \u00faltimas 48 anos, nosso crescimento cont\u00ednuo em mercados nacionais e internacionais ampliou nossa ampla gama de produtos.<\/p>\n<p style=\"color: rgb(34, 34, 34); font-family: Arial, Helvetica, sans-serif; font-size: small;\">Nos orgulhamos de usar materiais da mais alta qualidade, o que nos torna o parceiro ideal para construtores de barcos de m\u00e9dio e grande porte nos setores de embarca\u00e7\u00f5es de lazer, pesqueiras e militares. Nossa linha de produtos agora inclui:<\/p>\n<ul style=\"color: rgb(34, 34, 34); font-family: Arial, Helvetica, sans-serif; font-size: small;\">\n<li>Bombas el\u00e9tricas DC e AC<\/li>\n<li>Bombas acionadas por correia com embreagens manuais ou eletromagn\u00e9ticas<\/li>\n<li>Bombas acionadas hidraulicamente<\/li>\n<li>Sistemas de press\u00e3o de \u00e1gua<\/li>\n<li>Ventiladores centr\u00edfugos e axiais<\/li>\n<li>Bombas movidas a diesel<\/li>\n<li>Bombas manuais<\/li>\n<li>Motores DC<\/li>\n<\/ul>\n<p style=\"color: rgb(34, 34, 34); font-family: Arial, Helvetica, sans-serif; font-size: small;\">Nosso compromisso com materiais de qualidade superior, design meticuloso e processos de produ\u00e7\u00e3o inovadores garante excelente desempenho e longevidade de nossos produtos. Essa confiabilidade \u00e9 crucial quando a seguran\u00e7a \u00e9 fundamental. Todos os nossos produtos atendem aos padr\u00f5es da ind\u00fastria e podem ser certificados por organiza\u00e7\u00f5es reconhecidas, como Bureau Veritas, Det Norske Veritas (DNV), Lloyd&#8217;s Register e RINA.<\/p>\n","protected":false},"excerpt":{"rendered":"<p>Sistema de Press\u00e3o de \u00c1gua Doce CEM J-INOX\/20X 12v &#8211; Bomba Autoescorvante de \u00c1gua Doce CEM com Tanque de 20L<\/p>\n","protected":false},"featured_media":5939076,"comment_status":"open","ping_status":"closed","template":"","meta":[],"product_brand":[2977],"product_cat":[1947],"product_tag":[],"class_list":{"0":"post-747198","1":"product","2":"type-product","3":"status-publish","4":"has-post-thumbnail","6":"product_brand-gianneschi-pt","7":"product_cat-bombas-de-pressao-de-agua","9":"first","10":"instock","11":"shipping-taxable","12":"purchasable","13":"product-type-simple"},"_links":{"self":[{"href":"https:\/\/stoic-curie.212-227-153-4.plesk.page\/pt\/wp-json\/wp\/v2\/product\/747198","targetHints":{"allow":["GET"]}}],"collection":[{"href":"https:\/\/stoic-curie.212-227-153-4.plesk.page\/pt\/wp-json\/wp\/v2\/product"}],"about":[{"href":"https:\/\/stoic-curie.212-227-153-4.plesk.page\/pt\/wp-json\/wp\/v2\/types\/product"}],"replies":[{"embeddable":true,"href":"https:\/\/stoic-curie.212-227-153-4.plesk.page\/pt\/wp-json\/wp\/v2\/comments?post=747198"}],"version-history":[{"count":0,"href":"https:\/\/stoic-curie.212-227-153-4.plesk.page\/pt\/wp-json\/wp\/v2\/product\/747198\/revisions"}],"wp:featuredmedia":[{"embeddable":true,"href":"https:\/\/stoic-curie.212-227-153-4.plesk.page\/pt\/wp-json\/wp\/v2\/media\/5939076"}],"wp:attachment":[{"href":"https:\/\/stoic-curie.212-227-153-4.plesk.page\/pt\/wp-json\/wp\/v2\/media?parent=747198"}],"wp:term":[{"taxonomy":"product_brand","embeddable":true,"href":"https:\/\/stoic-curie.212-227-153-4.plesk.page\/pt\/wp-json\/wp\/v2\/product_brand?post=747198"},{"taxonomy":"product_cat","embeddable":true,"href":"https:\/\/stoic-curie.212-227-153-4.plesk.page\/pt\/wp-json\/wp\/v2\/product_cat?post=747198"},{"taxonomy":"product_tag","embeddable":true,"href":"https:\/\/stoic-curie.212-227-153-4.plesk.page\/pt\/wp-json\/wp\/v2\/product_tag?post=747198"}],"curies":[{"name":"wp","href":"https:\/\/api.w.org\/{rel}","templated":true}]}}