{"id":747199,"date":"2025-03-03T20:56:22","date_gmt":"2025-03-03T19:56:22","guid":{"rendered":"https:\/\/stoic-curie.212-227-153-4.plesk.page\/producto\/sistema-de-pressurizacao-de-agua-doce-cem-j-inox-8x-24v-50lt-min\/"},"modified":"2026-02-25T00:27:50","modified_gmt":"2026-02-25T00:27:50","slug":"sistema-de-pressurizacao-de-agua-doce-cem-j-inox-8x-24v-50lt-min","status":"publish","type":"product","link":"https:\/\/stoic-curie.212-227-153-4.plesk.page\/pt\/product\/sistema-de-pressurizacao-de-agua-doce-cem-j-inox-8x-24v-50lt-min\/","title":{"rendered":"Sistema de Pressuriza\u00e7\u00e3o de \u00c1gua Doce CEM J-Inox 8X 24V 50lt\/min"},"content":{"rendered":"<p>Sistema de Pressuriza\u00e7\u00e3o de \u00c1gua Doce CEM J-Inox 8X 24V 50lt\/min &#8211; <\/p>\n<p style=\"color: rgb(34, 34, 34); font-family: Arial, Helvetica, sans-serif; font-size: small;\">Sistema de press\u00e3o de \u00e1gua doce com tanque acumulador em a\u00e7o inoxid\u00e1vel para barcos com 14 a 25 metros<\/p>\n<p style=\"color: rgb(34, 34, 34); font-family: Arial, Helvetica, sans-serif; font-size: small;\"><strong>Descri\u00e7\u00e3o e Aplica\u00e7\u00f5es<\/strong><br \/>Nossos sistemas de press\u00e3o, comumente conhecidos como autoclaves, s\u00e3o essenciais na ind\u00fastria n\u00e1utica. Eles fornecem press\u00e3o de \u00e1gua consistente para servi\u00e7os a bordo, como chuveiros, cozinhas, pias e banheiros.<\/p>\n<p style=\"color: rgb(34, 34, 34); font-family: Arial, Helvetica, sans-serif; font-size: small;\">Para um desempenho ideal, recomendamos o seguinte:<\/p>\n<ul style=\"color: rgb(34, 34, 34); font-family: Arial, Helvetica, sans-serif; font-size: small;\">\n<li>Instalar uma v\u00e1lvula de reten\u00e7\u00e3o na linha de suc\u00e7\u00e3o.<\/li>\n<li>Se a autoclave n\u00e3o for usada por um longo per\u00edodo, certifique-se de que a press\u00e3o interna do tanque seja igual ou 0,2 bar inferior \u00e0 press\u00e3o m\u00ednima de calibra\u00e7\u00e3o do interruptor de press\u00e3o.<\/li>\n<\/ul>\n<p style=\"color: rgb(34, 34, 34); font-family: Arial, Helvetica, sans-serif; font-size: small;\"><strong>Caracter\u00edsticas de Constru\u00e7\u00e3o<\/strong><br \/>Nossos sistemas de press\u00e3o geralmente v\u00eam equipados com:<\/p>\n<ul style=\"color: rgb(34, 34, 34); font-family: Arial, Helvetica, sans-serif; font-size: small;\">\n<li>Uma bomba el\u00e9trica do tipo J-mini, J-INOX, JBR ou PB (os detalhes de tens\u00e3o e desempenho s\u00e3o fornecidos na tabela de especifica\u00e7\u00f5es).<\/li>\n<li>Um tanque cil\u00edndrico de 2 litros feito de a\u00e7o inoxid\u00e1vel (2X), um tanque de 2 litros em a\u00e7o pintado com uma flange de a\u00e7o inoxid\u00e1vel (2L), um tanque de 8 litros em a\u00e7o inoxid\u00e1vel (8X) ou um tanque de 8 litros em chapa de a\u00e7o pintada com flange de a\u00e7o inoxid\u00e1vel (8L). Todos os tanques possuem uma membrana interna feita de borracha but\u00edlica de grau aliment\u00edcio.<\/li>\n<li>Um interruptor de press\u00e3o com calibra\u00e7\u00e3o padr\u00e3o ajust\u00e1vel entre 1,4 e 2,8 bar, conforme recomendado na tabela de especifica\u00e7\u00f5es.<\/li>\n<li>Um man\u00f4metro.<\/li>\n<li>Uma conex\u00e3o de lat\u00e3o de 5 vias.<\/li>\n<\/ul>\n<p style=\"color: rgb(34, 34, 34); font-family: Arial, Helvetica, sans-serif; font-size: small;\"><strong>Limites de Uso<\/strong><\/p>\n<ul style=\"color: rgb(34, 34, 34); font-family: Arial, Helvetica, sans-serif; font-size: small;\">\n<li>O l\u00edquido deve estar livre de impurezas s\u00f3lidas.<\/li>\n<li>Faixa de temperatura do l\u00edquido: +0 a +50\u00b0C (at\u00e9 +70\u00b0C para as s\u00e9ries PB e JBR).<\/li>\n<li>Press\u00e3o est\u00e1tica m\u00e1xima no corpo da bomba: 6 bar.<\/li>\n<\/ul>\n","protected":false},"excerpt":{"rendered":"<p>Sistema de Pressuriza\u00e7\u00e3o de \u00c1gua Doce CEM J-Inox 8X 24V 50lt\/min &#8211; Sistema de press\u00e3o de \u00e1gua doce com tanque<\/p>\n","protected":false},"featured_media":5939075,"comment_status":"open","ping_status":"closed","template":"","meta":[],"product_brand":[2977],"product_cat":[1947],"product_tag":[],"class_list":{"0":"post-747199","1":"product","2":"type-product","3":"status-publish","4":"has-post-thumbnail","6":"product_brand-gianneschi-pt","7":"product_cat-bombas-de-pressao-de-agua","9":"first","10":"instock","11":"shipping-taxable","12":"purchasable","13":"product-type-simple"},"_links":{"self":[{"href":"https:\/\/stoic-curie.212-227-153-4.plesk.page\/pt\/wp-json\/wp\/v2\/product\/747199","targetHints":{"allow":["GET"]}}],"collection":[{"href":"https:\/\/stoic-curie.212-227-153-4.plesk.page\/pt\/wp-json\/wp\/v2\/product"}],"about":[{"href":"https:\/\/stoic-curie.212-227-153-4.plesk.page\/pt\/wp-json\/wp\/v2\/types\/product"}],"replies":[{"embeddable":true,"href":"https:\/\/stoic-curie.212-227-153-4.plesk.page\/pt\/wp-json\/wp\/v2\/comments?post=747199"}],"version-history":[{"count":0,"href":"https:\/\/stoic-curie.212-227-153-4.plesk.page\/pt\/wp-json\/wp\/v2\/product\/747199\/revisions"}],"wp:featuredmedia":[{"embeddable":true,"href":"https:\/\/stoic-curie.212-227-153-4.plesk.page\/pt\/wp-json\/wp\/v2\/media\/5939075"}],"wp:attachment":[{"href":"https:\/\/stoic-curie.212-227-153-4.plesk.page\/pt\/wp-json\/wp\/v2\/media?parent=747199"}],"wp:term":[{"taxonomy":"product_brand","embeddable":true,"href":"https:\/\/stoic-curie.212-227-153-4.plesk.page\/pt\/wp-json\/wp\/v2\/product_brand?post=747199"},{"taxonomy":"product_cat","embeddable":true,"href":"https:\/\/stoic-curie.212-227-153-4.plesk.page\/pt\/wp-json\/wp\/v2\/product_cat?post=747199"},{"taxonomy":"product_tag","embeddable":true,"href":"https:\/\/stoic-curie.212-227-153-4.plesk.page\/pt\/wp-json\/wp\/v2\/product_tag?post=747199"}],"curies":[{"name":"wp","href":"https:\/\/api.w.org\/{rel}","templated":true}]}}