{"id":747201,"date":"2025-03-03T20:56:23","date_gmt":"2025-03-03T19:56:23","guid":{"rendered":"https:\/\/stoic-curie.212-227-153-4.plesk.page\/producto\/sistema-de-pressurizacao-de-agua-doce-cem-90lt-min-24v\/"},"modified":"2026-02-25T00:27:50","modified_gmt":"2026-02-25T00:27:50","slug":"sistema-de-pressurizacao-de-agua-doce-cem-90lt-min-24v","status":"publish","type":"product","link":"https:\/\/stoic-curie.212-227-153-4.plesk.page\/pt\/product\/sistema-de-pressurizacao-de-agua-doce-cem-90lt-min-24v\/","title":{"rendered":"Sistema de Pressuriza\u00e7\u00e3o de \u00c1gua Doce CEM 90lt\/min 24V"},"content":{"rendered":"<p>Sistema de Pressuriza\u00e7\u00e3o de \u00c1gua Doce CEM 90lt\/min 24V &#8211; <\/p>\n<p style=\"color: rgb(34, 34, 34); font-family: Arial, Helvetica, sans-serif; font-size: small;\"><strong>Sistema de Press\u00e3o de \u00c1gua MG-INOX\/20X para \u00c1gua Doce<\/strong><\/p>\n<p style=\"color: rgb(34, 34, 34); font-family: Arial, Helvetica, sans-serif; font-size: small;\">O sistema de press\u00e3o de \u00e1gua doce MG-INOX\/20X \u00e9 projetado para barcos com comprimento de 18 a 35 metros. Possui um tanque acumulador em a\u00e7o inoxid\u00e1vel, uma bomba em a\u00e7o inoxid\u00e1vel e um impeller de tecnopol\u00edmero Noryl, garantindo durabilidade e confiabilidade.<\/p>\n<p style=\"color: rgb(34, 34, 34); font-family: Arial, Helvetica, sans-serif; font-size: small;\">Este sistema \u00e9 amplamente utilizado no setor n\u00e1utico para proporcionar uma press\u00e3o de \u00e1gua constante e adequada para v\u00e1rios aparelhos a bordo, incluindo chuveiros, pias e vasos sanit\u00e1rios. Para um desempenho ideal, recomendamos o seguinte:<\/p>\n<ul style=\"color: rgb(34, 34, 34); font-family: Arial, Helvetica, sans-serif; font-size: small;\">\n<li>Instalar uma v\u00e1lvula de retens\u00e3o na entrada de suc\u00e7\u00e3o.<\/li>\n<li>Se a unidade n\u00e3o tiver sido utilizada por um per\u00edodo prolongado, certifique-se de que a press\u00e3o interna do tanque seja igual ou inferior a 0,2 bar antes da opera\u00e7\u00e3o, de acordo com a press\u00e3o m\u00ednima de ajuste do interruptor de press\u00e3o.<\/li>\n<\/ul>\n<p style=\"color: rgb(34, 34, 34); font-family: Arial, Helvetica, sans-serif; font-size: small;\"><strong>Caracter\u00edsticas de Constru\u00e7\u00e3o<\/strong><\/p>\n<p style=\"color: rgb(34, 34, 34); font-family: Arial, Helvetica, sans-serif; font-size: small;\">Nossos sistemas de press\u00e3o de \u00e1gua incluem geralmente:<\/p>\n<ul style=\"color: rgb(34, 34, 34); font-family: Arial, Helvetica, sans-serif; font-size: small;\">\n<li>Uma bomba el\u00e9trica das s\u00e9ries J-mini, J-INOX, MG-INOX ou JBR (as especifica\u00e7\u00f5es de tens\u00e3o e desempenho est\u00e3o detalhadas na tabela anexa).<\/li>\n<li>Um tanque cil\u00edndrico com capacidade de 20 litros, dispon\u00edvel em a\u00e7o inoxid\u00e1vel (20X) ou a\u00e7o pintado com flange de a\u00e7o inoxid\u00e1vel (20L), com um diafragma de borracha de butila interno adequado para uso aliment\u00edcio.<\/li>\n<li>Um interruptor de press\u00e3o com ajuste de s\u00e9rie de 1,4 \u2013 2,8, ajust\u00e1vel aos valores recomendados na tabela.<\/li>\n<li>Um man\u00f4metro.<\/li>\n<li>Um acess\u00f3rio de tubo de 5 vias de lat\u00e3o.<\/li>\n<li>Uma mangueira flex\u00edvel de 500 mm.<\/li>\n<\/ul>\n<p style=\"color: rgb(34, 34, 34); font-family: Arial, Helvetica, sans-serif; font-size: small;\"><strong>Campo de Uso<\/strong><\/p>\n<ul style=\"color: rgb(34, 34, 34); font-family: Arial, Helvetica, sans-serif; font-size: small;\">\n<li>Adequado para l\u00edquidos livres de impurezas s\u00f3lidas.<\/li>\n<li>Faixa de temperatura para o l\u00edquido: +0 a +50 \u00b0C.<\/li>\n<li>Press\u00e3o est\u00e1tica m\u00e1xima dentro do corpo da bomba: 6 bar.<\/li>\n<\/ul>\n<p style=\"color: rgb(34, 34, 34); font-family: Arial, Helvetica, sans-serif; font-size: small;\"><strong>Acess\u00f3rios Dispon\u00edveis Sob Solicita\u00e7\u00e3o<\/strong><\/p>\n<ul style=\"color: rgb(34, 34, 34); font-family: Arial, Helvetica, sans-serif; font-size: small;\">\n<li>V\u00e1lvulas de retens\u00e3o em tamanhos de 1\u201d ou 1\u201d1\/2.<\/li>\n<li>Interruptor de press\u00e3o de reinicializa\u00e7\u00e3o manual de seguran\u00e7a \u201cSQUARE D\u201d: Este sistema oferece uma vantagem significativa em rela\u00e7\u00e3o aos interruptores de press\u00e3o padr\u00e3o, parando o sistema de press\u00e3o de \u00e1gua quando n\u00e3o h\u00e1 \u00e1gua dispon\u00edvel, evitando, assim, que a unidade funcione sem \u00e1gua.<\/li>\n<\/ul>\n","protected":false},"excerpt":{"rendered":"<p>Sistema de Pressuriza\u00e7\u00e3o de \u00c1gua Doce CEM 90lt\/min 24V &#8211; Sistema de Press\u00e3o de \u00c1gua MG-INOX\/20X para \u00c1gua Doce O<\/p>\n","protected":false},"featured_media":5939077,"comment_status":"open","ping_status":"closed","template":"","meta":[],"product_brand":[2977],"product_cat":[1947],"product_tag":[],"class_list":{"0":"post-747201","1":"product","2":"type-product","3":"status-publish","4":"has-post-thumbnail","6":"product_brand-gianneschi-pt","7":"product_cat-bombas-de-pressao-de-agua","9":"first","10":"instock","11":"shipping-taxable","12":"purchasable","13":"product-type-simple"},"_links":{"self":[{"href":"https:\/\/stoic-curie.212-227-153-4.plesk.page\/pt\/wp-json\/wp\/v2\/product\/747201","targetHints":{"allow":["GET"]}}],"collection":[{"href":"https:\/\/stoic-curie.212-227-153-4.plesk.page\/pt\/wp-json\/wp\/v2\/product"}],"about":[{"href":"https:\/\/stoic-curie.212-227-153-4.plesk.page\/pt\/wp-json\/wp\/v2\/types\/product"}],"replies":[{"embeddable":true,"href":"https:\/\/stoic-curie.212-227-153-4.plesk.page\/pt\/wp-json\/wp\/v2\/comments?post=747201"}],"version-history":[{"count":0,"href":"https:\/\/stoic-curie.212-227-153-4.plesk.page\/pt\/wp-json\/wp\/v2\/product\/747201\/revisions"}],"wp:featuredmedia":[{"embeddable":true,"href":"https:\/\/stoic-curie.212-227-153-4.plesk.page\/pt\/wp-json\/wp\/v2\/media\/5939077"}],"wp:attachment":[{"href":"https:\/\/stoic-curie.212-227-153-4.plesk.page\/pt\/wp-json\/wp\/v2\/media?parent=747201"}],"wp:term":[{"taxonomy":"product_brand","embeddable":true,"href":"https:\/\/stoic-curie.212-227-153-4.plesk.page\/pt\/wp-json\/wp\/v2\/product_brand?post=747201"},{"taxonomy":"product_cat","embeddable":true,"href":"https:\/\/stoic-curie.212-227-153-4.plesk.page\/pt\/wp-json\/wp\/v2\/product_cat?post=747201"},{"taxonomy":"product_tag","embeddable":true,"href":"https:\/\/stoic-curie.212-227-153-4.plesk.page\/pt\/wp-json\/wp\/v2\/product_tag?post=747201"}],"curies":[{"name":"wp","href":"https:\/\/api.w.org\/{rel}","templated":true}]}}