{"id":747203,"date":"2025-03-03T20:56:24","date_gmt":"2025-03-03T19:56:24","guid":{"rendered":"https:\/\/stoic-curie.212-227-153-4.plesk.page\/producto\/sistema-de-pressurizacao-de-agua-doce-cem-24v-50lt-min-com-epc\/"},"modified":"2026-02-25T00:27:50","modified_gmt":"2026-02-25T00:27:50","slug":"sistema-de-pressurizacao-de-agua-doce-cem-24v-50lt-min-com-epc","status":"publish","type":"product","link":"https:\/\/stoic-curie.212-227-153-4.plesk.page\/pt\/product\/sistema-de-pressurizacao-de-agua-doce-cem-24v-50lt-min-com-epc\/","title":{"rendered":"Sistema de Pressuriza\u00e7\u00e3o de \u00c1gua Doce CEM 24V 50lt\/min com EPC"},"content":{"rendered":"<p>Sistema de Pressuriza\u00e7\u00e3o de \u00c1gua Doce CEM 24V 50lt\/min com EPC &#8211; <\/p>\n<p>O sistema de press\u00e3o de \u00e1gua doce EPC (Controle Eletr\u00f4nico de Press\u00e3o) est\u00e1 equipado com fun\u00e7\u00f5es autom\u00e1ticas de in\u00edcio e parada. A bomba para de funcionar quando n\u00e3o h\u00e1 \u00e1gua dispon\u00edvel e reinicia automaticamente assim que a \u00e1gua \u00e9 detectada novamente. Este sistema \u00e9 ideal para barcos com entre 16 e 24 metros de comprimento.<\/p>\n<p>Tanto a bomba quanto o impulsor s\u00e3o constru\u00eddos em a\u00e7o inoxid\u00e1vel, o que garante durabilidade e confiabilidade.<\/p>\n<p>As caracter\u00edsticas not\u00e1veis da bomba de \u00e1gua doce operada eletronicamente CEM incluem:<\/p>\n<ul>\n<li>Uma unidade de bomba autoescorvante feita de a\u00e7o inoxid\u00e1vel.<\/li>\n<li>O sistema EPC interrompe automaticamente a bomba quando o fornecimento de \u00e1gua acaba, evitando a opera\u00e7\u00e3o a seco.<\/li>\n<li>Monitoramento cont\u00ednuo da opera\u00e7\u00e3o atrav\u00e9s de luzes de aviso: uma luz verde indica que a bomba est\u00e1 ativa, enquanto uma luz vermelha indica uma falha (como falta d&#8217;\u00e1gua).<\/li>\n<li>Ele mant\u00e9m uma press\u00e3o constante durante o fornecimento de \u00e1gua.<\/li>\n<li>Seu design compacto \u00e9 mais eficiente em compara\u00e7\u00e3o com as bombas de \u00e1gua doce tradicionais com tanques.<\/li>\n<\/ul>\n<p>Especifica\u00e7\u00f5es:<\/p>\n<ul>\n<li>Voltagem: 24V<\/li>\n<li>Taxa de fluxo: 55 litros por minuto<\/li>\n<li>Altura m\u00e1xima: 28 metros<\/li>\n<li>Poder do motor: 0,4 HP (300 W)<\/li>\n<li>Velocidade do motor: 2200 RPM<\/li>\n<li>Corrente do motor: 33 A<\/li>\n<li>Press\u00e3o m\u00e1xima: 2,8 bar<\/li>\n<li>Tamanho do adaptador de mangueira: 1 polegada<\/li>\n<li>Peso: 7 kg<\/li>\n<\/ul>\n<p>Este sistema \u00e9 projetado para melhorar sua experi\u00eancia de navega\u00e7\u00e3o, garantindo uma gest\u00e3o confi\u00e1vel e eficiente da press\u00e3o da \u00e1gua doce.<\/p>\n","protected":false},"excerpt":{"rendered":"<p>Sistema de Pressuriza\u00e7\u00e3o de \u00c1gua Doce CEM 24V 50lt\/min com EPC &#8211; O sistema de press\u00e3o de \u00e1gua doce EPC<\/p>\n","protected":false},"featured_media":5939078,"comment_status":"open","ping_status":"closed","template":"","meta":[],"product_brand":[2977],"product_cat":[1947],"product_tag":[],"class_list":{"0":"post-747203","1":"product","2":"type-product","3":"status-publish","4":"has-post-thumbnail","6":"product_brand-gianneschi-pt","7":"product_cat-bombas-de-pressao-de-agua","9":"first","10":"instock","11":"shipping-taxable","12":"purchasable","13":"product-type-simple"},"_links":{"self":[{"href":"https:\/\/stoic-curie.212-227-153-4.plesk.page\/pt\/wp-json\/wp\/v2\/product\/747203","targetHints":{"allow":["GET"]}}],"collection":[{"href":"https:\/\/stoic-curie.212-227-153-4.plesk.page\/pt\/wp-json\/wp\/v2\/product"}],"about":[{"href":"https:\/\/stoic-curie.212-227-153-4.plesk.page\/pt\/wp-json\/wp\/v2\/types\/product"}],"replies":[{"embeddable":true,"href":"https:\/\/stoic-curie.212-227-153-4.plesk.page\/pt\/wp-json\/wp\/v2\/comments?post=747203"}],"version-history":[{"count":0,"href":"https:\/\/stoic-curie.212-227-153-4.plesk.page\/pt\/wp-json\/wp\/v2\/product\/747203\/revisions"}],"wp:featuredmedia":[{"embeddable":true,"href":"https:\/\/stoic-curie.212-227-153-4.plesk.page\/pt\/wp-json\/wp\/v2\/media\/5939078"}],"wp:attachment":[{"href":"https:\/\/stoic-curie.212-227-153-4.plesk.page\/pt\/wp-json\/wp\/v2\/media?parent=747203"}],"wp:term":[{"taxonomy":"product_brand","embeddable":true,"href":"https:\/\/stoic-curie.212-227-153-4.plesk.page\/pt\/wp-json\/wp\/v2\/product_brand?post=747203"},{"taxonomy":"product_cat","embeddable":true,"href":"https:\/\/stoic-curie.212-227-153-4.plesk.page\/pt\/wp-json\/wp\/v2\/product_cat?post=747203"},{"taxonomy":"product_tag","embeddable":true,"href":"https:\/\/stoic-curie.212-227-153-4.plesk.page\/pt\/wp-json\/wp\/v2\/product_tag?post=747203"}],"curies":[{"name":"wp","href":"https:\/\/api.w.org\/{rel}","templated":true}]}}