{"id":747207,"date":"2025-03-03T20:56:25","date_gmt":"2025-03-03T19:56:25","guid":{"rendered":"https:\/\/stoic-curie.212-227-153-4.plesk.page\/producto\/bomba-de-embraiagem-eletromagnetica-johnson-f8b-5001-1-1-2\/"},"modified":"2026-02-25T00:27:50","modified_gmt":"2026-02-25T00:27:50","slug":"bomba-de-embraiagem-eletromagnetica-johnson-f8b-5001-1-1-2","status":"publish","type":"product","link":"https:\/\/stoic-curie.212-227-153-4.plesk.page\/pt\/product\/bomba-de-embraiagem-eletromagnetica-johnson-f8b-5001-1-1-2\/","title":{"rendered":"Johnson 10-13022-99"},"content":{"rendered":"<p>Johnson 10-13022-99 &#8211; <\/p>\n<p style=\"color: rgb(34, 34, 34); font-family: Arial, Helvetica, sans-serif; font-size: small;\">Apresentamos a Johnson Pump F8B-5001, refer\u00eancia SPX 10-13022-99. Esta bomba possui um embreagem eletromagn\u00e9tica projetada para aplica\u00e7\u00f5es pesadas. Com essa embreagem inovadora, voc\u00ea pode ativar a bomba com apenas um toque de bot\u00e3o, mesmo a dist\u00e2ncia. Quando conectada a um interruptor de v\u00e1cuo\u2014recomendado para uso em bomba de por\u00e3o\u2014 a embreagem se desengata automaticamente quando a bomba come\u00e7a a puxar ar. Esse recurso ajuda a prevenir a opera\u00e7\u00e3o seca e protege a bomba contra danos.<\/p>\n<p style=\"color: rgb(34, 34, 34); font-family: Arial, Helvetica, sans-serif; font-size: small;\">Nossas bombas com controle autom\u00e1tico est\u00e3o dispon\u00edveis em tamanhos que v\u00e3o de 1&#8243; a 2\u00bd&#8221; (20 l\/min a 625 l\/min) e est\u00e3o dispon\u00edveis em 12 ou 24 volts. As pe\u00e7as de desgaste s\u00e3o f\u00e1ceis de substituir, e kits de manuten\u00e7\u00e3o s\u00e3o oferecidos para todos os modelos padr\u00e3o. Um interruptor de v\u00e1cuo est\u00e1 dispon\u00edvel como acess\u00f3rio adicional, mas observe que a embreagem deve ser encomendada separadamente.<\/p>\n<p style=\"color: rgb(34, 34, 34); font-family: Arial, Helvetica, sans-serif; font-size: small;\"><strong>Especifica\u00e7\u00f5es:<\/strong><\/p>\n<ul style=\"color: rgb(34, 34, 34); font-family: Arial, Helvetica, sans-serif; font-size: small;\">\n<li><strong>Corpo da Bomba:<\/strong>&nbsp;Bronze<\/li>\n<li><strong>Conex\u00e3o para Interruptor de V\u00e1cuo<\/strong><\/li>\n<li><strong>Eixo:<\/strong>&nbsp;A\u00e7o inoxid\u00e1vel com rolamentos duplos lubrificados permanentemente<\/li>\n<li><strong>Veda\u00e7\u00e3o:<\/strong>&nbsp;Veda\u00e7\u00e3o mec\u00e2nica<\/li>\n<li><strong>Cam:<\/strong>&nbsp;Combinado total ou parcial<\/li>\n<li><strong>Conex\u00e3o:<\/strong>&nbsp;1\u00bd&#8221; BSP<\/li>\n<li><strong>Embreagem:<\/strong>&nbsp;Eletromagn\u00e9tica 12\/24 V DC<\/li>\n<li><strong>Polia:<\/strong>&nbsp;2xA ou 1xB ranhura<\/li>\n<li><strong>Di\u00e2metro da Polia:<\/strong>&nbsp;178 mm \/ 7&#8243;<\/li>\n<li><strong>Impeller:<\/strong>&nbsp;09-819B<\/li>\n<li><strong>Peso:<\/strong>&nbsp;9.9 kg &#8211; 22 lbs<\/li>\n<\/ul>\n<p style=\"color: rgb(34, 34, 34); font-family: Arial, Helvetica, sans-serif; font-size: small;\"><strong>Dimens\u00f5es:<\/strong><\/p>\n<ul style=\"color: rgb(34, 34, 34); font-family: Arial, Helvetica, sans-serif; font-size: small;\">\n<li><strong>Comprimento:<\/strong>&nbsp;225 mm &#8211; 8.85&#8243;<\/li>\n<li><strong>Altura:<\/strong>&nbsp;160 mm &#8211; 6.29&#8243;<\/li>\n<li><strong>Largura:<\/strong>&nbsp;124 mm &#8211; 4.88&#8243;<\/li>\n<\/ul>\n<p style=\"color: rgb(34, 34, 34); font-family: Arial, Helvetica, sans-serif; font-size: small;\">Esta bomba \u00e9 uma escolha confi\u00e1vel para suas necessidades de navega\u00e7\u00e3o, garantindo efici\u00eancia e durabilidade.<\/p>\n","protected":false},"excerpt":{"rendered":"<p>Johnson 10-13022-99 &#8211; Apresentamos a Johnson Pump F8B-5001, refer\u00eancia SPX 10-13022-99. Esta bomba possui um embreagem eletromagn\u00e9tica projetada para aplica\u00e7\u00f5es<\/p>\n","protected":false},"featured_media":5939083,"comment_status":"open","ping_status":"closed","template":"","meta":[],"product_brand":[3047],"product_cat":[2096],"product_tag":[],"class_list":{"0":"post-747207","1":"product","2":"type-product","3":"status-publish","4":"has-post-thumbnail","6":"product_brand-johnson-marine-pt","7":"product_cat-bombas-de-arrefecimento-do-motor","9":"first","10":"instock","11":"shipping-taxable","12":"purchasable","13":"product-type-simple"},"_links":{"self":[{"href":"https:\/\/stoic-curie.212-227-153-4.plesk.page\/pt\/wp-json\/wp\/v2\/product\/747207","targetHints":{"allow":["GET"]}}],"collection":[{"href":"https:\/\/stoic-curie.212-227-153-4.plesk.page\/pt\/wp-json\/wp\/v2\/product"}],"about":[{"href":"https:\/\/stoic-curie.212-227-153-4.plesk.page\/pt\/wp-json\/wp\/v2\/types\/product"}],"replies":[{"embeddable":true,"href":"https:\/\/stoic-curie.212-227-153-4.plesk.page\/pt\/wp-json\/wp\/v2\/comments?post=747207"}],"version-history":[{"count":0,"href":"https:\/\/stoic-curie.212-227-153-4.plesk.page\/pt\/wp-json\/wp\/v2\/product\/747207\/revisions"}],"wp:featuredmedia":[{"embeddable":true,"href":"https:\/\/stoic-curie.212-227-153-4.plesk.page\/pt\/wp-json\/wp\/v2\/media\/5939083"}],"wp:attachment":[{"href":"https:\/\/stoic-curie.212-227-153-4.plesk.page\/pt\/wp-json\/wp\/v2\/media?parent=747207"}],"wp:term":[{"taxonomy":"product_brand","embeddable":true,"href":"https:\/\/stoic-curie.212-227-153-4.plesk.page\/pt\/wp-json\/wp\/v2\/product_brand?post=747207"},{"taxonomy":"product_cat","embeddable":true,"href":"https:\/\/stoic-curie.212-227-153-4.plesk.page\/pt\/wp-json\/wp\/v2\/product_cat?post=747207"},{"taxonomy":"product_tag","embeddable":true,"href":"https:\/\/stoic-curie.212-227-153-4.plesk.page\/pt\/wp-json\/wp\/v2\/product_tag?post=747207"}],"curies":[{"name":"wp","href":"https:\/\/api.w.org\/{rel}","templated":true}]}}