{"id":747208,"date":"2025-03-03T20:56:25","date_gmt":"2025-03-03T19:56:25","guid":{"rendered":"https:\/\/stoic-curie.212-227-153-4.plesk.page\/producto\/bomba-de-embraiagem-eletromagnetica-johnson-2-f9b-5600\/"},"modified":"2026-02-25T00:27:50","modified_gmt":"2026-02-25T00:27:50","slug":"bomba-de-embraiagem-eletromagnetica-johnson-2-f9b-5600","status":"publish","type":"product","link":"https:\/\/stoic-curie.212-227-153-4.plesk.page\/pt\/product\/bomba-de-embraiagem-eletromagnetica-johnson-2-f9b-5600\/","title":{"rendered":"Johnson 10-13027-99"},"content":{"rendered":"<p>Johnson 10-13027-99 &#8211; <\/p>\n<p style=\"color: rgb(34, 34, 34); font-family: Arial, Helvetica, sans-serif; font-size: small;\"><strong>Bomba Johnson F9B-5600, Refer\u00eancia SPX 10-13027-99<\/strong><\/p>\n<p style=\"color: rgb(34, 34, 34); font-family: Arial, Helvetica, sans-serif; font-size: small;\">A Bomba Johnson F9B-5600 possui um embreagem eletromagn\u00e9tica projetada para aplica\u00e7\u00f5es de alta carga. Esta inova\u00e7\u00e3o permite ativar a bomba com o pressionar de um bot\u00e3o, mesmo a dist\u00e2ncia. Quando combinada com um interruptor de v\u00e1cuo\u2014recomendado para uso com bombas de por\u00e3o\u2014, a embreagem desengata automaticamente se a bomba come\u00e7ar a puxar ar. Este recurso importante ajuda a evitar o funcionamento a seco e protege a bomba de danos.<\/p>\n<p style=\"color: rgb(34, 34, 34); font-family: Arial, Helvetica, sans-serif; font-size: small;\">O modelo FxB-5xxx refere-se a uma bomba com impulsor flex\u00edvel, com um corpo de bronze dur\u00e1vel. O &#8220;5&#8221; indica que \u00e9 montada em pedestal, equipada com rolamentos duplos e um selo mec\u00e2nico, e operada por uma embreagem magn\u00e9tica.<\/p>\n<p style=\"color: rgb(34, 34, 34); font-family: Arial, Helvetica, sans-serif; font-size: small;\"><strong>Variantes do Produto:<\/strong><\/p>\n<ul style=\"color: rgb(34, 34, 34); font-family: Arial, Helvetica, sans-serif; font-size: small;\">\n<li><strong>TSS:<\/strong>&nbsp;Modelo Space Saver, projetado com flanges horizontais para economizar espa\u00e7o.<\/li>\n<li><strong>VF:<\/strong>&nbsp;Modelo com Flanges Verticais.<\/li>\n<\/ul>\n<p style=\"color: rgb(34, 34, 34); font-family: Arial, Helvetica, sans-serif; font-size: small;\">Nossas bombas com controle autom\u00e1tico est\u00e3o dispon\u00edveis em tamanhos de 1&#8243; a 2\u00bd&#8221; (20 L\/min a 625 L\/min) e v\u00eam com embreagens em 12 ou 24 volts. As pe\u00e7as de desgaste s\u00e3o facilmente substitu\u00edveis e kits de servi\u00e7o est\u00e3o dispon\u00edveis para todos os modelos padr\u00e3o. Um interruptor de v\u00e1cuo pode ser adquirido como um acess\u00f3rio adicional. Observe que a embreagem deve ser encomendada separadamente.<\/p>\n<p style=\"color: rgb(34, 34, 34); font-family: Arial, Helvetica, sans-serif; font-size: small;\">A bomba com embreagem Johnson 10-13027-99, feita de bronze, \u00e9 perfeita para lavagem de deck e aplica\u00e7\u00f5es em por\u00e3o. Possui um impulsor de neoprene, selo mec\u00e2nico e capacidades de auto-aspira\u00e7\u00e3o. Esta bomba tem conex\u00f5es BSP de 2&#8243; e uma taxa de fluxo de 376 litros por minuto (a 2000 rpm).<\/p>\n<p style=\"color: rgb(34, 34, 34); font-family: Arial, Helvetica, sans-serif; font-size: small;\"><strong>Dimens\u00f5es da Bomba:<\/strong><\/p>\n<ul style=\"color: rgb(34, 34, 34); font-family: Arial,Helvetica,sans-serif; font-size: small;\">\n<li>Altura: 157 mm<\/li>\n<li>Comprimento: 290 mm<\/li>\n<li>Largura: 192 mm<\/li>\n<\/ul>\n<p style=\"color: rgb(34, 34, 34); font-family: Arial, Helvetica, sans-serif; font-size: small;\">\u00c9 compat\u00edvel com sistemas el\u00e9tricos de 12V e 24V.<\/p>\n<p style=\"color: rgb(34, 34, 34); font-family: Arial, Helvetica, sans-serif; font-size: small;\"><strong>Especifica\u00e7\u00f5es:<\/strong><\/p>\n<ul style=\"color: rgb(34, 34, 34); font-family: Arial, Helvetica, sans-serif; font-size: small;\">\n<li><strong>Corpo da Bomba:<\/strong>&nbsp;Bronze<\/li>\n<li><strong>Conex\u00e3o para Interruptor de V\u00e1cuo:<\/strong>&nbsp;Sim<\/li>\n<li><strong>Eixo:<\/strong>&nbsp;A\u00e7o inoxid\u00e1vel com rolamentos duplos lubrificados permanentemente<\/li>\n<li><strong>Selo:<\/strong>&nbsp;Selo mec\u00e2nico<\/li>\n<li><strong>Cam:<\/strong>&nbsp;Comba completa ou parcial<\/li>\n<li><strong>Conex\u00e3o:<\/strong>&nbsp;2&#8243; BSP<\/li>\n<li><strong>Embreagem:<\/strong>&nbsp;Eletromagn\u00e9tica 12\/24 V DC<\/li>\n<li><strong>Polia:<\/strong>&nbsp;2xA ou 1xB<\/li>\n<li><strong>Di\u00e2metro da Polia:<\/strong>&nbsp;178 mm \/ 7&#8243;<\/li>\n<li><strong>Impulsor:<\/strong>&nbsp;09-802B (09-814B*)<\/li>\n<li><strong>Peso:<\/strong>&nbsp;13,2 kg &#8211; 27 lbs<\/li>\n<\/ul>\n<p style=\"color: rgb(34, 34, 34); font-family: Arial, Helvetica, sans-serif; font-size: small;\"><strong>Dimens\u00f5es:<\/strong><\/p>\n<ul style=\"color: rgb(34, 34, 34); font-family: Arial, Helvetica, sans-serif; font-size: small;\">\n<li>Comprimento: 290 mm &#8211; 11.4&#8243;<\/li>\n<li>Altura: 192 mm &#8211; 7.56&#8243;<\/li>\n<li>Largura: 157 mm &#8211; 6.18&#8243;<\/li>\n<\/ul>\n","protected":false},"excerpt":{"rendered":"<p>Johnson 10-13027-99 &#8211; Bomba Johnson F9B-5600, Refer\u00eancia SPX 10-13027-99 A Bomba Johnson F9B-5600 possui um embreagem eletromagn\u00e9tica projetada para aplica\u00e7\u00f5es<\/p>\n","protected":false},"featured_media":5939085,"comment_status":"open","ping_status":"closed","template":"","meta":[],"product_brand":[3047],"product_cat":[2096],"product_tag":[],"class_list":{"0":"post-747208","1":"product","2":"type-product","3":"status-publish","4":"has-post-thumbnail","6":"product_brand-johnson-marine-pt","7":"product_cat-bombas-de-arrefecimento-do-motor","9":"first","10":"instock","11":"shipping-taxable","12":"purchasable","13":"product-type-simple"},"_links":{"self":[{"href":"https:\/\/stoic-curie.212-227-153-4.plesk.page\/pt\/wp-json\/wp\/v2\/product\/747208","targetHints":{"allow":["GET"]}}],"collection":[{"href":"https:\/\/stoic-curie.212-227-153-4.plesk.page\/pt\/wp-json\/wp\/v2\/product"}],"about":[{"href":"https:\/\/stoic-curie.212-227-153-4.plesk.page\/pt\/wp-json\/wp\/v2\/types\/product"}],"replies":[{"embeddable":true,"href":"https:\/\/stoic-curie.212-227-153-4.plesk.page\/pt\/wp-json\/wp\/v2\/comments?post=747208"}],"version-history":[{"count":0,"href":"https:\/\/stoic-curie.212-227-153-4.plesk.page\/pt\/wp-json\/wp\/v2\/product\/747208\/revisions"}],"wp:featuredmedia":[{"embeddable":true,"href":"https:\/\/stoic-curie.212-227-153-4.plesk.page\/pt\/wp-json\/wp\/v2\/media\/5939085"}],"wp:attachment":[{"href":"https:\/\/stoic-curie.212-227-153-4.plesk.page\/pt\/wp-json\/wp\/v2\/media?parent=747208"}],"wp:term":[{"taxonomy":"product_brand","embeddable":true,"href":"https:\/\/stoic-curie.212-227-153-4.plesk.page\/pt\/wp-json\/wp\/v2\/product_brand?post=747208"},{"taxonomy":"product_cat","embeddable":true,"href":"https:\/\/stoic-curie.212-227-153-4.plesk.page\/pt\/wp-json\/wp\/v2\/product_cat?post=747208"},{"taxonomy":"product_tag","embeddable":true,"href":"https:\/\/stoic-curie.212-227-153-4.plesk.page\/pt\/wp-json\/wp\/v2\/product_tag?post=747208"}],"curies":[{"name":"wp","href":"https:\/\/api.w.org\/{rel}","templated":true}]}}