{"id":747209,"date":"2025-03-03T20:56:26","date_gmt":"2025-03-03T19:56:26","guid":{"rendered":"https:\/\/stoic-curie.212-227-153-4.plesk.page\/producto\/johnson-0-3454-001-polia-de-embraiagem-eletromagnetica-24v-2xa-7\/"},"modified":"2026-02-25T00:27:50","modified_gmt":"2026-02-25T00:27:50","slug":"johnson-0-3454-001-polia-de-embraiagem-eletromagnetica-24v-2xa-7","status":"publish","type":"product","link":"https:\/\/stoic-curie.212-227-153-4.plesk.page\/pt\/product\/johnson-0-3454-001-polia-de-embraiagem-eletromagnetica-24v-2xa-7\/","title":{"rendered":"Johnson 0.3454.001"},"content":{"rendered":"<p>Johnson 0.3454.001 &#8211; <\/p>\n<p style=\"color: rgb(34, 34, 34); font-family: Arial, Helvetica, sans-serif; font-size: small;\">Embreagem Eletromagn\u00e9tica, 12V 2xA Polia &#8211; Johnson Pump 0.3454.001<\/p>\n<p style=\"color: rgb(34, 34, 34); font-family: Arial, Helvetica, sans-serif; font-size: small;\">A Johnson Pump 0.3454.001 \u00e9 uma embreagem eletromagn\u00e9tica dur\u00e1vel de 12V, projetada para ambientes marinhos exigentes. Vem com uma polia 2xA, tornando-a vers\u00e1til para v\u00e1rias aplica\u00e7\u00f5es.<\/p>\n<p style=\"color: rgb(34, 34, 34); font-family: Arial, Helvetica, sans-serif; font-size: small;\">Dimens\u00f5es do Item: 20,27 x 20,27 x 2,49 cm<br \/>Peso do Item: 0,45 kg<\/p>\n<p style=\"color: rgb(34, 34, 34); font-family: Arial, Helvetica, sans-serif; font-size: small;\">Esta embreagem eletromagn\u00e9tica \u00e9 compat\u00edvel com correias de se\u00e7\u00e3o 2xA e serve como substitui\u00e7\u00e3o para o n\u00famero da pe\u00e7a 05-32-1.<\/p>\n","protected":false},"excerpt":{"rendered":"<p>Johnson 0.3454.001 &#8211; Embreagem Eletromagn\u00e9tica, 12V 2xA Polia &#8211; Johnson Pump 0.3454.001 A Johnson Pump 0.3454.001 \u00e9 uma embreagem eletromagn\u00e9tica<\/p>\n","protected":false},"featured_media":5939087,"comment_status":"open","ping_status":"closed","template":"","meta":[],"product_brand":[3047],"product_cat":[2096],"product_tag":[],"class_list":{"0":"post-747209","1":"product","2":"type-product","3":"status-publish","4":"has-post-thumbnail","6":"product_brand-johnson-marine-pt","7":"product_cat-bombas-de-arrefecimento-do-motor","9":"first","10":"instock","11":"shipping-taxable","12":"purchasable","13":"product-type-simple"},"_links":{"self":[{"href":"https:\/\/stoic-curie.212-227-153-4.plesk.page\/pt\/wp-json\/wp\/v2\/product\/747209","targetHints":{"allow":["GET"]}}],"collection":[{"href":"https:\/\/stoic-curie.212-227-153-4.plesk.page\/pt\/wp-json\/wp\/v2\/product"}],"about":[{"href":"https:\/\/stoic-curie.212-227-153-4.plesk.page\/pt\/wp-json\/wp\/v2\/types\/product"}],"replies":[{"embeddable":true,"href":"https:\/\/stoic-curie.212-227-153-4.plesk.page\/pt\/wp-json\/wp\/v2\/comments?post=747209"}],"version-history":[{"count":0,"href":"https:\/\/stoic-curie.212-227-153-4.plesk.page\/pt\/wp-json\/wp\/v2\/product\/747209\/revisions"}],"wp:featuredmedia":[{"embeddable":true,"href":"https:\/\/stoic-curie.212-227-153-4.plesk.page\/pt\/wp-json\/wp\/v2\/media\/5939087"}],"wp:attachment":[{"href":"https:\/\/stoic-curie.212-227-153-4.plesk.page\/pt\/wp-json\/wp\/v2\/media?parent=747209"}],"wp:term":[{"taxonomy":"product_brand","embeddable":true,"href":"https:\/\/stoic-curie.212-227-153-4.plesk.page\/pt\/wp-json\/wp\/v2\/product_brand?post=747209"},{"taxonomy":"product_cat","embeddable":true,"href":"https:\/\/stoic-curie.212-227-153-4.plesk.page\/pt\/wp-json\/wp\/v2\/product_cat?post=747209"},{"taxonomy":"product_tag","embeddable":true,"href":"https:\/\/stoic-curie.212-227-153-4.plesk.page\/pt\/wp-json\/wp\/v2\/product_tag?post=747209"}],"curies":[{"name":"wp","href":"https:\/\/api.w.org\/{rel}","templated":true}]}}