{"id":747210,"date":"2025-03-03T20:56:26","date_gmt":"2025-03-03T19:56:26","guid":{"rendered":"https:\/\/stoic-curie.212-227-153-4.plesk.page\/producto\/johnson-0-3454-002-polia-de-embraiagem-eletromagnetica-24v-2xa-7\/"},"modified":"2026-02-25T00:27:50","modified_gmt":"2026-02-25T00:27:50","slug":"johnson-0-3454-002-polia-de-embraiagem-eletromagnetica-24v-2xa-7","status":"publish","type":"product","link":"https:\/\/stoic-curie.212-227-153-4.plesk.page\/pt\/product\/johnson-0-3454-002-polia-de-embraiagem-eletromagnetica-24v-2xa-7\/","title":{"rendered":"Johnson 0.3454.002"},"content":{"rendered":"<p>Johnson 0.3454.002 &#8211; <\/p>\n<p style=\"color: rgb(34, 34, 34); font-family: Arial, Helvetica, sans-serif; font-size: small;\">Embreagem Eletromagn\u00e9tica, 24V Polia 2xA 7&#8243;. A embreagem eletromagn\u00e9tica Johnson foi projetada para uso com bombas de embreagem de impulsor flex\u00edvel Johnson. A ranhura 2xA desta embreagem \u00e9 compat\u00edvel com a polia do motor. A refer\u00eancia alternativa da Johnson para esta embreagem \u00e9 0.3454.002.<\/p>\n<p style=\"color: rgb(34, 34, 34); font-family: Arial, Helvetica, sans-serif; font-size: small;\">Johnson Pump 0.3454.002 &#8211; Embreagem Eletromagn\u00e9tica, 24V, Polia 2xA 7&#8243; (05-32-2)<\/p>\n<p style=\"color: rgb(34, 34, 34); font-family: Arial, Helvetica, sans-serif; font-size: small;\">A Embreagem Eletromagn\u00e9tica Johnson Pump 0.3454.002 \u00e9 uma solu\u00e7\u00e3o confi\u00e1vel e eficiente para fornecer pot\u00eancia de bombeamento sempre que necess\u00e1rio, mesmo quando voc\u00ea n\u00e3o est\u00e1 fisicamente na bomba. Esta embreagem possui uma polia 2xA 7&#8243; e opera a 24V, oferecendo conveni\u00eancia e automa\u00e7\u00e3o para suas tarefas de bombeamento. Quando emparelhada com um interruptor de v\u00e1cuo (recomendado para aplica\u00e7\u00f5es de bomba de por\u00e3o), a embreagem desengata automaticamente quando a bomba come\u00e7a a primar o ar, prevenindo funcionamento a seco e danos potenciais \u00e0 bomba.<\/p>\n<ul style=\"color: rgb(34, 34, 34); font-family: Arial, Helvetica, sans-serif; font-size: small;\">\n<li>Fabricado com materiais de alta qualidade.<\/li>\n<li>Pre\u00e7os acess\u00edveis sem comprometer a qualidade.<\/li>\n<li>Projetado para atender a padr\u00f5es de qualidade rigorosos.<\/li>\n<\/ul>\n<p style=\"color: rgb(34, 34, 34); font-family: Arial, Helvetica, sans-serif; font-size: small;\"><strong>Aviso:<\/strong>&nbsp;Este produto pode conter materiais sujeitos \u00e0 Proposi\u00e7\u00e3o 65 da Calif\u00f3rnia.<\/p>\n<p style=\"color: rgb(34, 34, 34); font-family: Arial, Helvetica, sans-serif; font-size: small;\"><strong>Especifica\u00e7\u00f5es:<\/strong><\/p>\n<ul style=\"color: rgb(34, 34, 34); font-family: Arial, Helvetica, sans-serif; font-size: small;\">\n<li>Tipo: Polia 2xA 7&#8243;<\/li>\n<li>Tens\u00e3o: 24V<\/li>\n<li>Marca: SPX Johnson Pump<\/li>\n<li>Peso de Envio: 2,60 kg<\/li>\n<\/ul>\n<p style=\"color: rgb(34, 34, 34); font-family: Arial, Helvetica, sans-serif; font-size: small;\"><strong>Substitui:<\/strong>&nbsp;Johnson 0.3454.002<br \/><strong>Marca:<\/strong>&nbsp;Johnson<br \/><strong>Descri\u00e7\u00e3o da Tens\u00e3o:<\/strong>&nbsp;24V CC<br \/><strong>Descri\u00e7\u00e3o do Di\u00e2metro:<\/strong>&nbsp;178mm<\/p>\n","protected":false},"excerpt":{"rendered":"<p>Johnson 0.3454.002 &#8211; Embreagem Eletromagn\u00e9tica, 24V Polia 2xA 7&#8243;. A embreagem eletromagn\u00e9tica Johnson foi projetada para uso com bombas de<\/p>\n","protected":false},"featured_media":5939087,"comment_status":"open","ping_status":"closed","template":"","meta":[],"product_brand":[3047],"product_cat":[2096],"product_tag":[],"class_list":{"0":"post-747210","1":"product","2":"type-product","3":"status-publish","4":"has-post-thumbnail","6":"product_brand-johnson-marine-pt","7":"product_cat-bombas-de-arrefecimento-do-motor","9":"first","10":"instock","11":"shipping-taxable","12":"purchasable","13":"product-type-simple"},"_links":{"self":[{"href":"https:\/\/stoic-curie.212-227-153-4.plesk.page\/pt\/wp-json\/wp\/v2\/product\/747210","targetHints":{"allow":["GET"]}}],"collection":[{"href":"https:\/\/stoic-curie.212-227-153-4.plesk.page\/pt\/wp-json\/wp\/v2\/product"}],"about":[{"href":"https:\/\/stoic-curie.212-227-153-4.plesk.page\/pt\/wp-json\/wp\/v2\/types\/product"}],"replies":[{"embeddable":true,"href":"https:\/\/stoic-curie.212-227-153-4.plesk.page\/pt\/wp-json\/wp\/v2\/comments?post=747210"}],"version-history":[{"count":0,"href":"https:\/\/stoic-curie.212-227-153-4.plesk.page\/pt\/wp-json\/wp\/v2\/product\/747210\/revisions"}],"wp:featuredmedia":[{"embeddable":true,"href":"https:\/\/stoic-curie.212-227-153-4.plesk.page\/pt\/wp-json\/wp\/v2\/media\/5939087"}],"wp:attachment":[{"href":"https:\/\/stoic-curie.212-227-153-4.plesk.page\/pt\/wp-json\/wp\/v2\/media?parent=747210"}],"wp:term":[{"taxonomy":"product_brand","embeddable":true,"href":"https:\/\/stoic-curie.212-227-153-4.plesk.page\/pt\/wp-json\/wp\/v2\/product_brand?post=747210"},{"taxonomy":"product_cat","embeddable":true,"href":"https:\/\/stoic-curie.212-227-153-4.plesk.page\/pt\/wp-json\/wp\/v2\/product_cat?post=747210"},{"taxonomy":"product_tag","embeddable":true,"href":"https:\/\/stoic-curie.212-227-153-4.plesk.page\/pt\/wp-json\/wp\/v2\/product_tag?post=747210"}],"curies":[{"name":"wp","href":"https:\/\/api.w.org\/{rel}","templated":true}]}}