{"id":747229,"date":"2025-03-03T20:56:36","date_gmt":"2025-03-03T19:56:36","guid":{"rendered":"https:\/\/stoic-curie.212-227-153-4.plesk.page\/producto\/bomba-original-ancor-st151\/"},"modified":"2026-02-25T00:27:50","modified_gmt":"2026-02-25T00:27:50","slug":"bomba-original-ancor-st151","status":"publish","type":"product","link":"https:\/\/stoic-curie.212-227-153-4.plesk.page\/pt\/product\/bomba-original-ancor-st151\/","title":{"rendered":"Bomba Original Ancor St151"},"content":{"rendered":"<p>Bomba Original Ancor St151 &#8211; <\/p>\n<p>Bomba de refrigera\u00e7\u00e3o em bronze com impulsor de neoprene. Refer\u00eancia Jabsco 29600-1001. Para motores: Vetus D4.29\/DT43\/DT64\/DTA4.29\/DTA43\/DTA64, Iveco 806SM\/8060\/8061\/8210\/8361, Nanni 4.440, Saab Scania D5\/DS5, VM 114\/6MH, MAN DO826.<\/p>\n","protected":false},"excerpt":{"rendered":"<p>Bomba Original Ancor St151 &#8211; Bomba de refrigera\u00e7\u00e3o em bronze com impulsor de neoprene. Refer\u00eancia Jabsco 29600-1001. Para motores: Vetus<\/p>\n","protected":false},"featured_media":5939124,"comment_status":"open","ping_status":"closed","template":"","meta":[],"product_brand":[2782],"product_cat":[2096],"product_tag":[],"class_list":{"0":"post-747229","1":"product","2":"type-product","3":"status-publish","4":"has-post-thumbnail","6":"product_brand-ancor-marine-pt","7":"product_cat-bombas-de-arrefecimento-do-motor","9":"first","10":"instock","11":"shipping-taxable","12":"purchasable","13":"product-type-simple"},"_links":{"self":[{"href":"https:\/\/stoic-curie.212-227-153-4.plesk.page\/pt\/wp-json\/wp\/v2\/product\/747229","targetHints":{"allow":["GET"]}}],"collection":[{"href":"https:\/\/stoic-curie.212-227-153-4.plesk.page\/pt\/wp-json\/wp\/v2\/product"}],"about":[{"href":"https:\/\/stoic-curie.212-227-153-4.plesk.page\/pt\/wp-json\/wp\/v2\/types\/product"}],"replies":[{"embeddable":true,"href":"https:\/\/stoic-curie.212-227-153-4.plesk.page\/pt\/wp-json\/wp\/v2\/comments?post=747229"}],"version-history":[{"count":0,"href":"https:\/\/stoic-curie.212-227-153-4.plesk.page\/pt\/wp-json\/wp\/v2\/product\/747229\/revisions"}],"wp:featuredmedia":[{"embeddable":true,"href":"https:\/\/stoic-curie.212-227-153-4.plesk.page\/pt\/wp-json\/wp\/v2\/media\/5939124"}],"wp:attachment":[{"href":"https:\/\/stoic-curie.212-227-153-4.plesk.page\/pt\/wp-json\/wp\/v2\/media?parent=747229"}],"wp:term":[{"taxonomy":"product_brand","embeddable":true,"href":"https:\/\/stoic-curie.212-227-153-4.plesk.page\/pt\/wp-json\/wp\/v2\/product_brand?post=747229"},{"taxonomy":"product_cat","embeddable":true,"href":"https:\/\/stoic-curie.212-227-153-4.plesk.page\/pt\/wp-json\/wp\/v2\/product_cat?post=747229"},{"taxonomy":"product_tag","embeddable":true,"href":"https:\/\/stoic-curie.212-227-153-4.plesk.page\/pt\/wp-json\/wp\/v2\/product_tag?post=747229"}],"curies":[{"name":"wp","href":"https:\/\/api.w.org\/{rel}","templated":true}]}}