{"id":747232,"date":"2025-03-03T20:56:37","date_gmt":"2025-03-03T19:56:37","guid":{"rendered":"https:\/\/stoic-curie.212-227-153-4.plesk.page\/producto\/bomba-de-agua-johnson-spx-10-13021-1-f8b-8\/"},"modified":"2026-02-25T00:27:50","modified_gmt":"2026-02-25T00:27:50","slug":"bomba-de-agua-johnson-spx-10-13021-1-f8b-8","status":"publish","type":"product","link":"https:\/\/stoic-curie.212-227-153-4.plesk.page\/pt\/product\/bomba-de-agua-johnson-spx-10-13021-1-f8b-8\/","title":{"rendered":"Bomba de \u00c1gua F8B-8 Johnson 10-13021-1"},"content":{"rendered":"<p>Bomba de \u00c1gua F8B-8 Johnson 10-13021-1 &#8211; <\/p>\n<p style=\"color: rgb(34, 34, 34); font-family: Arial, Helvetica, sans-serif; font-size: small;\">Apresentamos a Bomba de Refrigera\u00e7\u00e3o com Impeller de Neoprene Johnson F8B-8, uma bomba de impuls\u00e3o compacta e vers\u00e1til. Esta bomba pode ser acionada por uma polia ou instalada em linha, tornando-a perfeita para diversas aplica\u00e7\u00f5es, como refrigera\u00e7\u00e3o de motores, bombeamento de por\u00f5es, lavagem de decks, transfer\u00eancia de \u00e1gua doce e transfer\u00eancia de combust\u00edvel. Tamb\u00e9m \u00e9 bem adequada para uso em terra, incluindo a remo\u00e7\u00e3o de tanques s\u00e9pticos, descargas e enchimento de tanques de \u00e1gua. Um interruptor de v\u00e1cuo opcional est\u00e1 dispon\u00edvel apenas para o modelo F8B-8. A bomba agora conta com placas de desgaste e capas de extremidade em a\u00e7o inoxid\u00e1vel para maior durabilidade.<\/p>\n<p style=\"color: rgb(34, 34, 34); font-family: Arial, Helvetica, sans-serif; font-size: small;\">A bomba Johnson F8B-8 \u00e9 projetada para ser acionada por polia e montada sobre p\u00e9. Ela serve como substitui\u00e7\u00e3o para os modelos Jabsco 52200-2011 e 6400-2001 e \u00e9 compat\u00edvel com motores marinhos como o Albin Motor G62, G62T, Caterpillar 3208 e Schwarting S424.<\/p>\n<p style=\"color: rgb(34, 34, 34); font-family: Arial, Helvetica, sans-serif; font-size: small;\"><strong>Especifica\u00e7\u00f5es T\u00e9cnicas<\/strong>&nbsp;(Detalhes completos dispon\u00edveis mediante solicita\u00e7\u00e3o):<\/p>\n<ul style=\"color: rgb(34, 34, 34); font-family: Arial, Helvetica, sans-serif; font-size: small;\">\n<li><strong>Corpo:<\/strong>&nbsp;Bronze<\/li>\n<li><strong>Eixo:<\/strong>&nbsp;A\u00e7o Inoxid\u00e1vel, montado em rolamento duplo<\/li>\n<li><strong>Veda\u00e7\u00f5es:<\/strong>&nbsp;Veda\u00e7\u00e3o Mec\u00e2nica<\/li>\n<li><strong>Impeller:<\/strong>&nbsp;MC97 &amp; Neoprene (padr\u00e3o) ou Nitrilo (dispon\u00edvel sob solicita\u00e7\u00e3o)<\/li>\n<li><strong>Cams:<\/strong>&nbsp;Completas (padr\u00e3o) ou Reduzidas (dispon\u00edvel sob solicita\u00e7\u00e3o)<\/li>\n<li><strong>Modelo:<\/strong>&nbsp;E<\/li>\n<li><strong>Portas:<\/strong>&nbsp;1-1\/2&#8243; BSP<\/li>\n<li><strong>Peso:<\/strong>&nbsp;5,9 kg<\/li>\n<li><strong>Modelo do Impeller:<\/strong>&nbsp;09-819B (Neoprene)<\/li>\n<\/ul>\n<p style=\"color: rgb(34, 34, 34); font-family: Arial, Helvetica, sans-serif; font-size: small;\">Este produto \u00e9 identificado pelo n\u00famero de refer\u00eancia Johnson 10-13021-01, tamb\u00e9m conhecido como Johnson Pump 10-13021-1. Apresenta um design montado sobre p\u00e9 e inclui portas roscadas BSP de 38mm (1-1\/2&#8243;), oferecendo flexibilidade para suas necessidades de refrigera\u00e7\u00e3o.<\/p>\n<p style=\"color: rgb(34, 34, 34); font-family: Arial, Helvetica, sans-serif; font-size: small;\"><strong>Caracter\u00edsticas Principais:<\/strong><\/p>\n<ul style=\"color: rgb(34, 34, 34); font-family: Arial, Helvetica, sans-serif; font-size: small;\">\n<li>Bomba de refrigera\u00e7\u00e3o de motor auto-primante, tamanho F8<\/li>\n<li>Constru\u00e7\u00e3o robusta em bronze<\/li>\n<li>Equipada com veda\u00e7\u00e3o mec\u00e2nica e cam 1:1<\/li>\n<li>Operada por um eixo de 24mm com acionamento de chave (27,3mm \/ chave 8,1mm)<\/li>\n<li>Inclui um impeller de Neoprene<\/li>\n<li>Conex\u00f5es: portas roscadas BSP de 38mm (1-1\/2&#8243; )<\/li>\n<\/ul>\n<p style=\"color: rgb(34, 34, 34); font-family: Arial, Helvetica, sans-serif; font-size: small;\">Esta bomba vers\u00e1til \u00e9 ideal para uma variedade de aplica\u00e7\u00f5es e \u00e9 comumente usada com motores como o Albin Motor G62\/G62T e o Caterpillar 3208. \u00c9 uma excelente substitui\u00e7\u00e3o para o n\u00famero da pe\u00e7a OEM 1829512.<\/p>\n","protected":false},"excerpt":{"rendered":"<p>Bomba de \u00c1gua F8B-8 Johnson 10-13021-1 &#8211; Apresentamos a Bomba de Refrigera\u00e7\u00e3o com Impeller de Neoprene Johnson F8B-8, uma bomba<\/p>\n","protected":false},"featured_media":5939130,"comment_status":"open","ping_status":"closed","template":"","meta":[],"product_brand":[3047],"product_cat":[2096],"product_tag":[],"class_list":{"0":"post-747232","1":"product","2":"type-product","3":"status-publish","4":"has-post-thumbnail","6":"product_brand-johnson-marine-pt","7":"product_cat-bombas-de-arrefecimento-do-motor","9":"first","10":"instock","11":"shipping-taxable","12":"purchasable","13":"product-type-simple"},"_links":{"self":[{"href":"https:\/\/stoic-curie.212-227-153-4.plesk.page\/pt\/wp-json\/wp\/v2\/product\/747232","targetHints":{"allow":["GET"]}}],"collection":[{"href":"https:\/\/stoic-curie.212-227-153-4.plesk.page\/pt\/wp-json\/wp\/v2\/product"}],"about":[{"href":"https:\/\/stoic-curie.212-227-153-4.plesk.page\/pt\/wp-json\/wp\/v2\/types\/product"}],"replies":[{"embeddable":true,"href":"https:\/\/stoic-curie.212-227-153-4.plesk.page\/pt\/wp-json\/wp\/v2\/comments?post=747232"}],"version-history":[{"count":0,"href":"https:\/\/stoic-curie.212-227-153-4.plesk.page\/pt\/wp-json\/wp\/v2\/product\/747232\/revisions"}],"wp:featuredmedia":[{"embeddable":true,"href":"https:\/\/stoic-curie.212-227-153-4.plesk.page\/pt\/wp-json\/wp\/v2\/media\/5939130"}],"wp:attachment":[{"href":"https:\/\/stoic-curie.212-227-153-4.plesk.page\/pt\/wp-json\/wp\/v2\/media?parent=747232"}],"wp:term":[{"taxonomy":"product_brand","embeddable":true,"href":"https:\/\/stoic-curie.212-227-153-4.plesk.page\/pt\/wp-json\/wp\/v2\/product_brand?post=747232"},{"taxonomy":"product_cat","embeddable":true,"href":"https:\/\/stoic-curie.212-227-153-4.plesk.page\/pt\/wp-json\/wp\/v2\/product_cat?post=747232"},{"taxonomy":"product_tag","embeddable":true,"href":"https:\/\/stoic-curie.212-227-153-4.plesk.page\/pt\/wp-json\/wp\/v2\/product_tag?post=747232"}],"curies":[{"name":"wp","href":"https:\/\/api.w.org\/{rel}","templated":true}]}}