{"id":747238,"date":"2025-03-03T20:56:39","date_gmt":"2025-03-03T19:56:39","guid":{"rendered":"https:\/\/stoic-curie.212-227-153-4.plesk.page\/producto\/kit-de-servico-para-bombas-johnson-f5b-8-1829534\/"},"modified":"2026-02-25T00:27:50","modified_gmt":"2026-02-25T00:27:50","slug":"kit-de-servico-para-bombas-johnson-f5b-8-1829534","status":"publish","type":"product","link":"https:\/\/stoic-curie.212-227-153-4.plesk.page\/pt\/product\/kit-de-servico-para-bombas-johnson-f5b-8-1829534\/","title":{"rendered":"Kit de Servi\u00e7o para Bombas Johnson F5B-8 1829534"},"content":{"rendered":"<p>Kit de Servi\u00e7o para Bombas Johnson F5B-8 1829534 &#8211; <\/p>\n<p>Kit de servi\u00e7o de manuten\u00e7\u00e3o para bombas de refrigera\u00e7\u00e3o Johnson com impulsor. Inclui impulsor, lubrificante, manual do usu\u00e1rio e outras pe\u00e7as de reposi\u00e7\u00e3o, dependendo do kit.<\/p>\n","protected":false},"excerpt":{"rendered":"<p>Kit de Servi\u00e7o para Bombas Johnson F5B-8 1829534 &#8211; Kit de servi\u00e7o de manuten\u00e7\u00e3o para bombas de refrigera\u00e7\u00e3o Johnson com<\/p>\n","protected":false},"featured_media":5939135,"comment_status":"open","ping_status":"closed","template":"","meta":[],"product_brand":[3047],"product_cat":[2096],"product_tag":[],"class_list":{"0":"post-747238","1":"product","2":"type-product","3":"status-publish","4":"has-post-thumbnail","6":"product_brand-johnson-marine-pt","7":"product_cat-bombas-de-arrefecimento-do-motor","9":"first","10":"instock","11":"shipping-taxable","12":"purchasable","13":"product-type-simple"},"_links":{"self":[{"href":"https:\/\/stoic-curie.212-227-153-4.plesk.page\/pt\/wp-json\/wp\/v2\/product\/747238","targetHints":{"allow":["GET"]}}],"collection":[{"href":"https:\/\/stoic-curie.212-227-153-4.plesk.page\/pt\/wp-json\/wp\/v2\/product"}],"about":[{"href":"https:\/\/stoic-curie.212-227-153-4.plesk.page\/pt\/wp-json\/wp\/v2\/types\/product"}],"replies":[{"embeddable":true,"href":"https:\/\/stoic-curie.212-227-153-4.plesk.page\/pt\/wp-json\/wp\/v2\/comments?post=747238"}],"version-history":[{"count":0,"href":"https:\/\/stoic-curie.212-227-153-4.plesk.page\/pt\/wp-json\/wp\/v2\/product\/747238\/revisions"}],"wp:featuredmedia":[{"embeddable":true,"href":"https:\/\/stoic-curie.212-227-153-4.plesk.page\/pt\/wp-json\/wp\/v2\/media\/5939135"}],"wp:attachment":[{"href":"https:\/\/stoic-curie.212-227-153-4.plesk.page\/pt\/wp-json\/wp\/v2\/media?parent=747238"}],"wp:term":[{"taxonomy":"product_brand","embeddable":true,"href":"https:\/\/stoic-curie.212-227-153-4.plesk.page\/pt\/wp-json\/wp\/v2\/product_brand?post=747238"},{"taxonomy":"product_cat","embeddable":true,"href":"https:\/\/stoic-curie.212-227-153-4.plesk.page\/pt\/wp-json\/wp\/v2\/product_cat?post=747238"},{"taxonomy":"product_tag","embeddable":true,"href":"https:\/\/stoic-curie.212-227-153-4.plesk.page\/pt\/wp-json\/wp\/v2\/product_tag?post=747238"}],"curies":[{"name":"wp","href":"https:\/\/api.w.org\/{rel}","templated":true}]}}