{"id":747251,"date":"2025-03-03T20:56:43","date_gmt":"2025-03-03T19:56:43","guid":{"rendered":"https:\/\/stoic-curie.212-227-153-4.plesk.page\/producto\/kit-de-reparacao-para-bomba-ancor-st149\/"},"modified":"2026-02-25T00:27:50","modified_gmt":"2026-02-25T00:27:50","slug":"kit-de-reparacao-para-bomba-ancor-st149","status":"publish","type":"product","link":"https:\/\/stoic-curie.212-227-153-4.plesk.page\/pt\/product\/kit-de-reparacao-para-bomba-ancor-st149\/","title":{"rendered":"Kit de Repara\u00e7\u00e3o para Bomba Ancor ST149"},"content":{"rendered":"<p>Kit de Repara\u00e7\u00e3o para Bomba Ancor ST149 &#8211; <\/p>\n<p>Kit de servi\u00e7o de manuten\u00e7\u00e3o para bombas de impulsor de refrigera\u00e7\u00e3o Ancor. Cont\u00e9m: impulsor, veda\u00e7\u00f5es, rolamentos, capa com parafusos, came, lubrificante e manual do utilizador.<\/p>\n","protected":false},"excerpt":{"rendered":"<p>Kit de Repara\u00e7\u00e3o para Bomba Ancor ST149 &#8211; Kit de servi\u00e7o de manuten\u00e7\u00e3o para bombas de impulsor de refrigera\u00e7\u00e3o Ancor.<\/p>\n","protected":false},"featured_media":5939139,"comment_status":"open","ping_status":"closed","template":"","meta":[],"product_brand":[2782],"product_cat":[2096],"product_tag":[],"class_list":{"0":"post-747251","1":"product","2":"type-product","3":"status-publish","4":"has-post-thumbnail","6":"product_brand-ancor-marine-pt","7":"product_cat-bombas-de-arrefecimento-do-motor","9":"first","10":"instock","11":"shipping-taxable","12":"purchasable","13":"product-type-simple"},"_links":{"self":[{"href":"https:\/\/stoic-curie.212-227-153-4.plesk.page\/pt\/wp-json\/wp\/v2\/product\/747251","targetHints":{"allow":["GET"]}}],"collection":[{"href":"https:\/\/stoic-curie.212-227-153-4.plesk.page\/pt\/wp-json\/wp\/v2\/product"}],"about":[{"href":"https:\/\/stoic-curie.212-227-153-4.plesk.page\/pt\/wp-json\/wp\/v2\/types\/product"}],"replies":[{"embeddable":true,"href":"https:\/\/stoic-curie.212-227-153-4.plesk.page\/pt\/wp-json\/wp\/v2\/comments?post=747251"}],"version-history":[{"count":0,"href":"https:\/\/stoic-curie.212-227-153-4.plesk.page\/pt\/wp-json\/wp\/v2\/product\/747251\/revisions"}],"wp:featuredmedia":[{"embeddable":true,"href":"https:\/\/stoic-curie.212-227-153-4.plesk.page\/pt\/wp-json\/wp\/v2\/media\/5939139"}],"wp:attachment":[{"href":"https:\/\/stoic-curie.212-227-153-4.plesk.page\/pt\/wp-json\/wp\/v2\/media?parent=747251"}],"wp:term":[{"taxonomy":"product_brand","embeddable":true,"href":"https:\/\/stoic-curie.212-227-153-4.plesk.page\/pt\/wp-json\/wp\/v2\/product_brand?post=747251"},{"taxonomy":"product_cat","embeddable":true,"href":"https:\/\/stoic-curie.212-227-153-4.plesk.page\/pt\/wp-json\/wp\/v2\/product_cat?post=747251"},{"taxonomy":"product_tag","embeddable":true,"href":"https:\/\/stoic-curie.212-227-153-4.plesk.page\/pt\/wp-json\/wp\/v2\/product_tag?post=747251"}],"curies":[{"name":"wp","href":"https:\/\/api.w.org\/{rel}","templated":true}]}}