{"id":747267,"date":"2025-03-03T20:56:49","date_gmt":"2025-03-03T19:56:49","guid":{"rendered":"https:\/\/stoic-curie.212-227-153-4.plesk.page\/producto\/bomba-de-circulacao-de-alta-pressao-c090p5-1-12v-100-l-min\/"},"modified":"2026-02-25T00:27:50","modified_gmt":"2026-02-25T00:27:50","slug":"bomba-de-circulacao-de-alta-pressao-c090p5-1-12v-100-l-min","status":"publish","type":"product","link":"https:\/\/stoic-curie.212-227-153-4.plesk.page\/pt\/product\/bomba-de-circulacao-de-alta-pressao-c090p5-1-12v-100-l-min\/","title":{"rendered":"Bomba de Circula\u00e7\u00e3o de Alta Press\u00e3o C090P5-1 12V 100 l\/min"},"content":{"rendered":"<p>Bomba de Circula\u00e7\u00e3o de Alta Press\u00e3o C090P5-1 12V 100 l\/min &#8211; <\/p>\n<p>Bomba centr\u00edfuga para entrada e circula\u00e7\u00e3o cont\u00ednua de \u00e1gua fresca e mistura de \u00e1gua-glicol (m\u00e1x. 60%) em sistemas de refrigera\u00e7\u00e3o. Motor de \u00edman permanente montado em rolamentos de esferas, projetado para opera\u00e7\u00e3o cont\u00ednua. Temperatura do l\u00edquido Min -30\u00b0 Max +100\u00b0.<\/p>\n","protected":false},"excerpt":{"rendered":"<p>Bomba de Circula\u00e7\u00e3o de Alta Press\u00e3o C090P5-1 12V 100 l\/min &#8211; Bomba centr\u00edfuga para entrada e circula\u00e7\u00e3o cont\u00ednua de \u00e1gua<\/p>\n","protected":false},"featured_media":5939160,"comment_status":"open","ping_status":"closed","template":"","meta":[],"product_brand":[3047],"product_cat":[1958],"product_tag":[],"class_list":{"0":"post-747267","1":"product","2":"type-product","3":"status-publish","4":"has-post-thumbnail","6":"product_brand-johnson-marine-pt","7":"product_cat-bombas-de-circulacao-de-agua","9":"first","10":"instock","11":"shipping-taxable","12":"purchasable","13":"product-type-simple"},"_links":{"self":[{"href":"https:\/\/stoic-curie.212-227-153-4.plesk.page\/pt\/wp-json\/wp\/v2\/product\/747267","targetHints":{"allow":["GET"]}}],"collection":[{"href":"https:\/\/stoic-curie.212-227-153-4.plesk.page\/pt\/wp-json\/wp\/v2\/product"}],"about":[{"href":"https:\/\/stoic-curie.212-227-153-4.plesk.page\/pt\/wp-json\/wp\/v2\/types\/product"}],"replies":[{"embeddable":true,"href":"https:\/\/stoic-curie.212-227-153-4.plesk.page\/pt\/wp-json\/wp\/v2\/comments?post=747267"}],"version-history":[{"count":0,"href":"https:\/\/stoic-curie.212-227-153-4.plesk.page\/pt\/wp-json\/wp\/v2\/product\/747267\/revisions"}],"wp:featuredmedia":[{"embeddable":true,"href":"https:\/\/stoic-curie.212-227-153-4.plesk.page\/pt\/wp-json\/wp\/v2\/media\/5939160"}],"wp:attachment":[{"href":"https:\/\/stoic-curie.212-227-153-4.plesk.page\/pt\/wp-json\/wp\/v2\/media?parent=747267"}],"wp:term":[{"taxonomy":"product_brand","embeddable":true,"href":"https:\/\/stoic-curie.212-227-153-4.plesk.page\/pt\/wp-json\/wp\/v2\/product_brand?post=747267"},{"taxonomy":"product_cat","embeddable":true,"href":"https:\/\/stoic-curie.212-227-153-4.plesk.page\/pt\/wp-json\/wp\/v2\/product_cat?post=747267"},{"taxonomy":"product_tag","embeddable":true,"href":"https:\/\/stoic-curie.212-227-153-4.plesk.page\/pt\/wp-json\/wp\/v2\/product_tag?post=747267"}],"curies":[{"name":"wp","href":"https:\/\/api.w.org\/{rel}","templated":true}]}}