{"id":747270,"date":"2025-03-03T20:56:50","date_gmt":"2025-03-03T19:56:50","guid":{"rendered":"https:\/\/stoic-curie.212-227-153-4.plesk.page\/producto\/sinos-classicos-de-latao-polido-190-mm\/"},"modified":"2026-02-25T00:27:50","modified_gmt":"2026-02-25T00:27:50","slug":"sinos-classicos-de-latao-polido-190-mm","status":"publish","type":"product","link":"https:\/\/stoic-curie.212-227-153-4.plesk.page\/pt\/product\/sinos-classicos-de-latao-polido-190-mm\/","title":{"rendered":"Sinos Cl\u00e1ssicos de Lat\u00e3o Polido 190 mm"},"content":{"rendered":"<p>Sinos Cl\u00e1ssicos de Lat\u00e3o Polido 190 mm &#8211; <\/p>\n<p>Campanas de n\u00e9voa de lat\u00e3o polido em espelho.<\/p>\n","protected":false},"excerpt":{"rendered":"<p>Sinos Cl\u00e1ssicos de Lat\u00e3o Polido 190 mm &#8211; Campanas de n\u00e9voa de lat\u00e3o polido em espelho.<\/p>\n","protected":false},"featured_media":5936013,"comment_status":"open","ping_status":"closed","template":"","meta":[],"product_brand":[2947],"product_cat":[1927],"product_tag":[],"class_list":{"0":"post-747270","1":"product","2":"type-product","3":"status-publish","4":"has-post-thumbnail","6":"product_brand-foresti-suardi-pt","7":"product_cat-decoracao-nautica","9":"first","10":"instock","11":"shipping-taxable","12":"purchasable","13":"product-type-simple"},"_links":{"self":[{"href":"https:\/\/stoic-curie.212-227-153-4.plesk.page\/pt\/wp-json\/wp\/v2\/product\/747270","targetHints":{"allow":["GET"]}}],"collection":[{"href":"https:\/\/stoic-curie.212-227-153-4.plesk.page\/pt\/wp-json\/wp\/v2\/product"}],"about":[{"href":"https:\/\/stoic-curie.212-227-153-4.plesk.page\/pt\/wp-json\/wp\/v2\/types\/product"}],"replies":[{"embeddable":true,"href":"https:\/\/stoic-curie.212-227-153-4.plesk.page\/pt\/wp-json\/wp\/v2\/comments?post=747270"}],"version-history":[{"count":0,"href":"https:\/\/stoic-curie.212-227-153-4.plesk.page\/pt\/wp-json\/wp\/v2\/product\/747270\/revisions"}],"wp:featuredmedia":[{"embeddable":true,"href":"https:\/\/stoic-curie.212-227-153-4.plesk.page\/pt\/wp-json\/wp\/v2\/media\/5936013"}],"wp:attachment":[{"href":"https:\/\/stoic-curie.212-227-153-4.plesk.page\/pt\/wp-json\/wp\/v2\/media?parent=747270"}],"wp:term":[{"taxonomy":"product_brand","embeddable":true,"href":"https:\/\/stoic-curie.212-227-153-4.plesk.page\/pt\/wp-json\/wp\/v2\/product_brand?post=747270"},{"taxonomy":"product_cat","embeddable":true,"href":"https:\/\/stoic-curie.212-227-153-4.plesk.page\/pt\/wp-json\/wp\/v2\/product_cat?post=747270"},{"taxonomy":"product_tag","embeddable":true,"href":"https:\/\/stoic-curie.212-227-153-4.plesk.page\/pt\/wp-json\/wp\/v2\/product_tag?post=747270"}],"curies":[{"name":"wp","href":"https:\/\/api.w.org\/{rel}","templated":true}]}}