{"id":747271,"date":"2025-03-03T20:56:50","date_gmt":"2025-03-03T19:56:50","guid":{"rendered":"https:\/\/stoic-curie.212-227-153-4.plesk.page\/producto\/sino-de-latao-polido-210-mm-aprovado-para-uso-marinho\/"},"modified":"2026-02-25T00:27:50","modified_gmt":"2026-02-25T00:27:50","slug":"sino-de-latao-polido-210-mm-aprovado-para-uso-marinho","status":"publish","type":"product","link":"https:\/\/stoic-curie.212-227-153-4.plesk.page\/pt\/product\/sino-de-latao-polido-210-mm-aprovado-para-uso-marinho\/","title":{"rendered":"Sino de Lat\u00e3o Polido 210 mm (Aprovado para Uso Marinho)"},"content":{"rendered":"<p>Sino de Lat\u00e3o Polido 210 mm (Aprovado para Uso Marinho) &#8211; <\/p>\n<p>Campainha de n\u00e9voa em lat\u00e3o polido espelho aprovada pela R.I.Na. para barcos de 12 a 20 metros.<\/p>\n","protected":false},"excerpt":{"rendered":"<p>Sino de Lat\u00e3o Polido 210 mm (Aprovado para Uso Marinho) &#8211; Campainha de n\u00e9voa em lat\u00e3o polido espelho aprovada pela<\/p>\n","protected":false},"featured_media":5939163,"comment_status":"open","ping_status":"closed","template":"","meta":[],"product_brand":[2947],"product_cat":[1892,1927,2063],"product_tag":[],"class_list":{"0":"post-747271","1":"product","2":"type-product","3":"status-publish","4":"has-post-thumbnail","6":"product_brand-foresti-suardi-pt","7":"product_cat-acessorios-de-seguranca","8":"product_cat-decoracao-nautica","9":"product_cat-equipamento-de-sinalizacao","11":"first","12":"instock","13":"shipping-taxable","14":"purchasable","15":"product-type-simple"},"_links":{"self":[{"href":"https:\/\/stoic-curie.212-227-153-4.plesk.page\/pt\/wp-json\/wp\/v2\/product\/747271","targetHints":{"allow":["GET"]}}],"collection":[{"href":"https:\/\/stoic-curie.212-227-153-4.plesk.page\/pt\/wp-json\/wp\/v2\/product"}],"about":[{"href":"https:\/\/stoic-curie.212-227-153-4.plesk.page\/pt\/wp-json\/wp\/v2\/types\/product"}],"replies":[{"embeddable":true,"href":"https:\/\/stoic-curie.212-227-153-4.plesk.page\/pt\/wp-json\/wp\/v2\/comments?post=747271"}],"version-history":[{"count":0,"href":"https:\/\/stoic-curie.212-227-153-4.plesk.page\/pt\/wp-json\/wp\/v2\/product\/747271\/revisions"}],"wp:featuredmedia":[{"embeddable":true,"href":"https:\/\/stoic-curie.212-227-153-4.plesk.page\/pt\/wp-json\/wp\/v2\/media\/5939163"}],"wp:attachment":[{"href":"https:\/\/stoic-curie.212-227-153-4.plesk.page\/pt\/wp-json\/wp\/v2\/media?parent=747271"}],"wp:term":[{"taxonomy":"product_brand","embeddable":true,"href":"https:\/\/stoic-curie.212-227-153-4.plesk.page\/pt\/wp-json\/wp\/v2\/product_brand?post=747271"},{"taxonomy":"product_cat","embeddable":true,"href":"https:\/\/stoic-curie.212-227-153-4.plesk.page\/pt\/wp-json\/wp\/v2\/product_cat?post=747271"},{"taxonomy":"product_tag","embeddable":true,"href":"https:\/\/stoic-curie.212-227-153-4.plesk.page\/pt\/wp-json\/wp\/v2\/product_tag?post=747271"}],"curies":[{"name":"wp","href":"https:\/\/api.w.org\/{rel}","templated":true}]}}