{"id":747277,"date":"2025-03-03T20:56:53","date_gmt":"2025-03-03T19:56:53","guid":{"rendered":"https:\/\/stoic-curie.212-227-153-4.plesk.page\/producto\/trombeta-eletrica-de-latao-cromado-dupla-l390-12v\/"},"modified":"2026-02-25T00:27:50","modified_gmt":"2026-02-25T00:27:50","slug":"trombeta-eletrica-de-latao-cromado-dupla-l390-12v","status":"publish","type":"product","link":"https:\/\/stoic-curie.212-227-153-4.plesk.page\/pt\/product\/trombeta-eletrica-de-latao-cromado-dupla-l390-12v\/","title":{"rendered":"Trombeta El\u00e9trica de Lat\u00e3o Cromado Dupla L390 12V"},"content":{"rendered":"<p>Trombeta El\u00e9trica de Lat\u00e3o Cromado Dupla L390 12V &#8211; <\/p>\n<p>Compresor de ar el\u00e9trico de dois tons com carca\u00e7a de lat\u00e3o cromado e composto. Trompetas em tecnopol\u00edmero cromado. Inclui compressor, tubula\u00e7\u00f5es de ar, conex\u00f5es e hardware.<\/p>\n","protected":false},"excerpt":{"rendered":"<p>Trombeta El\u00e9trica de Lat\u00e3o Cromado Dupla L390 12V &#8211; Compresor de ar el\u00e9trico de dois tons com carca\u00e7a de lat\u00e3o<\/p>\n","protected":false},"featured_media":5936009,"comment_status":"open","ping_status":"closed","template":"","meta":[],"product_brand":[3097],"product_cat":[2034],"product_tag":[],"class_list":{"0":"post-747277","1":"product","2":"type-product","3":"status-publish","4":"has-post-thumbnail","6":"product_brand-marco-pt","7":"product_cat-buzinas","9":"first","10":"instock","11":"shipping-taxable","12":"purchasable","13":"product-type-simple"},"_links":{"self":[{"href":"https:\/\/stoic-curie.212-227-153-4.plesk.page\/pt\/wp-json\/wp\/v2\/product\/747277","targetHints":{"allow":["GET"]}}],"collection":[{"href":"https:\/\/stoic-curie.212-227-153-4.plesk.page\/pt\/wp-json\/wp\/v2\/product"}],"about":[{"href":"https:\/\/stoic-curie.212-227-153-4.plesk.page\/pt\/wp-json\/wp\/v2\/types\/product"}],"replies":[{"embeddable":true,"href":"https:\/\/stoic-curie.212-227-153-4.plesk.page\/pt\/wp-json\/wp\/v2\/comments?post=747277"}],"version-history":[{"count":0,"href":"https:\/\/stoic-curie.212-227-153-4.plesk.page\/pt\/wp-json\/wp\/v2\/product\/747277\/revisions"}],"wp:featuredmedia":[{"embeddable":true,"href":"https:\/\/stoic-curie.212-227-153-4.plesk.page\/pt\/wp-json\/wp\/v2\/media\/5936009"}],"wp:attachment":[{"href":"https:\/\/stoic-curie.212-227-153-4.plesk.page\/pt\/wp-json\/wp\/v2\/media?parent=747277"}],"wp:term":[{"taxonomy":"product_brand","embeddable":true,"href":"https:\/\/stoic-curie.212-227-153-4.plesk.page\/pt\/wp-json\/wp\/v2\/product_brand?post=747277"},{"taxonomy":"product_cat","embeddable":true,"href":"https:\/\/stoic-curie.212-227-153-4.plesk.page\/pt\/wp-json\/wp\/v2\/product_cat?post=747277"},{"taxonomy":"product_tag","embeddable":true,"href":"https:\/\/stoic-curie.212-227-153-4.plesk.page\/pt\/wp-json\/wp\/v2\/product_tag?post=747277"}],"curies":[{"name":"wp","href":"https:\/\/api.w.org\/{rel}","templated":true}]}}