{"id":747278,"date":"2025-03-03T20:56:53","date_gmt":"2025-03-03T19:56:53","guid":{"rendered":"https:\/\/stoic-curie.212-227-153-4.plesk.page\/producto\/motor-do-limpador-de-para-brisas-roca-w5-12v\/"},"modified":"2026-02-25T00:27:50","modified_gmt":"2026-02-25T00:27:50","slug":"motor-do-limpador-de-para-brisas-roca-w5-12v","status":"publish","type":"product","link":"https:\/\/stoic-curie.212-227-153-4.plesk.page\/pt\/product\/motor-do-limpador-de-para-brisas-roca-w5-12v\/","title":{"rendered":"Motor do Limpador de Para-brisas Roca W5 12V"},"content":{"rendered":"<p>Motor do Limpador de Para-brisas Roca W5 12V &#8211; <\/p>\n<p>Para-brisas Roca W5 para pequenos barcos. Motor de uma velocidade de 5 Nm com estacionamento autom\u00e1tico \u00e0 direita ou \u00e0 esquerda e \u00e2ngulo de varredura ajust\u00e1vel de 90\u00b0 a 110\u00b0. Deve ser complementado com um bra\u00e7o e l\u00e2mina do limpa-vidros em a\u00e7o polido. Varredura lateral do tipo A de 90\u00b0.<\/p>\n","protected":false},"excerpt":{"rendered":"<p>Motor do Limpador de Para-brisas Roca W5 12V &#8211; Para-brisas Roca W5 para pequenos barcos. Motor de uma velocidade de<\/p>\n","protected":false},"featured_media":5939170,"comment_status":"open","ping_status":"closed","template":"","meta":[],"product_brand":[3317],"product_cat":[2022],"product_tag":[],"class_list":{"0":"post-747278","1":"product","2":"type-product","3":"status-publish","4":"has-post-thumbnail","6":"product_brand-roca-marine-pt","7":"product_cat-limpa-para-brisas","9":"first","10":"instock","11":"shipping-taxable","12":"purchasable","13":"product-type-simple"},"_links":{"self":[{"href":"https:\/\/stoic-curie.212-227-153-4.plesk.page\/pt\/wp-json\/wp\/v2\/product\/747278","targetHints":{"allow":["GET"]}}],"collection":[{"href":"https:\/\/stoic-curie.212-227-153-4.plesk.page\/pt\/wp-json\/wp\/v2\/product"}],"about":[{"href":"https:\/\/stoic-curie.212-227-153-4.plesk.page\/pt\/wp-json\/wp\/v2\/types\/product"}],"replies":[{"embeddable":true,"href":"https:\/\/stoic-curie.212-227-153-4.plesk.page\/pt\/wp-json\/wp\/v2\/comments?post=747278"}],"version-history":[{"count":0,"href":"https:\/\/stoic-curie.212-227-153-4.plesk.page\/pt\/wp-json\/wp\/v2\/product\/747278\/revisions"}],"wp:featuredmedia":[{"embeddable":true,"href":"https:\/\/stoic-curie.212-227-153-4.plesk.page\/pt\/wp-json\/wp\/v2\/media\/5939170"}],"wp:attachment":[{"href":"https:\/\/stoic-curie.212-227-153-4.plesk.page\/pt\/wp-json\/wp\/v2\/media?parent=747278"}],"wp:term":[{"taxonomy":"product_brand","embeddable":true,"href":"https:\/\/stoic-curie.212-227-153-4.plesk.page\/pt\/wp-json\/wp\/v2\/product_brand?post=747278"},{"taxonomy":"product_cat","embeddable":true,"href":"https:\/\/stoic-curie.212-227-153-4.plesk.page\/pt\/wp-json\/wp\/v2\/product_cat?post=747278"},{"taxonomy":"product_tag","embeddable":true,"href":"https:\/\/stoic-curie.212-227-153-4.plesk.page\/pt\/wp-json\/wp\/v2\/product_tag?post=747278"}],"curies":[{"name":"wp","href":"https:\/\/api.w.org\/{rel}","templated":true}]}}