{"id":747279,"date":"2025-03-03T20:56:54","date_gmt":"2025-03-03T19:56:54","guid":{"rendered":"https:\/\/stoic-curie.212-227-153-4.plesk.page\/producto\/motor-do-limpador-de-para-brisas-roca-w5-24v\/"},"modified":"2026-02-25T00:27:50","modified_gmt":"2026-02-25T00:27:50","slug":"motor-do-limpador-de-para-brisas-roca-w5-24v","status":"publish","type":"product","link":"https:\/\/stoic-curie.212-227-153-4.plesk.page\/pt\/product\/motor-do-limpador-de-para-brisas-roca-w5-24v\/","title":{"rendered":"Motor do Limpador de Para-brisas Roca W5 24V"},"content":{"rendered":"<p>Motor do Limpador de Para-brisas Roca W5 24V &#8211; <\/p>\n<p>Limpa p\u00e1ra-brisa Roca W5 para pequenas embarca\u00e7\u00f5es. Motor de uma \u00fanica velocidade de 5 Nm com autoestacionamento autom\u00e1tico \u00e0 direita ou \u00e0 esquerda e \u00e2ngulo de varrimento ajust\u00e1vel de 90\u00b0 a 110\u00b0. Deve ser complementado com o bra\u00e7o e a l\u00e2mina do limpador de a\u00e7o escovado. Varrimento lateral tipo A de 90\u00b0.<\/p>\n","protected":false},"excerpt":{"rendered":"<p>Motor do Limpador de Para-brisas Roca W5 24V &#8211; Limpa p\u00e1ra-brisa Roca W5 para pequenas embarca\u00e7\u00f5es. Motor de uma \u00fanica<\/p>\n","protected":false},"featured_media":5939170,"comment_status":"open","ping_status":"closed","template":"","meta":[],"product_brand":[3317],"product_cat":[2022],"product_tag":[],"class_list":{"0":"post-747279","1":"product","2":"type-product","3":"status-publish","4":"has-post-thumbnail","6":"product_brand-roca-marine-pt","7":"product_cat-limpa-para-brisas","9":"first","10":"instock","11":"shipping-taxable","12":"purchasable","13":"product-type-simple"},"_links":{"self":[{"href":"https:\/\/stoic-curie.212-227-153-4.plesk.page\/pt\/wp-json\/wp\/v2\/product\/747279","targetHints":{"allow":["GET"]}}],"collection":[{"href":"https:\/\/stoic-curie.212-227-153-4.plesk.page\/pt\/wp-json\/wp\/v2\/product"}],"about":[{"href":"https:\/\/stoic-curie.212-227-153-4.plesk.page\/pt\/wp-json\/wp\/v2\/types\/product"}],"replies":[{"embeddable":true,"href":"https:\/\/stoic-curie.212-227-153-4.plesk.page\/pt\/wp-json\/wp\/v2\/comments?post=747279"}],"version-history":[{"count":0,"href":"https:\/\/stoic-curie.212-227-153-4.plesk.page\/pt\/wp-json\/wp\/v2\/product\/747279\/revisions"}],"wp:featuredmedia":[{"embeddable":true,"href":"https:\/\/stoic-curie.212-227-153-4.plesk.page\/pt\/wp-json\/wp\/v2\/media\/5939170"}],"wp:attachment":[{"href":"https:\/\/stoic-curie.212-227-153-4.plesk.page\/pt\/wp-json\/wp\/v2\/media?parent=747279"}],"wp:term":[{"taxonomy":"product_brand","embeddable":true,"href":"https:\/\/stoic-curie.212-227-153-4.plesk.page\/pt\/wp-json\/wp\/v2\/product_brand?post=747279"},{"taxonomy":"product_cat","embeddable":true,"href":"https:\/\/stoic-curie.212-227-153-4.plesk.page\/pt\/wp-json\/wp\/v2\/product_cat?post=747279"},{"taxonomy":"product_tag","embeddable":true,"href":"https:\/\/stoic-curie.212-227-153-4.plesk.page\/pt\/wp-json\/wp\/v2\/product_tag?post=747279"}],"curies":[{"name":"wp","href":"https:\/\/api.w.org\/{rel}","templated":true}]}}