{"id":747281,"date":"2025-03-03T20:56:55","date_gmt":"2025-03-03T19:56:55","guid":{"rendered":"https:\/\/stoic-curie.212-227-153-4.plesk.page\/producto\/limpadores-de-para-brisas-roca-w12wp-24v-42mm\/"},"modified":"2026-02-25T00:27:50","modified_gmt":"2026-02-25T00:27:50","slug":"limpadores-de-para-brisas-roca-w12wp-24v-42mm","status":"publish","type":"product","link":"https:\/\/stoic-curie.212-227-153-4.plesk.page\/pt\/product\/limpadores-de-para-brisas-roca-w12wp-24v-42mm\/","title":{"rendered":"Limpadores de Para-brisas Roca W12wp 24v &#8211; 42mm"},"content":{"rendered":"<p>Limpadores de Para-brisas Roca W12wp 24v &#8211; 42mm &#8211; <\/p>\n<p>Limpa para-brisas Roca W12 para barcos de tamanho m\u00e9dio a pequeno. Carca\u00e7a imperme\u00e1vel IP65 feita de termopl\u00e1stico estabilizado contra UV. Motor de 12 Nm com 35 ou 55 varridas por minuto, estacionamento autom\u00e1tico \u00e0 esquerda ou \u00e0 direita e \u00e2ngulo de varri\u00e7\u00e3o ajust\u00e1vel de 45\u00b0 a 110\u00b0. Eixo padr\u00e3o de 13,8 mm. Consumo de 2A em repouso e 4A em plena carga a 12V. Deve ser complementado com bra\u00e7o e l\u00e2mina.<\/p>\n","protected":false},"excerpt":{"rendered":"<p>Limpadores de Para-brisas Roca W12wp 24v &#8211; 42mm &#8211; Limpa para-brisas Roca W12 para barcos de tamanho m\u00e9dio a pequeno.<\/p>\n","protected":false},"featured_media":5939173,"comment_status":"open","ping_status":"closed","template":"","meta":[],"product_brand":[3317],"product_cat":[2022],"product_tag":[],"class_list":{"0":"post-747281","1":"product","2":"type-product","3":"status-publish","4":"has-post-thumbnail","6":"product_brand-roca-marine-pt","7":"product_cat-limpa-para-brisas","9":"first","10":"instock","11":"shipping-taxable","12":"purchasable","13":"product-type-simple"},"_links":{"self":[{"href":"https:\/\/stoic-curie.212-227-153-4.plesk.page\/pt\/wp-json\/wp\/v2\/product\/747281","targetHints":{"allow":["GET"]}}],"collection":[{"href":"https:\/\/stoic-curie.212-227-153-4.plesk.page\/pt\/wp-json\/wp\/v2\/product"}],"about":[{"href":"https:\/\/stoic-curie.212-227-153-4.plesk.page\/pt\/wp-json\/wp\/v2\/types\/product"}],"replies":[{"embeddable":true,"href":"https:\/\/stoic-curie.212-227-153-4.plesk.page\/pt\/wp-json\/wp\/v2\/comments?post=747281"}],"version-history":[{"count":0,"href":"https:\/\/stoic-curie.212-227-153-4.plesk.page\/pt\/wp-json\/wp\/v2\/product\/747281\/revisions"}],"wp:featuredmedia":[{"embeddable":true,"href":"https:\/\/stoic-curie.212-227-153-4.plesk.page\/pt\/wp-json\/wp\/v2\/media\/5939173"}],"wp:attachment":[{"href":"https:\/\/stoic-curie.212-227-153-4.plesk.page\/pt\/wp-json\/wp\/v2\/media?parent=747281"}],"wp:term":[{"taxonomy":"product_brand","embeddable":true,"href":"https:\/\/stoic-curie.212-227-153-4.plesk.page\/pt\/wp-json\/wp\/v2\/product_brand?post=747281"},{"taxonomy":"product_cat","embeddable":true,"href":"https:\/\/stoic-curie.212-227-153-4.plesk.page\/pt\/wp-json\/wp\/v2\/product_cat?post=747281"},{"taxonomy":"product_tag","embeddable":true,"href":"https:\/\/stoic-curie.212-227-153-4.plesk.page\/pt\/wp-json\/wp\/v2\/product_tag?post=747281"}],"curies":[{"name":"wp","href":"https:\/\/api.w.org\/{rel}","templated":true}]}}