{"id":747284,"date":"2025-03-03T20:56:56","date_gmt":"2025-03-03T19:56:56","guid":{"rendered":"https:\/\/stoic-curie.212-227-153-4.plesk.page\/producto\/pantografo-de-aco-inoxidavel-600-900-roca-w38\/"},"modified":"2026-02-25T00:27:50","modified_gmt":"2026-02-25T00:27:50","slug":"pantografo-de-aco-inoxidavel-600-900-roca-w38","status":"publish","type":"product","link":"https:\/\/stoic-curie.212-227-153-4.plesk.page\/pt\/product\/pantografo-de-aco-inoxidavel-600-900-roca-w38\/","title":{"rendered":"Pant\u00f3grafo de A\u00e7o Inoxid\u00e1vel 600 < > 900 Roca W38"},"content":{"rendered":"<p>Pant\u00f3grafo de A\u00e7o Inoxid\u00e1vel 600 < > 900 Roca W38 &#8211; <\/p>\n<p>Limpa para-brisas Roca W38 de qualidade superior para barcos de m\u00e9dio a grande porte. Tamb\u00e9m adequado para uso profissional em barcos de trabalho. Motor de 38 Nm com 35 ou 55 movimentos por minuto, estacionamento autom\u00e1tico \u00e0 esquerda ou \u00e0 direita e \u00e2ngulo de varredura ajust\u00e1vel de 45\u00b0 a 110\u00b0. Consumo de 3A em repouso e 7A em plena carga a 12V. A ser completado com bra\u00e7o pant\u00f3grafo e l\u00e2mina. O bra\u00e7o pant\u00f3grafo \u00e9 dotado de bico spray e mangueira de 1,1 metro.<\/p>\n","protected":false},"excerpt":{"rendered":"<p>Pant\u00f3grafo de A\u00e7o Inoxid\u00e1vel 600 < > 900 Roca W38 &#8211; Limpa para-brisas Roca W38 de qualidade superior para barcos<\/p>\n","protected":false},"featured_media":5936833,"comment_status":"open","ping_status":"closed","template":"","meta":[],"product_brand":[3317],"product_cat":[2022],"product_tag":[],"class_list":{"0":"post-747284","1":"product","2":"type-product","3":"status-publish","4":"has-post-thumbnail","6":"product_brand-roca-marine-pt","7":"product_cat-limpa-para-brisas","9":"first","10":"instock","11":"shipping-taxable","12":"purchasable","13":"product-type-simple"},"_links":{"self":[{"href":"https:\/\/stoic-curie.212-227-153-4.plesk.page\/pt\/wp-json\/wp\/v2\/product\/747284","targetHints":{"allow":["GET"]}}],"collection":[{"href":"https:\/\/stoic-curie.212-227-153-4.plesk.page\/pt\/wp-json\/wp\/v2\/product"}],"about":[{"href":"https:\/\/stoic-curie.212-227-153-4.plesk.page\/pt\/wp-json\/wp\/v2\/types\/product"}],"replies":[{"embeddable":true,"href":"https:\/\/stoic-curie.212-227-153-4.plesk.page\/pt\/wp-json\/wp\/v2\/comments?post=747284"}],"version-history":[{"count":0,"href":"https:\/\/stoic-curie.212-227-153-4.plesk.page\/pt\/wp-json\/wp\/v2\/product\/747284\/revisions"}],"wp:featuredmedia":[{"embeddable":true,"href":"https:\/\/stoic-curie.212-227-153-4.plesk.page\/pt\/wp-json\/wp\/v2\/media\/5936833"}],"wp:attachment":[{"href":"https:\/\/stoic-curie.212-227-153-4.plesk.page\/pt\/wp-json\/wp\/v2\/media?parent=747284"}],"wp:term":[{"taxonomy":"product_brand","embeddable":true,"href":"https:\/\/stoic-curie.212-227-153-4.plesk.page\/pt\/wp-json\/wp\/v2\/product_brand?post=747284"},{"taxonomy":"product_cat","embeddable":true,"href":"https:\/\/stoic-curie.212-227-153-4.plesk.page\/pt\/wp-json\/wp\/v2\/product_cat?post=747284"},{"taxonomy":"product_tag","embeddable":true,"href":"https:\/\/stoic-curie.212-227-153-4.plesk.page\/pt\/wp-json\/wp\/v2\/product_tag?post=747284"}],"curies":[{"name":"wp","href":"https:\/\/api.w.org\/{rel}","templated":true}]}}