{"id":747288,"date":"2025-03-03T20:56:58","date_gmt":"2025-03-03T19:56:58","guid":{"rendered":"https:\/\/stoic-curie.212-227-153-4.plesk.page\/producto\/laminas-do-limpador-roca-w38-810-mm\/"},"modified":"2026-02-25T00:27:50","modified_gmt":"2026-02-25T00:27:50","slug":"laminas-do-limpador-roca-w38-810-mm","status":"publish","type":"product","link":"https:\/\/stoic-curie.212-227-153-4.plesk.page\/pt\/product\/laminas-do-limpador-roca-w38-810-mm\/","title":{"rendered":"L\u00e2minas do Limpador Roca W38 810 mm"},"content":{"rendered":"<p>L\u00e2minas do Limpador Roca W38 810 mm &#8211; <\/p>\n<p>Limpa-vidros Roca W38 de qualidade superior para barcos de m\u00e9dio e grande porte. Tamb\u00e9m para uso profissional em barcos de trabalho. Motor de 38 Nm com 35 ou 55 varridas por minuto, autoestacionamento autom\u00e1tico para a esquerda ou direita e \u00e2ngulo de varrimento ajust\u00e1vel de 45\u00b0 a 110\u00b0. Consumo de 3A em repouso e 7A em plena carga a 12V. Deve ser complementado com um bra\u00e7o pant\u00f3grafo e l\u00e2mina. O bra\u00e7o pant\u00f3grafo \u00e9 equipado com um bico de pulveriza\u00e7\u00e3o e uma mangueirinha de 1,1 metros.<\/p>\n","protected":false},"excerpt":{"rendered":"<p>L\u00e2minas do Limpador Roca W38 810 mm &#8211; Limpa-vidros Roca W38 de qualidade superior para barcos de m\u00e9dio e grande<\/p>\n","protected":false},"featured_media":5939199,"comment_status":"open","ping_status":"closed","template":"","meta":[],"product_brand":[3317],"product_cat":[2022],"product_tag":[],"class_list":{"0":"post-747288","1":"product","2":"type-product","3":"status-publish","4":"has-post-thumbnail","6":"product_brand-roca-marine-pt","7":"product_cat-limpa-para-brisas","9":"first","10":"instock","11":"shipping-taxable","12":"purchasable","13":"product-type-simple"},"_links":{"self":[{"href":"https:\/\/stoic-curie.212-227-153-4.plesk.page\/pt\/wp-json\/wp\/v2\/product\/747288","targetHints":{"allow":["GET"]}}],"collection":[{"href":"https:\/\/stoic-curie.212-227-153-4.plesk.page\/pt\/wp-json\/wp\/v2\/product"}],"about":[{"href":"https:\/\/stoic-curie.212-227-153-4.plesk.page\/pt\/wp-json\/wp\/v2\/types\/product"}],"replies":[{"embeddable":true,"href":"https:\/\/stoic-curie.212-227-153-4.plesk.page\/pt\/wp-json\/wp\/v2\/comments?post=747288"}],"version-history":[{"count":0,"href":"https:\/\/stoic-curie.212-227-153-4.plesk.page\/pt\/wp-json\/wp\/v2\/product\/747288\/revisions"}],"wp:featuredmedia":[{"embeddable":true,"href":"https:\/\/stoic-curie.212-227-153-4.plesk.page\/pt\/wp-json\/wp\/v2\/media\/5939199"}],"wp:attachment":[{"href":"https:\/\/stoic-curie.212-227-153-4.plesk.page\/pt\/wp-json\/wp\/v2\/media?parent=747288"}],"wp:term":[{"taxonomy":"product_brand","embeddable":true,"href":"https:\/\/stoic-curie.212-227-153-4.plesk.page\/pt\/wp-json\/wp\/v2\/product_brand?post=747288"},{"taxonomy":"product_cat","embeddable":true,"href":"https:\/\/stoic-curie.212-227-153-4.plesk.page\/pt\/wp-json\/wp\/v2\/product_cat?post=747288"},{"taxonomy":"product_tag","embeddable":true,"href":"https:\/\/stoic-curie.212-227-153-4.plesk.page\/pt\/wp-json\/wp\/v2\/product_tag?post=747288"}],"curies":[{"name":"wp","href":"https:\/\/api.w.org\/{rel}","templated":true}]}}