{"id":747292,"date":"2025-03-03T20:56:59","date_gmt":"2025-03-03T19:56:59","guid":{"rendered":"https:\/\/stoic-curie.212-227-153-4.plesk.page\/producto\/sistema-de-controlo-de-limpa-para-brisas-roca\/"},"modified":"2026-02-25T00:27:50","modified_gmt":"2026-02-25T00:27:50","slug":"sistema-de-controlo-de-limpa-para-brisas-roca","status":"publish","type":"product","link":"https:\/\/stoic-curie.212-227-153-4.plesk.page\/pt\/product\/sistema-de-controlo-de-limpa-para-brisas-roca\/","title":{"rendered":"Sistema de Controlo de Limpa-P\u00e1ra-brisas Roca"},"content":{"rendered":"<p>Sistema de Controlo de Limpa-P\u00e1ra-brisas Roca &#8211; <\/p>\n<p>Sistema universal Roca que controla e sincroniza at\u00e9 3 motores de limpa-vidros de baixa pot\u00eancia de qualquer pot\u00eancia. Permite a sele\u00e7\u00e3o de cada motor individual, controla a velocidade dos movimentos de varredura e o sistema de lavagem do para-brisa. Fonte de alimenta\u00e7\u00e3o universal de 12\/24V. Para ser complementado com um interruptor Carling ou um painel touch. O interruptor Carling vem completo com 1,5 metros de cabo e conector. O painel touch gerencia todos os controles junto com at\u00e9 3 motores de limpa-vidros.<\/p>\n","protected":false},"excerpt":{"rendered":"<p>Sistema de Controlo de Limpa-P\u00e1ra-brisas Roca &#8211; Sistema universal Roca que controla e sincroniza at\u00e9 3 motores de limpa-vidros de<\/p>\n","protected":false},"featured_media":5939210,"comment_status":"open","ping_status":"closed","template":"","meta":[],"product_brand":[3317],"product_cat":[2022],"product_tag":[],"class_list":{"0":"post-747292","1":"product","2":"type-product","3":"status-publish","4":"has-post-thumbnail","6":"product_brand-roca-marine-pt","7":"product_cat-limpa-para-brisas","9":"first","10":"instock","11":"shipping-taxable","12":"purchasable","13":"product-type-simple"},"_links":{"self":[{"href":"https:\/\/stoic-curie.212-227-153-4.plesk.page\/pt\/wp-json\/wp\/v2\/product\/747292","targetHints":{"allow":["GET"]}}],"collection":[{"href":"https:\/\/stoic-curie.212-227-153-4.plesk.page\/pt\/wp-json\/wp\/v2\/product"}],"about":[{"href":"https:\/\/stoic-curie.212-227-153-4.plesk.page\/pt\/wp-json\/wp\/v2\/types\/product"}],"replies":[{"embeddable":true,"href":"https:\/\/stoic-curie.212-227-153-4.plesk.page\/pt\/wp-json\/wp\/v2\/comments?post=747292"}],"version-history":[{"count":0,"href":"https:\/\/stoic-curie.212-227-153-4.plesk.page\/pt\/wp-json\/wp\/v2\/product\/747292\/revisions"}],"wp:featuredmedia":[{"embeddable":true,"href":"https:\/\/stoic-curie.212-227-153-4.plesk.page\/pt\/wp-json\/wp\/v2\/media\/5939210"}],"wp:attachment":[{"href":"https:\/\/stoic-curie.212-227-153-4.plesk.page\/pt\/wp-json\/wp\/v2\/media?parent=747292"}],"wp:term":[{"taxonomy":"product_brand","embeddable":true,"href":"https:\/\/stoic-curie.212-227-153-4.plesk.page\/pt\/wp-json\/wp\/v2\/product_brand?post=747292"},{"taxonomy":"product_cat","embeddable":true,"href":"https:\/\/stoic-curie.212-227-153-4.plesk.page\/pt\/wp-json\/wp\/v2\/product_cat?post=747292"},{"taxonomy":"product_tag","embeddable":true,"href":"https:\/\/stoic-curie.212-227-153-4.plesk.page\/pt\/wp-json\/wp\/v2\/product_tag?post=747292"}],"curies":[{"name":"wp","href":"https:\/\/api.w.org\/{rel}","templated":true}]}}