{"id":747294,"date":"2025-03-03T20:56:59","date_gmt":"2025-03-03T19:56:59","guid":{"rendered":"https:\/\/stoic-curie.212-227-153-4.plesk.page\/producto\/rele-separador-de-bateria-100a-12v-2-baterias\/"},"modified":"2026-02-25T00:27:50","modified_gmt":"2026-02-25T00:27:50","slug":"rele-separador-de-bateria-100a-12v-2-baterias","status":"publish","type":"product","link":"https:\/\/stoic-curie.212-227-153-4.plesk.page\/pt\/product\/rele-separador-de-bateria-100a-12v-2-baterias\/","title":{"rendered":"Rel\u00e9 Separador de Bateria 100A 12V 2 baterias"},"content":{"rendered":"<p>Rel\u00e9 Separador de Bateria 100A 12V 2 baterias &#8211; <\/p>\n<p>O rel\u00e9 de sensor BS permite carregar v\u00e1rias baterias a partir de um \u00fanico alternador. Carga priorizada: aguarda at\u00e9 que a bateria principal alcance 13,2 V antes de come\u00e7ar a carregar as restantes. Quando o motor \u00e9 ligado, permite usar ambas as baterias em paralelo. Quando as baterias n\u00e3o est\u00e3o a ser carregadas, elas s\u00e3o separadas e isoladas.<\/p>\n","protected":false},"excerpt":{"rendered":"<p>Rel\u00e9 Separador de Bateria 100A 12V 2 baterias &#8211; O rel\u00e9 de sensor BS permite carregar v\u00e1rias baterias a partir<\/p>\n","protected":false},"featured_media":5939214,"comment_status":"open","ping_status":"closed","template":"","meta":[],"product_brand":[3237],"product_cat":[2024],"product_tag":[],"class_list":{"0":"post-747294","1":"product","2":"type-product","3":"status-publish","4":"has-post-thumbnail","6":"product_brand-osculati-pt","7":"product_cat-carregadores-de-bateria","9":"first","10":"instock","11":"shipping-taxable","12":"purchasable","13":"product-type-simple"},"_links":{"self":[{"href":"https:\/\/stoic-curie.212-227-153-4.plesk.page\/pt\/wp-json\/wp\/v2\/product\/747294","targetHints":{"allow":["GET"]}}],"collection":[{"href":"https:\/\/stoic-curie.212-227-153-4.plesk.page\/pt\/wp-json\/wp\/v2\/product"}],"about":[{"href":"https:\/\/stoic-curie.212-227-153-4.plesk.page\/pt\/wp-json\/wp\/v2\/types\/product"}],"replies":[{"embeddable":true,"href":"https:\/\/stoic-curie.212-227-153-4.plesk.page\/pt\/wp-json\/wp\/v2\/comments?post=747294"}],"version-history":[{"count":0,"href":"https:\/\/stoic-curie.212-227-153-4.plesk.page\/pt\/wp-json\/wp\/v2\/product\/747294\/revisions"}],"wp:featuredmedia":[{"embeddable":true,"href":"https:\/\/stoic-curie.212-227-153-4.plesk.page\/pt\/wp-json\/wp\/v2\/media\/5939214"}],"wp:attachment":[{"href":"https:\/\/stoic-curie.212-227-153-4.plesk.page\/pt\/wp-json\/wp\/v2\/media?parent=747294"}],"wp:term":[{"taxonomy":"product_brand","embeddable":true,"href":"https:\/\/stoic-curie.212-227-153-4.plesk.page\/pt\/wp-json\/wp\/v2\/product_brand?post=747294"},{"taxonomy":"product_cat","embeddable":true,"href":"https:\/\/stoic-curie.212-227-153-4.plesk.page\/pt\/wp-json\/wp\/v2\/product_cat?post=747294"},{"taxonomy":"product_tag","embeddable":true,"href":"https:\/\/stoic-curie.212-227-153-4.plesk.page\/pt\/wp-json\/wp\/v2\/product_tag?post=747294"}],"curies":[{"name":"wp","href":"https:\/\/api.w.org\/{rel}","templated":true}]}}