{"id":747295,"date":"2025-03-03T20:57:00","date_gmt":"2025-03-03T19:57:00","guid":{"rendered":"https:\/\/stoic-curie.212-227-153-4.plesk.page\/producto\/rele-separador-de-bateria-mtm-bs-200a-12v\/"},"modified":"2026-02-25T00:27:50","modified_gmt":"2026-02-25T00:27:50","slug":"rele-separador-de-bateria-mtm-bs-200a-12v","status":"publish","type":"product","link":"https:\/\/stoic-curie.212-227-153-4.plesk.page\/pt\/product\/rele-separador-de-bateria-mtm-bs-200a-12v\/","title":{"rendered":"Rel\u00e9 Separador de Bateria MTM BS 200A 12V"},"content":{"rendered":"<p>Rel\u00e9 Separador de Bateria MTM BS 200A 12V &#8211; <\/p>\n<p>O rel\u00e9 de detec\u00e7\u00e3o BS permite carregar v\u00e1rias baterias a partir de um \u00fanico alternador. Carga priorizada: aguarda at\u00e9 que a bateria principal atinja 13,2 V antes de come\u00e7ar a carregar as baterias restantes. Quando o motor \u00e9 ligado, permite o uso paralelo de ambas as baterias. Quando as baterias n\u00e3o est\u00e3o sendo carregadas, elas s\u00e3o separadas e isoladas.<\/p>\n","protected":false},"excerpt":{"rendered":"<p>Rel\u00e9 Separador de Bateria MTM BS 200A 12V &#8211; O rel\u00e9 de detec\u00e7\u00e3o BS permite carregar v\u00e1rias baterias a partir<\/p>\n","protected":false},"featured_media":5939214,"comment_status":"open","ping_status":"closed","template":"","meta":[],"product_brand":[3237],"product_cat":[2024,2035],"product_tag":[],"class_list":{"0":"post-747295","1":"product","2":"type-product","3":"status-publish","4":"has-post-thumbnail","6":"product_brand-osculati-pt","7":"product_cat-carregadores-de-bateria","8":"product_cat-disjuntores-e-reles","10":"first","11":"instock","12":"shipping-taxable","13":"purchasable","14":"product-type-simple"},"_links":{"self":[{"href":"https:\/\/stoic-curie.212-227-153-4.plesk.page\/pt\/wp-json\/wp\/v2\/product\/747295","targetHints":{"allow":["GET"]}}],"collection":[{"href":"https:\/\/stoic-curie.212-227-153-4.plesk.page\/pt\/wp-json\/wp\/v2\/product"}],"about":[{"href":"https:\/\/stoic-curie.212-227-153-4.plesk.page\/pt\/wp-json\/wp\/v2\/types\/product"}],"replies":[{"embeddable":true,"href":"https:\/\/stoic-curie.212-227-153-4.plesk.page\/pt\/wp-json\/wp\/v2\/comments?post=747295"}],"version-history":[{"count":0,"href":"https:\/\/stoic-curie.212-227-153-4.plesk.page\/pt\/wp-json\/wp\/v2\/product\/747295\/revisions"}],"wp:featuredmedia":[{"embeddable":true,"href":"https:\/\/stoic-curie.212-227-153-4.plesk.page\/pt\/wp-json\/wp\/v2\/media\/5939214"}],"wp:attachment":[{"href":"https:\/\/stoic-curie.212-227-153-4.plesk.page\/pt\/wp-json\/wp\/v2\/media?parent=747295"}],"wp:term":[{"taxonomy":"product_brand","embeddable":true,"href":"https:\/\/stoic-curie.212-227-153-4.plesk.page\/pt\/wp-json\/wp\/v2\/product_brand?post=747295"},{"taxonomy":"product_cat","embeddable":true,"href":"https:\/\/stoic-curie.212-227-153-4.plesk.page\/pt\/wp-json\/wp\/v2\/product_cat?post=747295"},{"taxonomy":"product_tag","embeddable":true,"href":"https:\/\/stoic-curie.212-227-153-4.plesk.page\/pt\/wp-json\/wp\/v2\/product_tag?post=747295"}],"curies":[{"name":"wp","href":"https:\/\/api.w.org\/{rel}","templated":true}]}}