{"id":747296,"date":"2025-03-03T20:57:00","date_gmt":"2025-03-03T19:57:00","guid":{"rendered":"https:\/\/stoic-curie.212-227-153-4.plesk.page\/producto\/separador-eletronico-de-bateria-3-baterias-70a\/"},"modified":"2026-02-25T00:27:50","modified_gmt":"2026-02-25T00:27:50","slug":"separador-eletronico-de-bateria-3-baterias-70a","status":"publish","type":"product","link":"https:\/\/stoic-curie.212-227-153-4.plesk.page\/pt\/product\/separador-eletronico-de-bateria-3-baterias-70a\/","title":{"rendered":"Separador Eletr\u00f3nico de Bateria 3 Baterias 70A"},"content":{"rendered":"<p>Separador Eletr\u00f3nico de Bateria 3 Baterias 70A &#8211; <\/p>\n<p>Eletr\u00f4nica selada e gabinete de isoladores de bateria de alta qualidade. Sele\u00e7\u00e3o autom\u00e1tica de carga para a bateria mais descarregada. O isolador de bateria evita a descarga da bateria mais carregada, mantendo a menos carregada.<\/p>\n","protected":false},"excerpt":{"rendered":"<p>Separador Eletr\u00f3nico de Bateria 3 Baterias 70A &#8211; Eletr\u00f4nica selada e gabinete de isoladores de bateria de alta qualidade. Sele\u00e7\u00e3o<\/p>\n","protected":false},"featured_media":5939215,"comment_status":"open","ping_status":"closed","template":"","meta":[],"product_brand":[2166,3237],"product_cat":[2024],"product_tag":[],"class_list":{"0":"post-747296","1":"product","2":"type-product","3":"status-publish","4":"has-post-thumbnail","6":"product_brand-osculati","7":"product_brand-osculati-pt","8":"product_cat-carregadores-de-bateria","10":"first","11":"instock","12":"shipping-taxable","13":"purchasable","14":"product-type-simple"},"_links":{"self":[{"href":"https:\/\/stoic-curie.212-227-153-4.plesk.page\/pt\/wp-json\/wp\/v2\/product\/747296","targetHints":{"allow":["GET"]}}],"collection":[{"href":"https:\/\/stoic-curie.212-227-153-4.plesk.page\/pt\/wp-json\/wp\/v2\/product"}],"about":[{"href":"https:\/\/stoic-curie.212-227-153-4.plesk.page\/pt\/wp-json\/wp\/v2\/types\/product"}],"replies":[{"embeddable":true,"href":"https:\/\/stoic-curie.212-227-153-4.plesk.page\/pt\/wp-json\/wp\/v2\/comments?post=747296"}],"version-history":[{"count":0,"href":"https:\/\/stoic-curie.212-227-153-4.plesk.page\/pt\/wp-json\/wp\/v2\/product\/747296\/revisions"}],"wp:featuredmedia":[{"embeddable":true,"href":"https:\/\/stoic-curie.212-227-153-4.plesk.page\/pt\/wp-json\/wp\/v2\/media\/5939215"}],"wp:attachment":[{"href":"https:\/\/stoic-curie.212-227-153-4.plesk.page\/pt\/wp-json\/wp\/v2\/media?parent=747296"}],"wp:term":[{"taxonomy":"product_brand","embeddable":true,"href":"https:\/\/stoic-curie.212-227-153-4.plesk.page\/pt\/wp-json\/wp\/v2\/product_brand?post=747296"},{"taxonomy":"product_cat","embeddable":true,"href":"https:\/\/stoic-curie.212-227-153-4.plesk.page\/pt\/wp-json\/wp\/v2\/product_cat?post=747296"},{"taxonomy":"product_tag","embeddable":true,"href":"https:\/\/stoic-curie.212-227-153-4.plesk.page\/pt\/wp-json\/wp\/v2\/product_tag?post=747296"}],"curies":[{"name":"wp","href":"https:\/\/api.w.org\/{rel}","templated":true}]}}