{"id":747300,"date":"2025-03-03T20:57:01","date_gmt":"2025-03-03T19:57:01","guid":{"rendered":"https:\/\/stoic-curie.212-227-153-4.plesk.page\/producto\/separadores-de-bateria-quick-ate-2-baterias-12-24v\/"},"modified":"2026-02-25T00:27:50","modified_gmt":"2026-02-25T00:27:50","slug":"separadores-de-bateria-quick-ate-2-baterias-12-24v","status":"publish","type":"product","link":"https:\/\/stoic-curie.212-227-153-4.plesk.page\/pt\/product\/separadores-de-bateria-quick-ate-2-baterias-12-24v\/","title":{"rendered":"Separadores de Bateria Quick ECS at\u00e9 2 Baterias 12-24V"},"content":{"rendered":"<p>Separadores de Bateria Quick ECS at\u00e9 2 Baterias 12-24V &#8211; <\/p>\n<p>Os rel\u00e9s de detec\u00e7\u00e3o Quick ECS s\u00e3o dotados de tecnologia Mosfet, que permite dividir a carga sem causar quedas de tens\u00e3o perigosas. Eles aumentam o n\u00famero de poss\u00edveis conex\u00f5es de bateria, garantindo que cada uma seja carregada individualmente, como geralmente acontece com carregadores de bateria com m\u00faltiplas sa\u00eddas. Vantagens: &#8211; perda de tens\u00e3o negligenci\u00e1vel &#8211; tens\u00e3o de entrada de 5 a 31 V &#8211; baixa dissipa\u00e7\u00e3o de pot\u00eancia &#8211; ampla faixa de temperatura de opera\u00e7\u00e3o &#8211; compatibilidade com qualquer tipo de gerador.<\/p>\n","protected":false},"excerpt":{"rendered":"<p>Separadores de Bateria Quick ECS at\u00e9 2 Baterias 12-24V &#8211; Os rel\u00e9s de detec\u00e7\u00e3o Quick ECS s\u00e3o dotados de tecnologia<\/p>\n","protected":false},"featured_media":5939221,"comment_status":"open","ping_status":"closed","template":"","meta":[],"product_brand":[3282],"product_cat":[2024],"product_tag":[],"class_list":{"0":"post-747300","1":"product","2":"type-product","3":"status-publish","4":"has-post-thumbnail","6":"product_brand-quick-pt","7":"product_cat-carregadores-de-bateria","9":"first","10":"instock","11":"shipping-taxable","12":"purchasable","13":"product-type-simple"},"_links":{"self":[{"href":"https:\/\/stoic-curie.212-227-153-4.plesk.page\/pt\/wp-json\/wp\/v2\/product\/747300","targetHints":{"allow":["GET"]}}],"collection":[{"href":"https:\/\/stoic-curie.212-227-153-4.plesk.page\/pt\/wp-json\/wp\/v2\/product"}],"about":[{"href":"https:\/\/stoic-curie.212-227-153-4.plesk.page\/pt\/wp-json\/wp\/v2\/types\/product"}],"replies":[{"embeddable":true,"href":"https:\/\/stoic-curie.212-227-153-4.plesk.page\/pt\/wp-json\/wp\/v2\/comments?post=747300"}],"version-history":[{"count":0,"href":"https:\/\/stoic-curie.212-227-153-4.plesk.page\/pt\/wp-json\/wp\/v2\/product\/747300\/revisions"}],"wp:featuredmedia":[{"embeddable":true,"href":"https:\/\/stoic-curie.212-227-153-4.plesk.page\/pt\/wp-json\/wp\/v2\/media\/5939221"}],"wp:attachment":[{"href":"https:\/\/stoic-curie.212-227-153-4.plesk.page\/pt\/wp-json\/wp\/v2\/media?parent=747300"}],"wp:term":[{"taxonomy":"product_brand","embeddable":true,"href":"https:\/\/stoic-curie.212-227-153-4.plesk.page\/pt\/wp-json\/wp\/v2\/product_brand?post=747300"},{"taxonomy":"product_cat","embeddable":true,"href":"https:\/\/stoic-curie.212-227-153-4.plesk.page\/pt\/wp-json\/wp\/v2\/product_cat?post=747300"},{"taxonomy":"product_tag","embeddable":true,"href":"https:\/\/stoic-curie.212-227-153-4.plesk.page\/pt\/wp-json\/wp\/v2\/product_tag?post=747300"}],"curies":[{"name":"wp","href":"https:\/\/api.w.org\/{rel}","templated":true}]}}