{"id":747304,"date":"2025-03-03T20:57:04","date_gmt":"2025-03-03T19:57:04","guid":{"rendered":"https:\/\/stoic-curie.212-227-153-4.plesk.page\/producto\/redutores-de-tensao-24v-para-12v-quick-com-isolamento-galvanico\/"},"modified":"2026-02-25T00:27:50","modified_gmt":"2026-02-25T00:27:50","slug":"redutores-de-tensao-24v-para-12v-quick-com-isolamento-galvanico","status":"publish","type":"product","link":"https:\/\/stoic-curie.212-227-153-4.plesk.page\/pt\/product\/redutores-de-tensao-24v-para-12v-quick-com-isolamento-galvanico\/","title":{"rendered":"Redutores de Tens\u00e3o 24V para 12V Quick com isolamento galv\u00e2nico"},"content":{"rendered":"<p>Redutores de Tens\u00e3o 24V para 12V Quick com isolamento galv\u00e2nico &#8211; <\/p>\n<p>Redutores de tens\u00e3o de 24V para 12V com baixa ondula\u00e7\u00e3o residual de sa\u00edda, prote\u00e7\u00e3o contra curtos-circuitos, sobretens\u00e3o e polaridade inversa.<\/p>\n","protected":false},"excerpt":{"rendered":"<p>Redutores de Tens\u00e3o 24V para 12V Quick com isolamento galv\u00e2nico &#8211; Redutores de tens\u00e3o de 24V para 12V com baixa<\/p>\n","protected":false},"featured_media":5939222,"comment_status":"open","ping_status":"closed","template":"","meta":[],"product_brand":[3282],"product_cat":[2029],"product_tag":[],"class_list":{"0":"post-747304","1":"product","2":"type-product","3":"status-publish","4":"has-post-thumbnail","6":"product_brand-quick-pt","7":"product_cat-inversores-de-corrente","9":"first","10":"instock","11":"shipping-taxable","12":"purchasable","13":"product-type-simple"},"_links":{"self":[{"href":"https:\/\/stoic-curie.212-227-153-4.plesk.page\/pt\/wp-json\/wp\/v2\/product\/747304","targetHints":{"allow":["GET"]}}],"collection":[{"href":"https:\/\/stoic-curie.212-227-153-4.plesk.page\/pt\/wp-json\/wp\/v2\/product"}],"about":[{"href":"https:\/\/stoic-curie.212-227-153-4.plesk.page\/pt\/wp-json\/wp\/v2\/types\/product"}],"replies":[{"embeddable":true,"href":"https:\/\/stoic-curie.212-227-153-4.plesk.page\/pt\/wp-json\/wp\/v2\/comments?post=747304"}],"version-history":[{"count":0,"href":"https:\/\/stoic-curie.212-227-153-4.plesk.page\/pt\/wp-json\/wp\/v2\/product\/747304\/revisions"}],"wp:featuredmedia":[{"embeddable":true,"href":"https:\/\/stoic-curie.212-227-153-4.plesk.page\/pt\/wp-json\/wp\/v2\/media\/5939222"}],"wp:attachment":[{"href":"https:\/\/stoic-curie.212-227-153-4.plesk.page\/pt\/wp-json\/wp\/v2\/media?parent=747304"}],"wp:term":[{"taxonomy":"product_brand","embeddable":true,"href":"https:\/\/stoic-curie.212-227-153-4.plesk.page\/pt\/wp-json\/wp\/v2\/product_brand?post=747304"},{"taxonomy":"product_cat","embeddable":true,"href":"https:\/\/stoic-curie.212-227-153-4.plesk.page\/pt\/wp-json\/wp\/v2\/product_cat?post=747304"},{"taxonomy":"product_tag","embeddable":true,"href":"https:\/\/stoic-curie.212-227-153-4.plesk.page\/pt\/wp-json\/wp\/v2\/product_tag?post=747304"}],"curies":[{"name":"wp","href":"https:\/\/api.w.org\/{rel}","templated":true}]}}