{"id":747306,"date":"2025-03-03T20:57:05","date_gmt":"2025-03-03T19:57:05","guid":{"rendered":"https:\/\/stoic-curie.212-227-153-4.plesk.page\/producto\/painel-eletrico-preto-ghost-com-6-interruptores-e-tomada-12v-100-x-a170-mm\/"},"modified":"2026-02-25T00:27:50","modified_gmt":"2026-02-25T00:27:50","slug":"painel-eletrico-preto-ghost-com-6-interruptores-e-tomada-12v-100-x-a170-mm","status":"publish","type":"product","link":"https:\/\/stoic-curie.212-227-153-4.plesk.page\/pt\/product\/painel-eletrico-preto-ghost-com-6-interruptores-e-tomada-12v-100-x-a170-mm\/","title":{"rendered":"Painel El\u00e9trico Preto GHOST com 6 Interruptores e Tomada 12V 100 x A170 mm"},"content":{"rendered":"<p>Painel El\u00e9trico Preto GHOST com 6 Interruptores e Tomada 12V 100 x A170 mm &#8211; <\/p>\n<p>Painel anodizado preto com interruptores de luz \u00e0 prova d&#8217;\u00e1gua, tomada de 12V e disjuntores de bot\u00e3o pression\u00e1vel completos com etiquetas pr\u00e9-impressas. O painel possui 1 x (LIGADO)-DESLIGADO e 1 x LIGADO-DESLIGADO-LIGADO.<\/p>\n","protected":false},"excerpt":{"rendered":"<p>Painel El\u00e9trico Preto GHOST com 6 Interruptores e Tomada 12V 100 x A170 mm &#8211; Painel anodizado preto com interruptores<\/p>\n","protected":false},"featured_media":5939263,"comment_status":"open","ping_status":"closed","template":"","meta":[],"product_brand":[2832],"product_cat":[2033],"product_tag":[],"class_list":{"0":"post-747306","1":"product","2":"type-product","3":"status-publish","4":"has-post-thumbnail","6":"product_brand-blue-sea-systems-pt","7":"product_cat-quadros-eletricos","9":"first","10":"instock","11":"shipping-taxable","12":"purchasable","13":"product-type-simple"},"_links":{"self":[{"href":"https:\/\/stoic-curie.212-227-153-4.plesk.page\/pt\/wp-json\/wp\/v2\/product\/747306","targetHints":{"allow":["GET"]}}],"collection":[{"href":"https:\/\/stoic-curie.212-227-153-4.plesk.page\/pt\/wp-json\/wp\/v2\/product"}],"about":[{"href":"https:\/\/stoic-curie.212-227-153-4.plesk.page\/pt\/wp-json\/wp\/v2\/types\/product"}],"replies":[{"embeddable":true,"href":"https:\/\/stoic-curie.212-227-153-4.plesk.page\/pt\/wp-json\/wp\/v2\/comments?post=747306"}],"version-history":[{"count":0,"href":"https:\/\/stoic-curie.212-227-153-4.plesk.page\/pt\/wp-json\/wp\/v2\/product\/747306\/revisions"}],"wp:featuredmedia":[{"embeddable":true,"href":"https:\/\/stoic-curie.212-227-153-4.plesk.page\/pt\/wp-json\/wp\/v2\/media\/5939263"}],"wp:attachment":[{"href":"https:\/\/stoic-curie.212-227-153-4.plesk.page\/pt\/wp-json\/wp\/v2\/media?parent=747306"}],"wp:term":[{"taxonomy":"product_brand","embeddable":true,"href":"https:\/\/stoic-curie.212-227-153-4.plesk.page\/pt\/wp-json\/wp\/v2\/product_brand?post=747306"},{"taxonomy":"product_cat","embeddable":true,"href":"https:\/\/stoic-curie.212-227-153-4.plesk.page\/pt\/wp-json\/wp\/v2\/product_cat?post=747306"},{"taxonomy":"product_tag","embeddable":true,"href":"https:\/\/stoic-curie.212-227-153-4.plesk.page\/pt\/wp-json\/wp\/v2\/product_tag?post=747306"}],"curies":[{"name":"wp","href":"https:\/\/api.w.org\/{rel}","templated":true}]}}