{"id":747308,"date":"2025-03-03T20:57:06","date_gmt":"2025-03-03T19:57:06","guid":{"rendered":"https:\/\/stoic-curie.212-227-153-4.plesk.page\/producto\/painel-eletrico-com-6-interruptores-a-prova-de-agua-de-15a-135-x-a185-mm\/"},"modified":"2026-02-25T00:27:50","modified_gmt":"2026-02-25T00:27:50","slug":"painel-eletrico-com-6-interruptores-a-prova-de-agua-de-15a-135-x-a185-mm","status":"publish","type":"product","link":"https:\/\/stoic-curie.212-227-153-4.plesk.page\/pt\/product\/painel-eletrico-com-6-interruptores-a-prova-de-agua-de-15a-135-x-a185-mm\/","title":{"rendered":"Painel El\u00e9trico com 6 Interruptores \u00e0 Prova de \u00c1gua de 15A 135 x A185 mm"},"content":{"rendered":"<p>Painel El\u00e9trico com 6 Interruptores \u00e0 Prova de \u00c1gua de 15A 135 x A185 mm &#8211; <\/p>\n<p>Painel anodizado preto com interruptores \u00e0 prova d&#8217;\u00e1gua, suportes de fus\u00edvel e etiquetas pr\u00e9-impressas.<\/p>\n","protected":false},"excerpt":{"rendered":"<p>Painel El\u00e9trico com 6 Interruptores \u00e0 Prova de \u00c1gua de 15A 135 x A185 mm &#8211; Painel anodizado preto com<\/p>\n","protected":false},"featured_media":5939281,"comment_status":"open","ping_status":"closed","template":"","meta":[],"product_brand":[3237],"product_cat":[2033],"product_tag":[],"class_list":{"0":"post-747308","1":"product","2":"type-product","3":"status-publish","4":"has-post-thumbnail","6":"product_brand-osculati-pt","7":"product_cat-quadros-eletricos","9":"first","10":"instock","11":"shipping-taxable","12":"purchasable","13":"product-type-simple"},"_links":{"self":[{"href":"https:\/\/stoic-curie.212-227-153-4.plesk.page\/pt\/wp-json\/wp\/v2\/product\/747308","targetHints":{"allow":["GET"]}}],"collection":[{"href":"https:\/\/stoic-curie.212-227-153-4.plesk.page\/pt\/wp-json\/wp\/v2\/product"}],"about":[{"href":"https:\/\/stoic-curie.212-227-153-4.plesk.page\/pt\/wp-json\/wp\/v2\/types\/product"}],"replies":[{"embeddable":true,"href":"https:\/\/stoic-curie.212-227-153-4.plesk.page\/pt\/wp-json\/wp\/v2\/comments?post=747308"}],"version-history":[{"count":0,"href":"https:\/\/stoic-curie.212-227-153-4.plesk.page\/pt\/wp-json\/wp\/v2\/product\/747308\/revisions"}],"wp:featuredmedia":[{"embeddable":true,"href":"https:\/\/stoic-curie.212-227-153-4.plesk.page\/pt\/wp-json\/wp\/v2\/media\/5939281"}],"wp:attachment":[{"href":"https:\/\/stoic-curie.212-227-153-4.plesk.page\/pt\/wp-json\/wp\/v2\/media?parent=747308"}],"wp:term":[{"taxonomy":"product_brand","embeddable":true,"href":"https:\/\/stoic-curie.212-227-153-4.plesk.page\/pt\/wp-json\/wp\/v2\/product_brand?post=747308"},{"taxonomy":"product_cat","embeddable":true,"href":"https:\/\/stoic-curie.212-227-153-4.plesk.page\/pt\/wp-json\/wp\/v2\/product_cat?post=747308"},{"taxonomy":"product_tag","embeddable":true,"href":"https:\/\/stoic-curie.212-227-153-4.plesk.page\/pt\/wp-json\/wp\/v2\/product_tag?post=747308"}],"curies":[{"name":"wp","href":"https:\/\/api.w.org\/{rel}","templated":true}]}}