{"id":747313,"date":"2025-03-03T20:57:07","date_gmt":"2025-03-03T19:57:07","guid":{"rendered":"https:\/\/stoic-curie.212-227-153-4.plesk.page\/producto\/painel-eletrico-black-sea-com-6-interruptores-led-a-prova-de-agua-205-x-a102-mm\/"},"modified":"2026-02-25T00:27:51","modified_gmt":"2026-02-25T00:27:51","slug":"painel-eletrico-black-sea-com-6-interruptores-led-a-prova-de-agua-205-x-a102-mm","status":"publish","type":"product","link":"https:\/\/stoic-curie.212-227-153-4.plesk.page\/pt\/product\/painel-eletrico-black-sea-com-6-interruptores-led-a-prova-de-agua-205-x-a102-mm\/","title":{"rendered":"Painel El\u00e9trico Black Sea com 6 Interruptores LED \u00e0 Prova de \u00c1gua 205 x A102 mm"},"content":{"rendered":"<p>Painel El\u00e9trico Black Sea com 6 Interruptores LED \u00e0 Prova de \u00c1gua 205 x A102 mm &#8211; <\/p>\n<p>Painel fio de poliuretano anodizado com interruptores \u00e0 prova d&#8217;\u00e1gua, porta-fus\u00edveis e indicadores de LED, completo com etiquetas pr\u00e9-impressas. O 2102707 vem com uma tomada de 12V.<\/p>\n","protected":false},"excerpt":{"rendered":"<p>Painel El\u00e9trico Black Sea com 6 Interruptores LED \u00e0 Prova de \u00c1gua 205 x A102 mm &#8211; Painel fio de<\/p>\n","protected":false},"featured_media":5939289,"comment_status":"open","ping_status":"closed","template":"","meta":[],"product_brand":[2832],"product_cat":[2033],"product_tag":[],"class_list":{"0":"post-747313","1":"product","2":"type-product","3":"status-publish","4":"has-post-thumbnail","6":"product_brand-blue-sea-systems-pt","7":"product_cat-quadros-eletricos","9":"first","10":"instock","11":"shipping-taxable","12":"purchasable","13":"product-type-simple"},"_links":{"self":[{"href":"https:\/\/stoic-curie.212-227-153-4.plesk.page\/pt\/wp-json\/wp\/v2\/product\/747313","targetHints":{"allow":["GET"]}}],"collection":[{"href":"https:\/\/stoic-curie.212-227-153-4.plesk.page\/pt\/wp-json\/wp\/v2\/product"}],"about":[{"href":"https:\/\/stoic-curie.212-227-153-4.plesk.page\/pt\/wp-json\/wp\/v2\/types\/product"}],"replies":[{"embeddable":true,"href":"https:\/\/stoic-curie.212-227-153-4.plesk.page\/pt\/wp-json\/wp\/v2\/comments?post=747313"}],"version-history":[{"count":0,"href":"https:\/\/stoic-curie.212-227-153-4.plesk.page\/pt\/wp-json\/wp\/v2\/product\/747313\/revisions"}],"wp:featuredmedia":[{"embeddable":true,"href":"https:\/\/stoic-curie.212-227-153-4.plesk.page\/pt\/wp-json\/wp\/v2\/media\/5939289"}],"wp:attachment":[{"href":"https:\/\/stoic-curie.212-227-153-4.plesk.page\/pt\/wp-json\/wp\/v2\/media?parent=747313"}],"wp:term":[{"taxonomy":"product_brand","embeddable":true,"href":"https:\/\/stoic-curie.212-227-153-4.plesk.page\/pt\/wp-json\/wp\/v2\/product_brand?post=747313"},{"taxonomy":"product_cat","embeddable":true,"href":"https:\/\/stoic-curie.212-227-153-4.plesk.page\/pt\/wp-json\/wp\/v2\/product_cat?post=747313"},{"taxonomy":"product_tag","embeddable":true,"href":"https:\/\/stoic-curie.212-227-153-4.plesk.page\/pt\/wp-json\/wp\/v2\/product_tag?post=747313"}],"curies":[{"name":"wp","href":"https:\/\/api.w.org\/{rel}","templated":true}]}}